{"id":34203,"date":"2025-12-14T18:02:58","date_gmt":"2025-12-14T18:02:58","guid":{"rendered":"https:\/\/jaime-suarez.com\/?page_id=34203"},"modified":"2025-12-14T18:05:36","modified_gmt":"2025-12-14T18:05:36","slug":"beca-abogados","status":"publish","type":"page","link":"https:\/\/www.jaime-suarez.com\/es\/beca-abogados\/","title":{"rendered":"La Beca de Su\u00e1rez y Montero Para Futuros Abogados"},"content":{"rendered":"<p>Un t\u00edtulo en derecho es una herramienta poderosa en las manos correctas. Como todos sabemos, el costo de la educaci\u00f3n superior en los Estados Unidos contin\u00faa aumentando a\u00f1o tras a\u00f1o. Los abogados de lesiones personales de Su\u00e1rez y Montero creen que al ayudar a los estudiantes a superar las dificultades financieras asociadas con asistir a la escuela de derecho, podemos ayudarlos a alcanzar sus objetivos acad\u00e9micos y profesionales. Los abogados de accidentes automovil\u00edsticos Su\u00e1rez y Montero, un bufete de abogados de lesiones personales en el sur de Florida, ofrecen una beca de $ 1,500 a estudiantes que actualmente asisten o planean asistir a su primer a\u00f1o de la escuela de leyes en el pr\u00f3ximo semestre de oto\u00f1o. La misi\u00f3n de la Beca Su\u00e1rez y Montero para futuros abogados es motivar a los estudiantes que est\u00e9n interesados en convertirse en abogados para solicitar la admisi\u00f3n a la escuela de leyes y proporcionar apoyo financiero a estos estudiantes para que puedan asistir a la escuela de leyes. La beca 2021 Future Lawyers Scholarship otorgar\u00e1 $ 1,500 a cada becario que actualmente asiste o ha sido aceptado en una escuela de derecho acreditada por ABA.<\/p>\n<p>Requisitos de elegibilidad:<\/p>\n<p>Para ser elegible para recibir la Beca de Abogado Futuro Su\u00e1rez y Montero, un estudiante solicitante debe cumplir con los siguientes requisitos:<\/p>\n<p>\u2022 El solicitante debe ser un estudiante de derecho entrante de primer a\u00f1o (1L) en el a\u00f1o acad\u00e9mico 2021. Los estudiantes de derecho que hayan completado uno o m\u00e1s semestres no son elegibles.<\/p>\n<p>\u2022 El solicitante debe ser ciudadano estadounidense.<\/p>\n<p>\u2022 El solicitante debe poder demostrar que est\u00e1 matriculado a tiempo completo en una escuela de derecho acreditada por la ABA. Los solicitantes que est\u00e1n inscritos a tiempo parcial no son elegibles.<\/p>\n<p>\u2022 El solicitante debe mantener un promedio m\u00ednimo acumulativo de calificaciones de 3.0 o m\u00e1s desde el momento de la presentaci\u00f3n de la solicitud hasta que se otorgue la beca al destinatario.<\/p>\n<p>\u2022 El solicitante seleccionado para recibir la Beca Suarez &amp; Montero para futuros abogados debe demostrar la admisi\u00f3n a un programa de facultad de derecho acreditado por ABA antes de recibir fondos de becas. Los fondos de becas no se administrar\u00e1n sin prueba de aceptaci\u00f3n o inscripci\u00f3n en una escuela de leyes acreditada por ABA.<\/p>\n<h2>Instrucciones Para Completar la Solicitud de Beca<\/h2>\n<p>Para solicitar la beca 2021 Suarez &amp; Montero para futuros abogados, complete los siguientes pasos:<\/p>\n<p><strong>Ensayo<\/strong>: cada solicitante debe presentar un ensayo sobre sus futuros objetivos profesionales en el campo legal. Este ensayo le brinda a cada solicitante la oportunidad de proporcionar informaci\u00f3n adicional que ellos creen que nos ayudar\u00e1 a seleccionar un destinatario de la beca. Cada ensayo debe tener al menos 650 palabras de longitud. \u00a1Esperamos leer sus ensayos!<\/p>\n<p><strong>Transcripci\u00f3n<\/strong>: cada solicitante debe presentar una copia de su transcripci\u00f3n de su colegio o universidad de pregrado. La transcripci\u00f3n debe reflejar el estado acad\u00e9mico actual y un GPA acumulativo de al menos 3.0.<\/p>\n<p><strong>Comprobante de aceptaci\u00f3n o inscripci\u00f3n<\/strong>: cada solicitante debe presentar un comprobante de aceptaci\u00f3n o una inscripci\u00f3n a tiempo completo en una facultad de derecho acreditada por ABA presentando una copia digital de su carta de comprobante de aceptaci\u00f3n completa con membrete de una facultad de derecho acreditada por ABA o un comprobante completo -tiempo de inscripci\u00f3n en una escuela de leyes acreditada por ABA.<\/p>\n<p><strong>Correo electr\u00f3nico<\/strong>: cada solicitante debe enviar un correo electr\u00f3nico a suarezandmonterofax@gmail.com para presentar su solicitud de beca. La l\u00ednea de asunto del correo electr\u00f3nico debe incluir el nombre del solicitante seguido de \u00abBeca 2021 para futuros abogados\u00bb. Por ejemplo: Beca John Doe 2021 para futuros abogados. El cuerpo del correo electr\u00f3nico debe incluir la siguiente informaci\u00f3n de contacto para cada solicitante: nombre legal completo, direcci\u00f3n (incluyendo ciudad y c\u00f3digo postal), n\u00famero de tel\u00e9fono, nombre de la universidad o universidad de pregrado, nombre del solicitante acreditado de ABA que planea asistir o actualmente est\u00e1 inscrito y el promedio de calificaciones (GPA) actual del solicitante. No seguir las instrucciones anteriores puede descalificar su solicitud. NOTA: Cada solicitante debe incluir el ensayo completado de 650 palabras y una copia digital de su carta de aceptaci\u00f3n que verifique el estado de primer a\u00f1o en una escuela de derecho acreditada por ABA o una transcripci\u00f3n que refleje su estado acad\u00e9mico y prueba de inscripci\u00f3n a tiempo completo en una ley acreditada por ABA colegio. Env\u00ede todas las solicitudes y preguntas a: suarezandmonterofax@gmail.com<\/p>\n<h2>Fecha L\u00edmite<\/h2>\n<p>Las solicitudes para la Beca 2021 Su\u00e1rez y Montero para futuros abogados deben presentarse y recibirse o enviarse por correo no m\u00e1s tarde del 1 de mayo de 2021. Recibir\u00e1 un correo electr\u00f3nico de confirmaci\u00f3n al enviarlo. Notificaremos al ganador por correo electr\u00f3nico o una llamada telef\u00f3nica y publicaremos a nuestro ganador en la p\u00e1gina de Instagram y el sitio web de nuestra firma de abogados. Las preguntas relacionadas con el programa de becas o el proceso de solicitud deben dirigirse, preferiblemente por correo electr\u00f3nico a:<a href=\"mailto:suarezandmonterofax@gmail.com\">suarezandmonterofax@gmail.com<\/a>.<\/p>\n","protected":false},"excerpt":{"rendered":"<p>Un t\u00edtulo en derecho es una herramienta poderosa en las manos correctas. Como todos sabemos, el costo de la educaci\u00f3n superior en los Estados Unidos contin\u00faa aumentando a\u00f1o tras a\u00f1o. Los abogados de lesiones personales de Su\u00e1rez y Montero creen que al ayudar a los estudiantes a superar las dificultades financieras asociadas con asistir a [&hellip;]<\/p>\n","protected":false},"author":2,"featured_media":0,"parent":0,"menu_order":0,"comment_status":"closed","ping_status":"closed","template":"","meta":{"footnotes":""},"class_list":["post-34203","page","type-page","status-publish","hentry"],"yoast_head":"<!-- This site is optimized with the Yoast SEO plugin v27.1.1 - https:\/\/yoast.com\/product\/yoast-seo-wordpress\/ -->\n<title>La Beca de Su\u00e1rez y Montero Para Futuros Abogados - Jaime Suarez<\/title>\n<meta name=\"robots\" content=\"index, follow, max-snippet:-1, max-image-preview:large, max-video-preview:-1\" \/>\n<link rel=\"canonical\" href=\"https:\/\/www.jaime-suarez.com\/es\/beca-abogados\/\" \/>\n<meta property=\"og:locale\" content=\"es_ES\" \/>\n<meta property=\"og:type\" content=\"article\" \/>\n<meta property=\"og:title\" content=\"La Beca de Su\u00e1rez y Montero Para Futuros Abogados - Jaime Suarez\" \/>\n<meta property=\"og:description\" content=\"Un t\u00edtulo en derecho es una herramienta poderosa en las manos correctas. Como todos sabemos, el costo de la educaci\u00f3n superior en los Estados Unidos contin\u00faa aumentando a\u00f1o tras a\u00f1o. Los abogados de lesiones personales de Su\u00e1rez y Montero creen que al ayudar a los estudiantes a superar las dificultades financieras asociadas con asistir a [&hellip;]\" \/>\n<meta property=\"og:url\" content=\"https:\/\/www.jaime-suarez.com\/es\/beca-abogados\/\" \/>\n<meta property=\"og:site_name\" content=\"Jaime Suarez\" \/>\n<meta property=\"article:modified_time\" content=\"2025-12-14T18:05:36+00:00\" \/>\n<meta name=\"twitter:card\" content=\"summary_large_image\" \/>\n<meta name=\"twitter:label1\" content=\"Tiempo de lectura\" \/>\n\t<meta name=\"twitter:data1\" content=\"4 minutos\" \/>\n<!-- \/ Yoast SEO plugin. -->","yoast_head_json":{"title":"La Beca de Su\u00e1rez y Montero Para Futuros Abogados - Jaime Suarez","robots":{"index":"index","follow":"follow","max-snippet":"max-snippet:-1","max-image-preview":"max-image-preview:large","max-video-preview":"max-video-preview:-1"},"canonical":"https:\/\/www.jaime-suarez.com\/es\/beca-abogados\/","og_locale":"es_ES","og_type":"article","og_title":"La Beca de Su\u00e1rez y Montero Para Futuros Abogados - Jaime Suarez","og_description":"Un t\u00edtulo en derecho es una herramienta poderosa en las manos correctas. Como todos sabemos, el costo de la educaci\u00f3n superior en los Estados Unidos contin\u00faa aumentando a\u00f1o tras a\u00f1o. Los abogados de lesiones personales de Su\u00e1rez y Montero creen que al ayudar a los estudiantes a superar las dificultades financieras asociadas con asistir a [&hellip;]","og_url":"https:\/\/www.jaime-suarez.com\/es\/beca-abogados\/","og_site_name":"Jaime Suarez","article_modified_time":"2025-12-14T18:05:36+00:00","twitter_card":"summary_large_image","twitter_misc":{"Tiempo de lectura":"4 minutos"},"schema":{"@context":"https:\/\/schema.org","@graph":[{"@type":"WebPage","@id":"https:\/\/www.jaime-suarez.com\/es\/beca-abogados\/","url":"https:\/\/www.jaime-suarez.com\/es\/beca-abogados\/","name":"La Beca de Su\u00e1rez y Montero Para Futuros Abogados - Jaime Suarez","isPartOf":{"@id":"https:\/\/www.jaime-suarez.com\/es\/#website"},"datePublished":"2025-12-14T18:02:58+00:00","dateModified":"2025-12-14T18:05:36+00:00","breadcrumb":{"@id":"https:\/\/www.jaime-suarez.com\/es\/beca-abogados\/#breadcrumb"},"inLanguage":"es","potentialAction":[{"@type":"ReadAction","target":["https:\/\/www.jaime-suarez.com\/es\/beca-abogados\/"]}]},{"@type":"BreadcrumbList","@id":"https:\/\/www.jaime-suarez.com\/es\/beca-abogados\/#breadcrumb","itemListElement":[{"@type":"ListItem","position":1,"name":"Home","item":"https:\/\/www.jaime-suarez.com\/es\/"},{"@type":"ListItem","position":2,"name":"La Beca de Su\u00e1rez y Montero Para Futuros Abogados"}]},{"@type":"WebSite","@id":"https:\/\/www.jaime-suarez.com\/es\/#website","url":"https:\/\/www.jaime-suarez.com\/es\/","name":"Jaime Suarez","description":"Miami Injury Accident Attorney","publisher":{"@id":"https:\/\/www.jaime-suarez.com\/es\/#organization"},"potentialAction":[{"@type":"SearchAction","target":{"@type":"EntryPoint","urlTemplate":"https:\/\/www.jaime-suarez.com\/es\/?s={search_term_string}"},"query-input":{"@type":"PropertyValueSpecification","valueRequired":true,"valueName":"search_term_string"}}],"inLanguage":"es"},{"@type":"Organization","@id":"https:\/\/www.jaime-suarez.com\/es\/#organization","name":"Jaime Suarez","url":"https:\/\/www.jaime-suarez.com\/es\/","logo":{"@type":"ImageObject","inLanguage":"es","@id":"https:\/\/www.jaime-suarez.com\/es\/#\/schema\/logo\/image\/","url":"https:\/\/www.jaime-suarez.com\/wp-content\/uploads\/2025\/11\/jaime-suarez-logo.webp","contentUrl":"https:\/\/www.jaime-suarez.com\/wp-content\/uploads\/2025\/11\/jaime-suarez-logo.webp","width":900,"height":263,"caption":"Jaime Suarez"},"image":{"@id":"https:\/\/www.jaime-suarez.com\/es\/#\/schema\/logo\/image\/"}}]}},"_links":{"self":[{"href":"https:\/\/www.jaime-suarez.com\/es\/wp-json\/wp\/v2\/pages\/34203","targetHints":{"allow":["GET"]}}],"collection":[{"href":"https:\/\/www.jaime-suarez.com\/es\/wp-json\/wp\/v2\/pages"}],"about":[{"href":"https:\/\/www.jaime-suarez.com\/es\/wp-json\/wp\/v2\/types\/page"}],"author":[{"embeddable":true,"href":"https:\/\/www.jaime-suarez.com\/es\/wp-json\/wp\/v2\/users\/2"}],"replies":[{"embeddable":true,"href":"https:\/\/www.jaime-suarez.com\/es\/wp-json\/wp\/v2\/comments?post=34203"}],"version-history":[{"count":1,"href":"https:\/\/www.jaime-suarez.com\/es\/wp-json\/wp\/v2\/pages\/34203\/revisions"}],"predecessor-version":[{"id":34204,"href":"https:\/\/www.jaime-suarez.com\/es\/wp-json\/wp\/v2\/pages\/34203\/revisions\/34204"}],"wp:attachment":[{"href":"https:\/\/www.jaime-suarez.com\/es\/wp-json\/wp\/v2\/media?parent=34203"}],"curies":[{"name":"wp","href":"https:\/\/api.w.org\/{rel}","templated":true}]}}