{"id":34231,"date":"2025-11-25T06:03:53","date_gmt":"2025-11-25T06:03:53","guid":{"rendered":"https:\/\/jaime-suarez.com\/?page_id=34231"},"modified":"2025-12-14T18:25:18","modified_gmt":"2025-12-14T18:25:18","slug":"politica-de-privacidad","status":"publish","type":"page","link":"https:\/\/www.jaime-suarez.com\/es\/politica-de-privacidad\/","title":{"rendered":"Pol\u00edtica de privacidad"},"content":{"rendered":"<h2>Politica de Privacidad de Jaime Suarez<\/h2>\n<p>Si necesita m\u00e1s informaci\u00f3n o tiene alguna pregunta sobre nuestra pol\u00edtica de privacidad, no dude en contactarnos por correo electr\u00f3nico en <a href=\"https:\/\/jaime-suarez.com\/es\/contactenos\/\">https:\/\/jaime-suarez.com\/es\/contactenos\/<\/a><\/p>\n<p>En <a href=\"https:\/\/jaime-suarez.com\/es\/\">https:\/\/jaime-suarez.com\/es\/<\/a> consideramos que la privacidad de nuestros visitantes es extremadamente importante. Este documento de pol\u00edtica de privacidad describe en detalle los tipos de informaci\u00f3n personal que se recopila y registra en https:\/\/jaime-suarez.com\/es\/ y c\u00f3mo la usamos.<\/p>\n<h2>Archivos de registro<\/h2>\n<p>Como muchos otros sitios web, <a href=\"https:\/\/jaime-suarez.com\/es\/\">https:\/\/jaime-suarez.com\/es\/<\/a> hace uso de archivos de registro. Estos archivos simplemente registran a los visitantes en el sitio, generalmente un procedimiento est\u00e1ndar para las empresas de alojamiento y una parte de los an\u00e1lisis de los servicios de alojamiento. La informaci\u00f3n dentro de los archivos de registro incluye direcciones de protocolo de Internet (IP), tipo de navegador, proveedor de servicios de Internet (ISP), marca de fecha \/ hora, p\u00e1ginas de referencia \/ salida y posiblemente el n\u00famero de clics. Esta informaci\u00f3n se utiliza para analizar tendencias, administrar el sitio, rastrear el movimiento de los usuarios en el sitio y recopilar informaci\u00f3n demogr\u00e1fica. Las direcciones IP y otra informaci\u00f3n similar no est\u00e1n vinculadas a ninguna informaci\u00f3n que sea personalmente identificable.<\/p>\n<h2>Cookies y web beacons<\/h2>\n<p><a href=\"https:\/\/jaime-suarez.com\/es\/\">https:\/\/jaime-suarez.com\/es\/<\/a> utiliza cookies para almacenar informaci\u00f3n sobre las preferencias de los visitantes, para registrar informaci\u00f3n espec\u00edfica del usuario sobre a qu\u00e9 p\u00e1ginas accede o visita el visitante del sitio, y para personalizar o personalizar el contenido de nuestra p\u00e1gina web seg\u00fan los visitantes. tipo de navegador u otra informaci\u00f3n que el visitante env\u00eda a trav\u00e9s de su navegador.<\/p>\n<h2>Cookie DART de DoubleClick<\/h2>\n<p>\u2192Google, como proveedor externo, utiliza cookies para publicar anuncios en https:\/\/jaime-suarez.com\/es\/.<br \/>\n\u2192Google\u2019s use of the DART cookie enables it to serve ads to our site\u2019s visitors based upon their visit to https:\/\/jaime-suarez.com\/es\/ and other sites on the Internet.<br \/>\n\u2192 Los usuarios pueden optar por no usar la cookie de DART visitando la pol\u00edtica de privacidad de la red de contenido y anuncios de Google en la siguiente URL \u2013 <a href=\"http:\/\/www.google.com\/privacy_ads.html\">http:\/\/www.google.com\/privacy_ads.html<\/a><\/p>\n<h2>Nuestros Socios Publicitarios<\/h2>\n<p>Algunos de nuestros socios publicitarios pueden utilizar cookies y balizas web en nuestro sitio. Nuestros socios publicitarios incluyen \u2026\u2026.<\/p>\n<p>Si bien cada uno de estos socios publicitarios tiene su propia Pol\u00edtica de privacidad para su sitio, aqu\u00ed se mantiene un recurso actualizado e hipervinculado: <a href=\"http:\/\/www.privacypolicyonline.com\/privacy-policies\/\">Pol\u00edticas de privacidad<\/a>.<\/p>\n<p>Puede consultar esta lista para encontrar la pol\u00edtica de privacidad de cada uno de los socios publicitarios de https:\/\/jaime-suarez.com\/es\/.<\/p>\n<p>Estos servidores publicitarios o redes publicitarias de terceros utilizan la tecnolog\u00eda en sus respectivos anuncios y enlaces que aparecen en https:\/\/jaime-suarez.com\/es\/ y que se env\u00edan directamente a su navegador. Reciben autom\u00e1ticamente su direcci\u00f3n IP cuando esto ocurre. Las redes de publicidad de terceros de nuestro sitio tambi\u00e9n pueden usar otras tecnolog\u00edas (como cookies, JavaScript o balizas web) para medir la efectividad de sus campa\u00f1as publicitarias y \/ o para personalizar el contenido publicitario que usted ve en el sitio.<\/p>\n<p>https:\/\/jaime-suarez.com\/es\/ no tiene acceso ni control sobre estas cookies que utilizan los anunciantes de terceros.<\/p>\n<p>http:\/\/www.google.com\/privacy_ads.html<\/p>\n<h2>Pol\u00edticas de privacidad de terceros<\/h2>\n<p>Debe consultar las pol\u00edticas de privacidad respectivas de estos servidores de anuncios de terceros para obtener informaci\u00f3n m\u00e1s detallada sobre sus pr\u00e1cticas, as\u00ed como para obtener instrucciones sobre c\u00f3mo optar por no participar en ciertas pr\u00e1cticas. La pol\u00edtica de privacidad de https: \/\/jaime-suarez.com no se aplica a, y no podemos controlar las actividades de, otros anunciantes o sitios web. Puede encontrar una lista completa de estas pol\u00edticas de privacidad y sus enlaces aqu\u00ed: Enlaces de la pol\u00edtica de privacidad.<\/p>\n<p>Si desea desactivar las cookies, puede hacerlo a trav\u00e9s de las opciones de su navegador individual. Puede encontrar informaci\u00f3n m\u00e1s detallada sobre la administraci\u00f3n de cookies con navegadores web espec\u00edficos en los sitios web respectivos de los navegadores. <a href=\"http:\/\/www.privacypolicyonline.com\/what-are-cookies\">\u00bfQu\u00e9 son las cookies?<\/a><\/p>\n<h2>Informacion infantil<\/h2>\n<p>Creemos que es importante proporcionar protecci\u00f3n adicional para los ni\u00f1os en l\u00ednea. Alentamos a los padres y tutores a pasar tiempo en l\u00ednea con sus hijos para observar, participar y \/ o monitorear y guiar su actividad en l\u00ednea.<br \/>\n<a href=\"https:\/\/jaime-suarez.com\/es\/\">https:\/\/jaime-suarez.com\/es\/<\/a> no recopila a sabiendas informaci\u00f3n personal identificable de ni\u00f1os menores de 13 a\u00f1os. Si un padre o tutor cree que <a href=\"https:\/\/jaime-suarez.com\">https:\/\/jaime-suarez.com<\/a> tiene en su base de datos el Informaci\u00f3n de identificaci\u00f3n personal de un ni\u00f1o menor de 13 a\u00f1os, cont\u00e1ctenos de inmediato (usando el contacto en el primer p\u00e1rrafo) y haremos todo lo posible para eliminar r\u00e1pidamente dicha informaci\u00f3n de nuestros registros.<\/p>\n<h2>Pol\u00edtica de privacidad en l\u00ednea solamente<\/h2>\n<p>Esta pol\u00edtica de privacidad se aplica solo a nuestras actividades en l\u00ednea y es v\u00e1lida para los visitantes de nuestro sitio web y con respecto a la informaci\u00f3n compartida y \/ o recopilada all\u00ed.<br \/>\nEsta pol\u00edtica no se aplica a ninguna informaci\u00f3n recopilada fuera de l\u00ednea o a trav\u00e9s de canales que no sean este sitio web.<\/p>\n<h2>Consentimiento<\/h2>\n<p>Al utilizar nuestro sitio web, usted acepta nuestra pol\u00edtica de privacidad y acepta sus t\u00e9rminos.<\/p>\n<h2>Actualizar<\/h2>\n<p>Esta Pol\u00edtica de privacidad se actualiz\u00f3 por \u00faltima vez el lunes 28 de agosto de 2019.<br \/>\nSi actualizamos, modificamos o hacemos cambios a nuestra pol\u00edtica de privacidad, dichos cambios se publicar\u00e1n aqu\u00ed.<\/p>\n","protected":false},"excerpt":{"rendered":"<p>Politica de Privacidad de Jaime Suarez Si necesita m\u00e1s informaci\u00f3n o tiene alguna pregunta sobre nuestra pol\u00edtica de privacidad, no dude en contactarnos por correo electr\u00f3nico en https:\/\/jaime-suarez.com\/es\/contactenos\/ En https:\/\/jaime-suarez.com\/es\/ consideramos que la privacidad de nuestros visitantes es extremadamente importante. Este documento de pol\u00edtica de privacidad describe en detalle los tipos de informaci\u00f3n personal que [&hellip;]<\/p>\n","protected":false},"author":2,"featured_media":0,"parent":0,"menu_order":0,"comment_status":"closed","ping_status":"open","template":"","meta":{"footnotes":""},"class_list":["post-34231","page","type-page","status-publish","hentry"],"yoast_head":"<!-- This site is optimized with the Yoast SEO plugin v27.1.1 - https:\/\/yoast.com\/product\/yoast-seo-wordpress\/ -->\n<title>Pol\u00edtica de privacidad - Jaime Su\u00e1rez<\/title>\n<meta name=\"description\" content=\"Politica de Privacidad de Jaime Suarez Si necesita m\u00e1s informaci\u00f3n o tiene alguna pregunta sobre nuestra pol\u00edtica de privacidad, no dude en contactarnos\" \/>\n<meta name=\"robots\" content=\"index, follow, max-snippet:-1, max-image-preview:large, max-video-preview:-1\" \/>\n<link rel=\"canonical\" href=\"https:\/\/www.jaime-suarez.com\/es\/politica-de-privacidad\/\" \/>\n<meta property=\"og:locale\" content=\"es_ES\" \/>\n<meta property=\"og:type\" content=\"article\" \/>\n<meta property=\"og:title\" content=\"Pol\u00edtica de privacidad - Jaime Su\u00e1rez\" \/>\n<meta property=\"og:description\" content=\"Politica de Privacidad de Jaime Suarez Si necesita m\u00e1s informaci\u00f3n o tiene alguna pregunta sobre nuestra pol\u00edtica de privacidad, no dude en contactarnos\" \/>\n<meta property=\"og:url\" content=\"https:\/\/www.jaime-suarez.com\/es\/politica-de-privacidad\/\" \/>\n<meta property=\"og:site_name\" content=\"Jaime Suarez\" \/>\n<meta property=\"article:modified_time\" content=\"2025-12-14T18:25:18+00:00\" \/>\n<meta name=\"twitter:card\" content=\"summary_large_image\" \/>\n<meta name=\"twitter:label1\" content=\"Tiempo de lectura\" \/>\n\t<meta name=\"twitter:data1\" content=\"4 minutos\" \/>\n<!-- \/ Yoast SEO plugin. -->","yoast_head_json":{"title":"Pol\u00edtica de privacidad - Jaime Su\u00e1rez","description":"Politica de Privacidad de Jaime Suarez Si necesita m\u00e1s informaci\u00f3n o tiene alguna pregunta sobre nuestra pol\u00edtica de privacidad, no dude en contactarnos","robots":{"index":"index","follow":"follow","max-snippet":"max-snippet:-1","max-image-preview":"max-image-preview:large","max-video-preview":"max-video-preview:-1"},"canonical":"https:\/\/www.jaime-suarez.com\/es\/politica-de-privacidad\/","og_locale":"es_ES","og_type":"article","og_title":"Pol\u00edtica de privacidad - Jaime Su\u00e1rez","og_description":"Politica de Privacidad de Jaime Suarez Si necesita m\u00e1s informaci\u00f3n o tiene alguna pregunta sobre nuestra pol\u00edtica de privacidad, no dude en contactarnos","og_url":"https:\/\/www.jaime-suarez.com\/es\/politica-de-privacidad\/","og_site_name":"Jaime Suarez","article_modified_time":"2025-12-14T18:25:18+00:00","twitter_card":"summary_large_image","twitter_misc":{"Tiempo de lectura":"4 minutos"},"schema":{"@context":"https:\/\/schema.org","@graph":[{"@type":"WebPage","@id":"https:\/\/www.jaime-suarez.com\/es\/politica-de-privacidad\/","url":"https:\/\/www.jaime-suarez.com\/es\/politica-de-privacidad\/","name":"Pol\u00edtica de privacidad - Jaime Su\u00e1rez","isPartOf":{"@id":"https:\/\/www.jaime-suarez.com\/es\/#website"},"datePublished":"2025-11-25T06:03:53+00:00","dateModified":"2025-12-14T18:25:18+00:00","description":"Politica de Privacidad de Jaime Suarez Si necesita m\u00e1s informaci\u00f3n o tiene alguna pregunta sobre nuestra pol\u00edtica de privacidad, no dude en contactarnos","breadcrumb":{"@id":"https:\/\/www.jaime-suarez.com\/es\/politica-de-privacidad\/#breadcrumb"},"inLanguage":"es","potentialAction":[{"@type":"ReadAction","target":["https:\/\/www.jaime-suarez.com\/es\/politica-de-privacidad\/"]}]},{"@type":"BreadcrumbList","@id":"https:\/\/www.jaime-suarez.com\/es\/politica-de-privacidad\/#breadcrumb","itemListElement":[{"@type":"ListItem","position":1,"name":"Home","item":"https:\/\/www.jaime-suarez.com\/es\/"},{"@type":"ListItem","position":2,"name":"Pol\u00edtica de privacidad"}]},{"@type":"WebSite","@id":"https:\/\/www.jaime-suarez.com\/es\/#website","url":"https:\/\/www.jaime-suarez.com\/es\/","name":"Jaime Suarez","description":"Miami Injury Accident Attorney","publisher":{"@id":"https:\/\/www.jaime-suarez.com\/es\/#organization"},"potentialAction":[{"@type":"SearchAction","target":{"@type":"EntryPoint","urlTemplate":"https:\/\/www.jaime-suarez.com\/es\/?s={search_term_string}"},"query-input":{"@type":"PropertyValueSpecification","valueRequired":true,"valueName":"search_term_string"}}],"inLanguage":"es"},{"@type":"Organization","@id":"https:\/\/www.jaime-suarez.com\/es\/#organization","name":"Jaime Suarez","url":"https:\/\/www.jaime-suarez.com\/es\/","logo":{"@type":"ImageObject","inLanguage":"es","@id":"https:\/\/www.jaime-suarez.com\/es\/#\/schema\/logo\/image\/","url":"https:\/\/www.jaime-suarez.com\/wp-content\/uploads\/2025\/11\/jaime-suarez-logo.webp","contentUrl":"https:\/\/www.jaime-suarez.com\/wp-content\/uploads\/2025\/11\/jaime-suarez-logo.webp","width":900,"height":263,"caption":"Jaime Suarez"},"image":{"@id":"https:\/\/www.jaime-suarez.com\/es\/#\/schema\/logo\/image\/"}}]}},"_links":{"self":[{"href":"https:\/\/www.jaime-suarez.com\/es\/wp-json\/wp\/v2\/pages\/34231","targetHints":{"allow":["GET"]}}],"collection":[{"href":"https:\/\/www.jaime-suarez.com\/es\/wp-json\/wp\/v2\/pages"}],"about":[{"href":"https:\/\/www.jaime-suarez.com\/es\/wp-json\/wp\/v2\/types\/page"}],"author":[{"embeddable":true,"href":"https:\/\/www.jaime-suarez.com\/es\/wp-json\/wp\/v2\/users\/2"}],"replies":[{"embeddable":true,"href":"https:\/\/www.jaime-suarez.com\/es\/wp-json\/wp\/v2\/comments?post=34231"}],"version-history":[{"count":1,"href":"https:\/\/www.jaime-suarez.com\/es\/wp-json\/wp\/v2\/pages\/34231\/revisions"}],"predecessor-version":[{"id":34232,"href":"https:\/\/www.jaime-suarez.com\/es\/wp-json\/wp\/v2\/pages\/34231\/revisions\/34232"}],"wp:attachment":[{"href":"https:\/\/www.jaime-suarez.com\/es\/wp-json\/wp\/v2\/media?parent=34231"}],"curies":[{"name":"wp","href":"https:\/\/api.w.org\/{rel}","templated":true}]}}