{"id":35172,"date":"2026-01-24T03:32:25","date_gmt":"2026-01-24T03:32:25","guid":{"rendered":"https:\/\/jaime-suarez.com\/?page_id=35172"},"modified":"2026-01-24T04:40:45","modified_gmt":"2026-01-24T04:40:45","slug":"mas-vale-prevenir-que-lamentar","status":"publish","type":"page","link":"https:\/\/www.jaime-suarez.com\/es\/abogado-de-accidentes-automovilisticos-en-miami\/mas-vale-prevenir-que-lamentar\/","title":{"rendered":"M\u00e1s vale prevenir que lamentar"},"content":{"rendered":"\t\t<div data-elementor-type=\"wp-page\" data-elementor-id=\"35172\" class=\"elementor elementor-35172 elementor-35169\" data-elementor-post-type=\"page\">\n\t\t\t\t<div class=\"elementor-element elementor-element-e3bc01e e-flex e-con-boxed e-con e-parent\" data-id=\"e3bc01e\" data-element_type=\"container\" data-e-type=\"container\">\n\t\t\t\t\t<div class=\"e-con-inner\">\n\t\t\t\t<div class=\"elementor-element elementor-element-766908f elementor-widget elementor-widget-text-editor\" data-id=\"766908f\" data-element_type=\"widget\" data-e-type=\"widget\" data-widget_type=\"text-editor.default\">\n\t\t\t\t\t\t\t\t\t<p>Con m\u00e1s de 30,000 accidentes automovil\u00edsticos registrados en el estado de Florida, las personas han sufrido grandes p\u00e9rdidas como resultado de conductores negligentes por estos accidentes. Como tal, parece l\u00f3gico que Miami ocupe el puesto 9 en las 25 ciudades con los peores conductores, seg\u00fan los estudios de la aseguradora Allstate en el 2012. Con esto en mente, nuestros abogados en Suarez &amp; Montero han trabajado en m\u00faltiples casos relacionados con accidentes y han ganado la experiencia necesaria para maximizar la compensaci\u00f3n y la justicia que su p\u00e9rdida merece.<\/p><h2>\u00c1reas de practica<\/h2><p>Adem\u00e1s de otros servicios, Jaime Su\u00e1rez y Andr\u00e9s Montero son dos de los abogados l\u00edderes en accidentes automovil\u00edsticos y lesiones personales en Miami. Tambi\u00e9n se destacan en la gesti\u00f3n de todo tipo de casos relacionados con accidentes automovil\u00edsticos. Este tipo de casos incluyen:<\/p><ul><li>Colisiones frontales<\/li><li>Colisiones laterales<\/li><li>Colisiones traseras<\/li><li>Conductores que se dan a la fuga<\/li><li>Accidentes automovil\u00edsticos DUI y DWI<\/li><li>Choques por fallas mec\u00e1nicas<\/li><\/ul><h2>Medidas de Precauci\u00f3n<\/h2><p>Los accidentes en Florida son muy comunes; sin embargo, hay formas de minimizarlos y prevenirlos. Una de las cosas m\u00e1s importantes para recordar es usar el cintur\u00f3n de seguridad en todo momento cuando el veh\u00edculo est\u00e9 en movimiento. Diversos estudios e investigaciones han podido demostrar que usar el cintur\u00f3n de seguridad puede ayudarlo a aumentar sus probabilidades de sobrevivir despu\u00e9s de un accidente automovil\u00edstico. Adem\u00e1s, un conductor en el Estado de Florida puede recibir una citaci\u00f3n por conducir sin el cintur\u00f3n de seguridad y no cerciorarse que los pasajeros en el autom\u00f3vil usen uno tambi\u00e9n, incluso si un accidente no ha sucedido. Como dice el refr\u00e1n, \u00abAbrochado o multado\u00bb.<\/p><p>Por otro lado, un error com\u00fan que comete un conductor es no mantenerse calmado despu\u00e9s de un accidente. A menudo, esto provoca que los conductores act\u00faen irracionalmente, huyan del sitio del accidente y no documenten los detalles del choque. Aunque puede ser dif\u00edcil recordar estos pasos despu\u00e9s de un accidente, toda esta informaci\u00f3n ser\u00e1 una evidencia \u00fatil para sus abogados cuando investigue su accidente. Y recuerde, sus tel\u00e9fonos celulares pueden ser una gran ventaja para obtener y documentar la informaci\u00f3n que se necesitar\u00e1 para llevar a cabo cualquier acci\u00f3n legal contra la otra parte.<\/p><p>Si usted o su ser querido han sido v\u00edctimas de un conductor negligente, comun\u00edquese con nuestros abogados en Suarez y Montero. Tenemos la experiencia para manejar su caso.<\/p><h2>\u00a1Ponte el cinturo\u0301n de seguridad!<\/h2><p>Una de las formas ma\u0301s fa\u0301ciles y efectivas de aumentar la expectativa de vida, y mejorar el nivel general de seguridad automotriz, es la de abrocharse el cinturo\u0301n. Dicho de otro modo, los ocupantes de los vehi\u0301culos automotrices que no utilizan sus cinturones de seguridad aumentan significativamente el riesgo de sufrir lesiones graves o de muerte en situaciones de accidente. Por estas razones, los fabricantes de automo\u0301viles comenzaron a equipar algunos vehi\u0301culos con cinturones de seguridad en la de\u0301cada de 1950, las legislaturas estatales empezaron a exigir a los fabricantes instalar cinturones de seguridad en automo\u0301viles a principios de la de\u0301cada de 1960, y, por 1966, la industria automotriz comenzo\u0301 a equipar toda la flota de automo\u0301viles con cinturones de seguridad.<\/p><h2>La defensa del cinturo\u0301n de seguridad en Florida<\/h2><p>La evidencia de la falta de uso de un cinturo\u0301n de seguridad disponible puede ser debidamente considerada por un jurado en la evaluacio\u0301n de dan\u0303os cuando la evidencia muestra que la falta de uso del cinturo\u0301n de seguridad producido o contribuyo\u0301 sustancialmente a producir al menos una porcio\u0301n de los dan\u0303os. La defensa del cinturo\u0301n de seguridad es aplicable en el caso de los pasajeros del asiento trasero que no pueden utilizar los cinturones de seguridad disponibles tambie\u0301n. La defensa del cinturo\u0301n de seguridad solo puede presentarse cuando exista evidencia competente de que el hecho de no utilizarlo tiene relacio\u0301n causal con las lesiones del demandante. Adema\u0301s, para que el jurado tenga permiso para considerar la defensa del cinturo\u0301n de seguridad, debe haber sido especi\u0301ficamente suplicar. Sin embargo, el demandado tiene la carga inicial de presentar pruebas competentes de que el vehi\u0301culo del demandante conteni\u0301a cinturones de seguridad que podri\u0301an haber sido utilizados. Estas pruebas demuestran prima facie que los cinturones de seguridad eran operacionales. Un demandante puede presentar pruebas competentes para refutan las pruebas presentadas por el demandado. Mientras que la discusio\u0301n<br \/>a este punto se ha preocupado por el fracaso de un conductor para llevar un cinturo\u0301n de seguridad, el fracaso de un padre para abrochar a un nin\u0303o en un asiento de retencio\u0301n de nin\u0303os lo\u0301gicamente puede bar o reducir la demanda de los padres para los gastos me\u0301dicos y otros dan\u0303os derivados derivados de lesio\u0301n al nin\u0303o en la misma medida que si el padre no hubiera podido usar su propio cinturo\u0301n de seguridad. Sin embargo, el reclamo del nin\u0303o por lesiones no debe, por supuesto, verse afectado por la incapacidad de los padres para desempen\u0303ar sus deberes parentales.<\/p><h2>Accidentes de carrera y accidente en Florida<\/h2><p>Estar involucrado en un accidente automovili\u0301stico es lo suficientemente estresante, incluso cuando ambas partes intercambian informacio\u0301n del seguro. \u00bfPero que\u0301 pasa si has sido vi\u0301ctima de un atropello y huir? De acuerdo con el Departamento de seguridad vial y vehi\u0301culos de motor (\u00abFLHSMV\u00bb), en 2018, habi\u0301a ma\u0301s de 101.151 golpes y correr accidentes en todo el estado de Florida. En Florida, un golpe y carrera se puede cobrar como un delito menor o una infraccio\u0301n (dependiendo de las circunstancias del accidente). Dejar la escena de un accidente causando so\u0301lo dan\u0303os a la propiedad se considera un delito menor de segundo grado y se castiga con hasta 60 di\u0301as en la ca\u0301rcel del Condado y\/o una multa de $500. Si el accidente resulta en una fatalidad, hay un mi\u0301nimo obligatorio de 4 an\u0303os para un conductor de convictos de salir de la escena. Entender que\u0301 hacer en caso de accidente y co\u0301mo funciona el proceso ayudara\u0301 a aliviar parte del estre\u0301s que implica cada uno de los accidentes.<\/p><h2>Preguntas frecuentes<\/h2><h3>\u00bfQue\u0301 pasa si mi cinturo\u0301n de seguridad o airbag causo\u0301 mi accidente?<\/h3><p>Aparte de la responsabilidad derivada del uso negligente de un automo\u0301vil, se deben considerar otras reclamaciones y causas de accio\u0301n. Por ejemplo, si te lesiono\u0301 un cinturo\u0301n de seguridad o un airbag defectuoso, es posible que tengas una reclamacio\u0301n contra el fabricante del vehi\u0301culo. Se debe considerar cuidadosamente las posibles reclamaciones contra el fabricante del vehi\u0301culo o neuma\u0301ticos (el llamado caso de \u00abcrashsolvencia\u00bb), el taller de taller o reparacio\u0301n, el contratista y la agencia estatal o federal responsable del disen\u0303o o mantenimiento de la carretera, y los duen\u0303os de propiedades adyacentes que pueden haber creado la condicio\u0301n que causo\u0301 o contribuyo\u0301 al accidente.<\/p><h3>\u00bfQue\u0301 sucede si la cobertura PIP es insuficiente para cubrir mis dan\u0303os?<\/h3><p>Si la cobertura de PIP es insuficiente o no esta\u0301 disponible para usted y el causante dan\u0303o tiene poca o ninguna cobertura de responsabilidad, podemos buscar una fuente adicional de cobertura bajo su po\u0301liza de automovilista sin seguro. La cobertura de automovilista (UM) sin seguro\/no asegurado es excesiva sobre cualquier cobertura de responsabilidad que el causante dan\u0303o pueda tener.Si se estabasen un vehi\u0301culo alquilado o arrendado, es importante determinar no so\u0301lo que\u0301 cobertura existi\u0301a, sino tambie\u0301n que\u0301 cobertura se solicito\u0301 en el momento en que se alquilo\u0301 o alquilo\u0301 el vehi\u0301culo, lo que se indico\u0301 en el contrato de alquiler, y que\u0301 representaciones relativas a la cobertura se realizaron por los agentes y empleados del arrendador.<\/p><h3>\u00bfCo\u0301mo funciona la regla de la fuente de colateral en Florida?<\/h3><p>Bajo la ley de Florida, si usted ha recibido pagos de fuentes colaterales como compensacio\u0301n por las pe\u0301rdidas sufridas en un accidente automovili\u0301stico, el proveedor de esos pagos debe ser notificado de su intencio\u0301n de presentar una demanda por dan\u0303os y perjuicios. Las fuentes colaterales se consideran pagos que se realizan en su nombre por o bajo la seguridad social; programas pu\u0301blicos que proporcionan gastos me\u0301dicos, pagos por incapacidad, seguro de salud; seguro de incapacidad; o un seguro de accidentes automovili\u0301sticos que proporcione beneficios de salud o cobertura por incapacidad de ingresos; o beneficios similares, excluyendo compensacio\u0301n de trabajadores, Medicare o Medicaid. Si esto se aplica a su caso, le enviaremos a los proveedores de fuentes de garanti\u0301a un aviso de su intencio\u0301n de reclamar dan\u0303os y perjuicios contra la parte culpable. La notificacio\u0301n debe indicar claramente que el proveedor de la fuente de garanti\u0301a renuncia a cualquier derecho de subrogacio\u0301n o reembolso, a menos que, dentro de los 30 di\u0301as posteriores a la recepcio\u0301n de la notificacio\u0301n, proporcione una declaracio\u0301n que afirme el pago de los beneficios y el derecho a subrogacio\u0301n o reembolso por dichos pagos.<\/p><h2>Estatuto de limitaciones en Florida<\/h2><p>Dado que Florida es un estado sin culpa, so\u0301lo puede perseguir un reclamo legal de lesiones personales contra un conductor de la culpa en caso de un accidente grave. La fecha li\u0301mite (o \u00abestatuto de limitaciones\u00bb) para la presentacio\u0301n de una queja personal o de dan\u0303os a la propiedad es de cuatro an\u0303os a partir del accidente automovili\u0301stico (SEC. 95.11 (3)). Navegar por el sistema de seguro sin culpa de Florida y cuando se aplica puede ser complicado, y podri\u0301a haber mucho en juego si el accidente causo\u0301 lesiones graves. Tener un abogado argumentar su caso contra la compan\u0303i\u0301a de seguros puede hacer una gran diferencia durante las negociaciones de liquidacio\u0301n.<\/p><p>Las oficinas legales de Suarez &amp; Montero abogados de accidentes automovili\u0301sticos representa vi\u0301ctimas de accidentes lesionados en varios tipos de accidentes, incluyendo:<\/p>\t\t\t\t\t\t\t\t<\/div>\n\t\t<div class=\"elementor-element elementor-element-bd18789 e-con-full e-flex e-con e-child\" data-id=\"bd18789\" data-element_type=\"container\" data-e-type=\"container\">\n\t\t\t\t<div class=\"elementor-element elementor-element-11ace34 elementor-widget elementor-widget-text-editor\" data-id=\"11ace34\" data-element_type=\"widget\" data-e-type=\"widget\" data-widget_type=\"text-editor.default\">\n\t\t\t\t\t\t\t\t\t\n<ul>\n<li><a href=\"https:\/\/jaime-suarez.com\/es\/abogado-de-accidentes-de-conduccion-distraido-miami\/\">Abogados de Accidentes de Conducci\u00f3n Distra\u00eddos<\/a><\/li>\n<li><a href=\"https:\/\/jaime-suarez.com\/es\/abogado-de-accidente-de-conducir-ebrio-miami\/\">Accidentes de Conducci\u00f3n Borrachos<\/a><\/li>\n<li><a href=\"https:\/\/jaime-suarez.com\/es\/abogados-de-accidentes-de-violencia-vial-miami\/\">Accidentes Automovil\u00edsticos de rabia de Carretera<\/a><\/li>\n<li><a href=\"https:\/\/jaime-suarez.com\/es\/abogado-en-colisiones-frontales-miami\/\">Colisiones de Frente<\/a><\/li>\n<li>Accidentes de rollover<\/li>\n<li><a href=\"https:\/\/jaime-suarez.com\/es\/abogados-de-accidentes-con-colision-trasera-en-miami\/\">Accidentes Automovil\u00edsticos Traseros<\/a><\/li>\n<li><a href=\"https:\/\/jaime-suarez.com\/es\/abogado-de-accidentes-de-giro-a-la-izquierda-en-miami\/\">Accidentes de giro a la izquierda<\/a><\/li>\n<li><a href=\"https:\/\/jaime-suarez.com\/es\/abogado-de-accidente-de-t-bone-en-miami\/\">Accidentes Automovil\u00edsticos de T-Bone<\/a><\/li>\n<\/ul>\t\t\t\t\t\t\t\t<\/div>\n\t\t\t\t<div class=\"elementor-element elementor-element-4c20dc0 elementor-widget elementor-widget-text-editor\" data-id=\"4c20dc0\" data-element_type=\"widget\" data-e-type=\"widget\" data-widget_type=\"text-editor.default\">\n\t\t\t\t\t\t\t\t\t\n<ul>\n<li><a href=\"https:\/\/jaime-suarez.com\/es\/abogados-de-accidentes-de-transito-en-miami\/\">Incapacidad para Producir Accidentes Automovil\u00edsticos<\/a><\/li>\n<li><a href=\"https:\/\/jaime-suarez.com\/es\/abogados-de-accidentes-de-impacto-lateral-en-miami\/\">Accidentes de Sideswipe<\/a><\/li>\n<li><a href=\"https:\/\/jaime-suarez.com\/es\/abogado-de-accidentes-de-atv-en-miami\/\">Accidentes de ATV<\/a><\/li>\n<li><a href=\"https:\/\/jaime-suarez.com\/es\/abogados-de-accidentes-causados-por-cambio-de-carril-en-miami\/\">Accidentes de Cambio de Carril<\/a><\/li>\n<li><a href=\"https:\/\/jaime-suarez.com\/es\/abogados-de-accidentes-en-zonas-de-construccion-en-miami\/\">Accidentes de Veh\u00edculos de la Zona de Construcci\u00f3n<\/a><\/li>\n<li><a href=\"https:\/\/jaime-suarez.com\/es\/abogado-miami-accidentes-uber\/\">Uber Accidentes<\/a><\/li>\n<li><a href=\"https:\/\/jaime-suarez.com\/es\/abogado-de-accidentes-de-camion-en-miami\/\">Accidentes de Camiones<\/a><\/li>\n<li><a href=\"https:\/\/jaime-suarez.com\/es\/abogado-de-accidentes-de-semi-camiones-en-miami\/\">Accidentes de Semi-Cami\u00f3n<\/a><\/li>\n<li><a href=\"https:\/\/jaime-suarez.com\/es\/abogado-de-accidentes-de-bicicletas-en-miami\/\">Accidentes de Bicicleta<\/a><\/li>\n<li><a href=\"https:\/\/jaime-suarez.com\/es\/abogados-de-accidentes-de-tren-en-miami\/\">Accidentes de Tren<\/a><\/li>\n<li><a href=\"https:\/\/jaime-suarez.com\/es\/abogado-de-accidentes-de-peatones-en-miami\/\">Accidentes Peatonales<\/a><\/li>\n<li><a href=\"https:\/\/jaime-suarez.com\/es\/abogado-de-accidentes-de-navegacion-en-miami\/\">Accidentes de Navegaci\u00f3n<\/a><\/li>\n<\/ul>\t\t\t\t\t\t\t\t<\/div>\n\t\t\t\t<\/div>\n\t\t\t\t<div class=\"elementor-element elementor-element-1c0b977 elementor-widget elementor-widget-text-editor\" data-id=\"1c0b977\" data-element_type=\"widget\" data-e-type=\"widget\" data-widget_type=\"text-editor.default\">\n\t\t\t\t\t\t\t\t\t<p>Un abogado de lesiones personales puede seguramente ayudarle a navegar el complejo proceso de reclamo y liquidacio\u0301n de seguros. Los abogados de los accidentes automovili\u0301sticos de Suarez &amp; Montero pueden guiarlo a trave\u0301s del proceso porque tenemos experiencia y estamos muy dedicados a nuestros clientes. Nuestra misio\u0301n es proteger los derechos de nuestros clientes y obtener la ma\u0301s alta compensacio\u0301n y atencio\u0301n me\u0301dica para nuestros clientes.<\/p>\t\t\t\t\t\t\t\t<\/div>\n\t\t\t\t<div class=\"elementor-element elementor-element-a79f239 elementor-widget elementor-widget-shortcode\" data-id=\"a79f239\" data-element_type=\"widget\" data-e-type=\"widget\" data-widget_type=\"shortcode.default\">\n\t\t\t\t\t\t\t<div class=\"elementor-shortcode\">\t\t<div data-elementor-type=\"section\" data-elementor-id=\"975\" class=\"elementor elementor-975 elementor-306 elementor-306\" data-elementor-post-type=\"elementor_library\">\n\t\t\t<div class=\"elementor-element elementor-element-a25f0aa e-flex e-con-boxed e-con e-parent\" data-id=\"a25f0aa\" data-element_type=\"container\" data-e-type=\"container\">\n\t\t\t\t\t<div class=\"e-con-inner\">\n\t\t<div class=\"elementor-element elementor-element-0a0bfeb e-con-full e-flex e-con e-child\" data-id=\"0a0bfeb\" data-element_type=\"container\" data-e-type=\"container\" data-settings=\"{&quot;background_background&quot;:&quot;classic&quot;}\">\n\t\t\t\t<div class=\"elementor-element elementor-element-09b7519 elementor-widget elementor-widget-text-editor\" data-id=\"09b7519\" data-element_type=\"widget\" data-e-type=\"widget\" data-widget_type=\"text-editor.default\">\n\t\t\t\t\t\t\t\t\t<p>\u00a1Programe una consulta GRATUITA! Llame al <a href=\"tel:305-631-1911\">305-631-1911<\/a><\/p>\t\t\t\t\t\t\t\t<\/div>\n\t\t\t\t<\/div>\n\t\t\t\t\t<\/div>\n\t\t\t\t<\/div>\n\t\t<div class=\"elementor-element elementor-element-4ca01ed e-flex e-con-boxed e-con e-parent\" data-id=\"4ca01ed\" data-element_type=\"container\" data-e-type=\"container\">\n\t\t\t\t\t<div class=\"e-con-inner\">\n\t\t<div class=\"elementor-element elementor-element-e707b4a e-con-full e-flex e-con e-child\" data-id=\"e707b4a\" data-element_type=\"container\" data-e-type=\"container\" data-settings=\"{&quot;background_background&quot;:&quot;classic&quot;}\">\n\t\t\t\t<div class=\"elementor-element elementor-element-81ef673 elementor-widget elementor-widget-text-editor\" data-id=\"81ef673\" data-element_type=\"widget\" data-e-type=\"widget\" data-widget_type=\"text-editor.default\">\n\t\t\t\t\t\t\t\t\t<h2>Atendemos a clientes en toda Florida, incluyendo las siguientes \u00e1reas:<\/h2><p><strong>Miami-Dade<\/strong>: Aventura, Coral Gables, Doral, Fontainebleau, Hialeah, Homestead, Kendall, Miami, Miami Beach, Miami Lakes, North Miami, Tamiami y Westchester.<\/p><p><strong>Broward<\/strong>: Fort Lauderdale, Hallandale Beach, Hollywood, Pembroke Pines y Weston; y el condado de Palm Beach, incluyendo Boca Rat\u00f3n, Lake Worth y West Palm Beach.<\/p>\t\t\t\t\t\t\t\t<\/div>\n\t\t\t\t<\/div>\n\t\t\t\t\t<\/div>\n\t\t\t\t<\/div>\n\t\t\t\t<\/div>\n\t\t<\/div>\n\t\t\t\t\t\t<\/div>\n\t\t\t\t\t<\/div>\n\t\t\t\t<\/div>\n\t\t\t\t<\/div>\n\t\t","protected":false},"excerpt":{"rendered":"<p>Con m\u00e1s de 30,000 accidentes automovil\u00edsticos registrados en el estado de Florida, las personas han sufrido grandes p\u00e9rdidas como resultado de conductores negligentes por estos accidentes. Como tal, parece l\u00f3gico que Miami ocupe el puesto 9 en las 25 ciudades con los peores conductores, seg\u00fan los estudios de la aseguradora Allstate en el 2012. Con [&hellip;]<\/p>\n","protected":false},"author":2,"featured_media":0,"parent":626,"menu_order":0,"comment_status":"closed","ping_status":"closed","template":"","meta":{"footnotes":""},"class_list":["post-35172","page","type-page","status-publish","hentry"],"yoast_head":"<!-- This site is optimized with the Yoast SEO plugin v27.1.1 - https:\/\/yoast.com\/product\/yoast-seo-wordpress\/ -->\n<title>Mejor seguro que lo siento - Jaime Su\u00e1rez<\/title>\n<meta name=\"description\" content=\"\u00bfEs usted v\u00edctima de un caso de atropello y fuga y necesita desesperadamente un abogado de accidentes automovil\u00edsticos? Comun\u00edquese con las Oficinas Legales de Su\u00e1rez y Montero para obtener informaci\u00f3n sobre los mejores abogados con experiencia que lo ayudan en compensaci\u00f3n.\" \/>\n<meta name=\"robots\" content=\"index, follow, max-snippet:-1, max-image-preview:large, max-video-preview:-1\" \/>\n<link rel=\"canonical\" href=\"https:\/\/www.jaime-suarez.com\/es\/abogado-de-accidentes-automovilisticos-en-miami\/mas-vale-prevenir-que-lamentar\/\" \/>\n<meta property=\"og:locale\" content=\"es_ES\" \/>\n<meta property=\"og:type\" content=\"article\" \/>\n<meta property=\"og:title\" content=\"Mejor seguro que lo siento - Jaime Su\u00e1rez\" \/>\n<meta property=\"og:description\" content=\"\u00bfEs usted v\u00edctima de un caso de atropello y fuga y necesita desesperadamente un abogado de accidentes automovil\u00edsticos? Comun\u00edquese con las Oficinas Legales de Su\u00e1rez y Montero para obtener informaci\u00f3n sobre los mejores abogados con experiencia que lo ayudan en compensaci\u00f3n.\" \/>\n<meta property=\"og:url\" content=\"https:\/\/www.jaime-suarez.com\/es\/abogado-de-accidentes-automovilisticos-en-miami\/mas-vale-prevenir-que-lamentar\/\" \/>\n<meta property=\"og:site_name\" content=\"Jaime Suarez\" \/>\n<meta property=\"article:modified_time\" content=\"2026-01-24T04:40:45+00:00\" \/>\n<meta name=\"twitter:card\" content=\"summary_large_image\" \/>\n<meta name=\"twitter:label1\" content=\"Tiempo de lectura\" \/>\n\t<meta name=\"twitter:data1\" content=\"8 minutos\" \/>\n<!-- \/ Yoast SEO plugin. -->","yoast_head_json":{"title":"Mejor seguro que lo siento - Jaime Su\u00e1rez","description":"\u00bfEs usted v\u00edctima de un caso de atropello y fuga y necesita desesperadamente un abogado de accidentes automovil\u00edsticos? Comun\u00edquese con las Oficinas Legales de Su\u00e1rez y Montero para obtener informaci\u00f3n sobre los mejores abogados con experiencia que lo ayudan en compensaci\u00f3n.","robots":{"index":"index","follow":"follow","max-snippet":"max-snippet:-1","max-image-preview":"max-image-preview:large","max-video-preview":"max-video-preview:-1"},"canonical":"https:\/\/www.jaime-suarez.com\/es\/abogado-de-accidentes-automovilisticos-en-miami\/mas-vale-prevenir-que-lamentar\/","og_locale":"es_ES","og_type":"article","og_title":"Mejor seguro que lo siento - Jaime Su\u00e1rez","og_description":"\u00bfEs usted v\u00edctima de un caso de atropello y fuga y necesita desesperadamente un abogado de accidentes automovil\u00edsticos? Comun\u00edquese con las Oficinas Legales de Su\u00e1rez y Montero para obtener informaci\u00f3n sobre los mejores abogados con experiencia que lo ayudan en compensaci\u00f3n.","og_url":"https:\/\/www.jaime-suarez.com\/es\/abogado-de-accidentes-automovilisticos-en-miami\/mas-vale-prevenir-que-lamentar\/","og_site_name":"Jaime Suarez","article_modified_time":"2026-01-24T04:40:45+00:00","twitter_card":"summary_large_image","twitter_misc":{"Tiempo de lectura":"8 minutos"},"schema":{"@context":"https:\/\/schema.org","@graph":[{"@type":"WebPage","@id":"https:\/\/www.jaime-suarez.com\/es\/abogado-de-accidentes-automovilisticos-en-miami\/mas-vale-prevenir-que-lamentar\/","url":"https:\/\/www.jaime-suarez.com\/es\/abogado-de-accidentes-automovilisticos-en-miami\/mas-vale-prevenir-que-lamentar\/","name":"Mejor seguro que lo siento - Jaime Su\u00e1rez","isPartOf":{"@id":"https:\/\/www.jaime-suarez.com\/es\/#website"},"datePublished":"2026-01-24T03:32:25+00:00","dateModified":"2026-01-24T04:40:45+00:00","description":"\u00bfEs usted v\u00edctima de un caso de atropello y fuga y necesita desesperadamente un abogado de accidentes automovil\u00edsticos? Comun\u00edquese con las Oficinas Legales de Su\u00e1rez y Montero para obtener informaci\u00f3n sobre los mejores abogados con experiencia que lo ayudan en compensaci\u00f3n.","breadcrumb":{"@id":"https:\/\/www.jaime-suarez.com\/es\/abogado-de-accidentes-automovilisticos-en-miami\/mas-vale-prevenir-que-lamentar\/#breadcrumb"},"inLanguage":"es","potentialAction":[{"@type":"ReadAction","target":["https:\/\/www.jaime-suarez.com\/es\/abogado-de-accidentes-automovilisticos-en-miami\/mas-vale-prevenir-que-lamentar\/"]}]},{"@type":"BreadcrumbList","@id":"https:\/\/www.jaime-suarez.com\/es\/abogado-de-accidentes-automovilisticos-en-miami\/mas-vale-prevenir-que-lamentar\/#breadcrumb","itemListElement":[{"@type":"ListItem","position":1,"name":"Home","item":"https:\/\/www.jaime-suarez.com\/es\/"},{"@type":"ListItem","position":2,"name":"Accidente De Auto","item":"https:\/\/www.jaime-suarez.com\/es\/abogado-de-accidentes-automovilisticos-en-miami\/"},{"@type":"ListItem","position":3,"name":"M\u00e1s vale prevenir que lamentar"}]},{"@type":"WebSite","@id":"https:\/\/www.jaime-suarez.com\/es\/#website","url":"https:\/\/www.jaime-suarez.com\/es\/","name":"Jaime Suarez","description":"Miami Injury Accident Attorney","publisher":{"@id":"https:\/\/www.jaime-suarez.com\/es\/#organization"},"potentialAction":[{"@type":"SearchAction","target":{"@type":"EntryPoint","urlTemplate":"https:\/\/www.jaime-suarez.com\/es\/?s={search_term_string}"},"query-input":{"@type":"PropertyValueSpecification","valueRequired":true,"valueName":"search_term_string"}}],"inLanguage":"es"},{"@type":"Organization","@id":"https:\/\/www.jaime-suarez.com\/es\/#organization","name":"Jaime Suarez","url":"https:\/\/www.jaime-suarez.com\/es\/","logo":{"@type":"ImageObject","inLanguage":"es","@id":"https:\/\/www.jaime-suarez.com\/es\/#\/schema\/logo\/image\/","url":"https:\/\/www.jaime-suarez.com\/wp-content\/uploads\/2025\/11\/jaime-suarez-logo.webp","contentUrl":"https:\/\/www.jaime-suarez.com\/wp-content\/uploads\/2025\/11\/jaime-suarez-logo.webp","width":900,"height":263,"caption":"Jaime Suarez"},"image":{"@id":"https:\/\/www.jaime-suarez.com\/es\/#\/schema\/logo\/image\/"}}]}},"_links":{"self":[{"href":"https:\/\/www.jaime-suarez.com\/es\/wp-json\/wp\/v2\/pages\/35172","targetHints":{"allow":["GET"]}}],"collection":[{"href":"https:\/\/www.jaime-suarez.com\/es\/wp-json\/wp\/v2\/pages"}],"about":[{"href":"https:\/\/www.jaime-suarez.com\/es\/wp-json\/wp\/v2\/types\/page"}],"author":[{"embeddable":true,"href":"https:\/\/www.jaime-suarez.com\/es\/wp-json\/wp\/v2\/users\/2"}],"replies":[{"embeddable":true,"href":"https:\/\/www.jaime-suarez.com\/es\/wp-json\/wp\/v2\/comments?post=35172"}],"version-history":[{"count":10,"href":"https:\/\/www.jaime-suarez.com\/es\/wp-json\/wp\/v2\/pages\/35172\/revisions"}],"predecessor-version":[{"id":35193,"href":"https:\/\/www.jaime-suarez.com\/es\/wp-json\/wp\/v2\/pages\/35172\/revisions\/35193"}],"up":[{"embeddable":true,"href":"https:\/\/www.jaime-suarez.com\/es\/wp-json\/wp\/v2\/pages\/626"}],"wp:attachment":[{"href":"https:\/\/www.jaime-suarez.com\/es\/wp-json\/wp\/v2\/media?parent=35172"}],"curies":[{"name":"wp","href":"https:\/\/api.w.org\/{rel}","templated":true}]}}