{"id":35199,"date":"2026-01-24T09:06:47","date_gmt":"2026-01-24T09:06:47","guid":{"rendered":"https:\/\/jaime-suarez.com\/?page_id=35199"},"modified":"2026-01-24T09:08:19","modified_gmt":"2026-01-24T09:08:19","slug":"como-un-abogado-de-accidentes-automovilisticos-puede-ayudarlo","status":"publish","type":"page","link":"https:\/\/www.jaime-suarez.com\/es\/abogado-de-accidentes-automovilisticos-en-miami\/como-un-abogado-de-accidentes-automovilisticos-puede-ayudarlo\/","title":{"rendered":"C\u00f3mo un Abogado de Accidentes Automovil\u00edsticos Puede Ayudarlo"},"content":{"rendered":"<p>Los accidentes automovil\u00edsticos pueden tener consecuencias devastadoras y, dependiendo de la gravedad de la colisi\u00f3n, una persona puede sufrir fracturas, quemaduras, amputaciones e incluso lesiones cerebrales y en la m\u00e9dula espinal. M\u00e1s importante a\u00fan, las facturas del hospital, las reparaciones del autom\u00f3vil y los da\u00f1os generales pueden acumularse despu\u00e9s de un accidente automovil\u00edstico y alguien tiene que asumir la responsabilidad por esto. Como tal, la presi\u00f3n de un accidente automovil\u00edstico puede dejar a una persona agotada mental y f\u00edsicamente. Sin embargo, con la ayuda de un abogado experimentado a su lado, como los que encontrar\u00e1 en el Bufete de Abogados de Suarez &amp; Montero, ese dolor, sufrimiento y sentimiento de desesperanza se pueden evitar.<\/p>\n<p>Recuerde, usted tiene derechos legales. Nosotros en el Bufete de <a href=\"https:\/\/www.jaime.suarez.com\/\">Abogados de Suarez &amp; Montero<\/a> podemos ayudarlo a proteger esos derechos. No permita que un accidente automovil\u00edstico le prive de sus derechos, hable hoy con uno de nuestros abogados especialistas en accidentes automovil\u00edsticos. Ll\u00e1menos al <a href=\"tel:305-631-1911\">305-631-1911<\/a> (Miami) o al <a href=\"tel:954-704-8123\">954-704-8123<\/a> (Broward).<\/p>\n","protected":false},"excerpt":{"rendered":"<p>Los accidentes automovil\u00edsticos pueden tener consecuencias devastadoras y, dependiendo de la gravedad de la colisi\u00f3n, una persona puede sufrir fracturas, quemaduras, amputaciones e incluso lesiones cerebrales y en la m\u00e9dula espinal. M\u00e1s importante a\u00fan, las facturas del hospital, las reparaciones del autom\u00f3vil y los da\u00f1os generales pueden acumularse despu\u00e9s de un accidente automovil\u00edstico y alguien [&hellip;]<\/p>\n","protected":false},"author":2,"featured_media":0,"parent":626,"menu_order":0,"comment_status":"closed","ping_status":"closed","template":"","meta":{"footnotes":""},"class_list":["post-35199","page","type-page","status-publish","hentry"],"yoast_head":"<!-- This site is optimized with the Yoast SEO plugin v27.1.1 - https:\/\/yoast.com\/product\/yoast-seo-wordpress\/ -->\n<title>C\u00f3mo un Abogado de Accidentes Automovil\u00edsticos Puede Ayudarlo | Jaime Su\u00e1rez<\/title>\n<meta name=\"description\" content=\"Nuestro abogado de accidentes automovil\u00edsticos en Miami est\u00e1 listo para ayudar a los heridos a obtener una indemnizaci\u00f3n. Jaime Su\u00e1rez es una firma de abogados de accidentes automovil\u00edsticos con servicio completo en la Florida.\" \/>\n<meta name=\"robots\" content=\"index, follow, max-snippet:-1, max-image-preview:large, max-video-preview:-1\" \/>\n<link rel=\"canonical\" href=\"https:\/\/www.jaime-suarez.com\/es\/abogado-de-accidentes-automovilisticos-en-miami\/como-un-abogado-de-accidentes-automovilisticos-puede-ayudarlo\/\" \/>\n<meta property=\"og:locale\" content=\"es_ES\" \/>\n<meta property=\"og:type\" content=\"article\" \/>\n<meta property=\"og:title\" content=\"C\u00f3mo un Abogado de Accidentes Automovil\u00edsticos Puede Ayudarlo | Jaime Su\u00e1rez\" \/>\n<meta property=\"og:description\" content=\"Nuestro abogado de accidentes automovil\u00edsticos en Miami est\u00e1 listo para ayudar a los heridos a obtener una indemnizaci\u00f3n. Jaime Su\u00e1rez es una firma de abogados de accidentes automovil\u00edsticos con servicio completo en la Florida.\" \/>\n<meta property=\"og:url\" content=\"https:\/\/www.jaime-suarez.com\/es\/abogado-de-accidentes-automovilisticos-en-miami\/como-un-abogado-de-accidentes-automovilisticos-puede-ayudarlo\/\" \/>\n<meta property=\"og:site_name\" content=\"Jaime Suarez\" \/>\n<meta property=\"article:modified_time\" content=\"2026-01-24T09:08:19+00:00\" \/>\n<meta name=\"twitter:card\" content=\"summary_large_image\" \/>\n<meta name=\"twitter:label1\" content=\"Tiempo de lectura\" \/>\n\t<meta name=\"twitter:data1\" content=\"1 minuto\" \/>\n<!-- \/ Yoast SEO plugin. -->","yoast_head_json":{"title":"C\u00f3mo un Abogado de Accidentes Automovil\u00edsticos Puede Ayudarlo | Jaime Su\u00e1rez","description":"Nuestro abogado de accidentes automovil\u00edsticos en Miami est\u00e1 listo para ayudar a los heridos a obtener una indemnizaci\u00f3n. Jaime Su\u00e1rez es una firma de abogados de accidentes automovil\u00edsticos con servicio completo en la Florida.","robots":{"index":"index","follow":"follow","max-snippet":"max-snippet:-1","max-image-preview":"max-image-preview:large","max-video-preview":"max-video-preview:-1"},"canonical":"https:\/\/www.jaime-suarez.com\/es\/abogado-de-accidentes-automovilisticos-en-miami\/como-un-abogado-de-accidentes-automovilisticos-puede-ayudarlo\/","og_locale":"es_ES","og_type":"article","og_title":"C\u00f3mo un Abogado de Accidentes Automovil\u00edsticos Puede Ayudarlo | Jaime Su\u00e1rez","og_description":"Nuestro abogado de accidentes automovil\u00edsticos en Miami est\u00e1 listo para ayudar a los heridos a obtener una indemnizaci\u00f3n. Jaime Su\u00e1rez es una firma de abogados de accidentes automovil\u00edsticos con servicio completo en la Florida.","og_url":"https:\/\/www.jaime-suarez.com\/es\/abogado-de-accidentes-automovilisticos-en-miami\/como-un-abogado-de-accidentes-automovilisticos-puede-ayudarlo\/","og_site_name":"Jaime Suarez","article_modified_time":"2026-01-24T09:08:19+00:00","twitter_card":"summary_large_image","twitter_misc":{"Tiempo de lectura":"1 minuto"},"schema":{"@context":"https:\/\/schema.org","@graph":[{"@type":"WebPage","@id":"https:\/\/www.jaime-suarez.com\/es\/abogado-de-accidentes-automovilisticos-en-miami\/como-un-abogado-de-accidentes-automovilisticos-puede-ayudarlo\/","url":"https:\/\/www.jaime-suarez.com\/es\/abogado-de-accidentes-automovilisticos-en-miami\/como-un-abogado-de-accidentes-automovilisticos-puede-ayudarlo\/","name":"C\u00f3mo un Abogado de Accidentes Automovil\u00edsticos Puede Ayudarlo | Jaime Su\u00e1rez","isPartOf":{"@id":"https:\/\/www.jaime-suarez.com\/es\/#website"},"datePublished":"2026-01-24T09:06:47+00:00","dateModified":"2026-01-24T09:08:19+00:00","description":"Nuestro abogado de accidentes automovil\u00edsticos en Miami est\u00e1 listo para ayudar a los heridos a obtener una indemnizaci\u00f3n. Jaime Su\u00e1rez es una firma de abogados de accidentes automovil\u00edsticos con servicio completo en la Florida.","breadcrumb":{"@id":"https:\/\/www.jaime-suarez.com\/es\/abogado-de-accidentes-automovilisticos-en-miami\/como-un-abogado-de-accidentes-automovilisticos-puede-ayudarlo\/#breadcrumb"},"inLanguage":"es","potentialAction":[{"@type":"ReadAction","target":["https:\/\/www.jaime-suarez.com\/es\/abogado-de-accidentes-automovilisticos-en-miami\/como-un-abogado-de-accidentes-automovilisticos-puede-ayudarlo\/"]}]},{"@type":"BreadcrumbList","@id":"https:\/\/www.jaime-suarez.com\/es\/abogado-de-accidentes-automovilisticos-en-miami\/como-un-abogado-de-accidentes-automovilisticos-puede-ayudarlo\/#breadcrumb","itemListElement":[{"@type":"ListItem","position":1,"name":"Home","item":"https:\/\/www.jaime-suarez.com\/es\/"},{"@type":"ListItem","position":2,"name":"Accidente De Auto","item":"https:\/\/www.jaime-suarez.com\/es\/abogado-de-accidentes-automovilisticos-en-miami\/"},{"@type":"ListItem","position":3,"name":"C\u00f3mo un Abogado de Accidentes Automovil\u00edsticos Puede Ayudarlo"}]},{"@type":"WebSite","@id":"https:\/\/www.jaime-suarez.com\/es\/#website","url":"https:\/\/www.jaime-suarez.com\/es\/","name":"Jaime Suarez","description":"Miami Injury Accident Attorney","publisher":{"@id":"https:\/\/www.jaime-suarez.com\/es\/#organization"},"potentialAction":[{"@type":"SearchAction","target":{"@type":"EntryPoint","urlTemplate":"https:\/\/www.jaime-suarez.com\/es\/?s={search_term_string}"},"query-input":{"@type":"PropertyValueSpecification","valueRequired":true,"valueName":"search_term_string"}}],"inLanguage":"es"},{"@type":"Organization","@id":"https:\/\/www.jaime-suarez.com\/es\/#organization","name":"Jaime Suarez","url":"https:\/\/www.jaime-suarez.com\/es\/","logo":{"@type":"ImageObject","inLanguage":"es","@id":"https:\/\/www.jaime-suarez.com\/es\/#\/schema\/logo\/image\/","url":"https:\/\/www.jaime-suarez.com\/wp-content\/uploads\/2025\/11\/jaime-suarez-logo.webp","contentUrl":"https:\/\/www.jaime-suarez.com\/wp-content\/uploads\/2025\/11\/jaime-suarez-logo.webp","width":900,"height":263,"caption":"Jaime Suarez"},"image":{"@id":"https:\/\/www.jaime-suarez.com\/es\/#\/schema\/logo\/image\/"}}]}},"_links":{"self":[{"href":"https:\/\/www.jaime-suarez.com\/es\/wp-json\/wp\/v2\/pages\/35199","targetHints":{"allow":["GET"]}}],"collection":[{"href":"https:\/\/www.jaime-suarez.com\/es\/wp-json\/wp\/v2\/pages"}],"about":[{"href":"https:\/\/www.jaime-suarez.com\/es\/wp-json\/wp\/v2\/types\/page"}],"author":[{"embeddable":true,"href":"https:\/\/www.jaime-suarez.com\/es\/wp-json\/wp\/v2\/users\/2"}],"replies":[{"embeddable":true,"href":"https:\/\/www.jaime-suarez.com\/es\/wp-json\/wp\/v2\/comments?post=35199"}],"version-history":[{"count":3,"href":"https:\/\/www.jaime-suarez.com\/es\/wp-json\/wp\/v2\/pages\/35199\/revisions"}],"predecessor-version":[{"id":35203,"href":"https:\/\/www.jaime-suarez.com\/es\/wp-json\/wp\/v2\/pages\/35199\/revisions\/35203"}],"up":[{"embeddable":true,"href":"https:\/\/www.jaime-suarez.com\/es\/wp-json\/wp\/v2\/pages\/626"}],"wp:attachment":[{"href":"https:\/\/www.jaime-suarez.com\/es\/wp-json\/wp\/v2\/media?parent=35199"}],"curies":[{"name":"wp","href":"https:\/\/api.w.org\/{rel}","templated":true}]}}