{"id":35232,"date":"2026-01-25T04:08:04","date_gmt":"2026-01-25T04:08:04","guid":{"rendered":"https:\/\/jaime-suarez.com\/?page_id=35232"},"modified":"2026-01-25T04:14:01","modified_gmt":"2026-01-25T04:14:01","slug":"evaluar-todos-los-danos-y-resolver-su-caso","status":"publish","type":"page","link":"https:\/\/www.jaime-suarez.com\/es\/abogado-de-accidentes-automovilisticos-en-miami\/evaluar-todos-los-danos-y-resolver-su-caso\/","title":{"rendered":"Evaluar Todos Los Da\u00f1os y Resolver Su Caso"},"content":{"rendered":"<p><a href=\"https:\/\/jaime-suarez.com\/es\/contactenos\/\">Contact Us<\/a><\/p>\n<p><img decoding=\"async\" class=\"alignnone size-full wp-image-35238\" src=\"https:\/\/jaime-suarez.com\/wp-content\/uploads\/2026\/01\/accidents-car_021.webp\" alt=\"\" width=\"290\" height=\"160\" \/><\/p>\n<p>Adem\u00e1s de la confusi\u00f3n emocional y el estr\u00e9s, tambi\u00e9n podr\u00eda estar lidiando con la complicaci\u00f3n de lesiones f\u00edsicas, da\u00f1os a la propiedad (por ejemplo, autom\u00f3vil u hogar) y el hecho de que la compa\u00f1\u00eda de seguros no acepte la responsabilidad. Nuestros abogados de accidentes en Suarez &amp; Montero pueden ayudarlo en todas estas situaciones, ayud\u00e1ndole a garantizar que reciba el tratamiento adecuado que usted merece. Entre los da\u00f1os por los cuales puede reclamar una indemnizaci\u00f3n, se incluyen, entre otros, los siguientes:<\/p>\n<ul>\n<li>Gastos M\u00e9dicos Actuales y Futuros<\/li>\n<li>Salarios Perdidos<\/li>\n<li>P\u00e9rdida de capacidad de ganancia futura<\/li>\n<li>Da\u00f1o a la propiedad<\/li>\n<li>Dolor y sufrimiento<\/li>\n<li>P\u00e9rdida de intimidad y apoyo<\/li>\n<\/ul>\n<p>Nuestros abogados de accidentes revisara\u0301n toda la informacio\u0301n obtenida de los informes policiales, secuencias de video y declaraciones de testigos para reconstruir su caso contra la parte culpable. Estamos continuamente comprobando si hay actualizaciones sobre cualquier nueva informacio\u0301n o investigacio\u0301n que se puede utilizar para ayudar au\u0301n ma\u0301s con su caso. Queremos construir el caso ma\u0301s fuerte para usted y asegurar el asentamiento que usted merece.<\/p>\n<p>Contacto con Su\u00e1rez y Montero hoy para ver c\u00f3mo podemos ayudarlo con su caso de accidente de coche.<\/p>\n<h2>Preguntas frecuentes<\/h2>\n<h3>\u00bfCo\u0301mo determina un jurado la cantidad de dan\u0303os no econo\u0301micos en mi caso?<\/h3>\n<p>A un jurado se le concede amplia libertad para determinar la cantidad de dan\u0303os no econo\u0301micos en un caso de lesiones personales. Para determinar el monto de los dan\u0303os a la adjudicacio\u0301n, el jurado puede considerar cualquiera del grado del acto ili\u0301cito denunciado, la edad de la persona lesionada, la expectativa de vidade la persona, el estado de la salud mental y fi\u0301sica de la persona antes de las lesiones denunciadas, la capacidad de ganar el pasado de la persona, el efecto de la lesio\u0301n en la salud de la persona, las molestias a las que el persona puede ser sometida en el futuro, y la disminucio\u0301n de la capacidad de la persona para el disfrute de la vida como resultado de las lesiones, el sufrimiento mental y fi\u0301sico de la persona, y la lesio\u0301n de permanencia.<\/p>\n<h3>Co\u0301mo demostrar lesiones permanentes para justificar la recuperacio\u0301n de dan\u0303os adicionales<\/h3>\n<p>Con respecto a las lesiones permanentes bajo la ley de no-culpa de la Florida, una mera recitacio\u0301n de la queja del demandante es insuficiente para probar una lesio\u0301n permanente. Un demandante tambie\u0301n debe presentar un testimonio me\u0301dico experto para establecer la existencia y permanencia del presunto dan\u0303o dentro de un grado razonable de probabilidad me\u0301dica y el demandante debe demostrar, por el mayor peso de las pruebas, que un lesio\u0301n permanente se mantuvo dentro de una probabilidad me\u0301dica razonable, pruebas que no pueden ser establecidas exclusivamente por el testimonio del demandante en relacio\u0301n con el dolor subjetivo. Incluso cuando un jurado en un caso de lesiones personales encuentra que el demandante no resulto\u0301 herido como resultado del accidente del sujeto, el demandante tiene derecho a recuperar los gastos incurridos por exa\u0301menes me\u0301dicos y pruebas diagno\u0301sticas razonablemente necesarias para determinar Si el accidente del sujeto causo\u0301 las lesiones.<\/p>\n<h3>\u00bfQuie\u0301n es responsable cuando una lesio\u0301n se ve agravada por un accidente subsiguiente en Florida?<\/h3>\n<p>Cuando una lesio\u0301n se intensifica por un accidente posterior, el transgresor original puede ser responsable de todo el dan\u0303o, si el segundo accidente es un resultado natural que fluyo\u0301 de la lesio\u0301n original. En consecuencia, si el infractor es responsable de una lesio\u0301n que deteriora la condicio\u0301n fi\u0301sica de otra persona, el infractor tambie\u0301n es responsable de los dan\u0303os sufridas en un accidente subsiguiente que no hubiera ocurrido si la parte perjudicada no se hubiera deteriorado.<\/p>\n<h3>\u00bfCo\u0301mo se calculan los dan\u0303os en un caso de muerte injusta?<\/h3>\n<p>Aunque la estimacio\u0301n del jurado en cuanto a la cantidad adecuada de dan\u0303os que se otorgara\u0301n en una accio\u0301n por muerte injusta debe apoyarse en los hechos respaldados por las pruebas, la constatacio\u0301n del jurado no se anulara\u0301 como excesiva, excepto en casos extremos en los que el Tribunal puede ver claramente que el veredicto del jurado es tan excesivo que sacude la conciencia o simplemente no es apoyado por ninguna evidencia presentada en el juicio. Sin embargo, un gran premio de dan\u0303os, por si\u0301 mismo, no es necesariamente indicativo de un veredicto excesivo o inadecuado. Una vez ma\u0301s, el problema en cuanto a la cantidad adecuada de dan\u0303os por una muerte injusta es en gran parte especulativo, especialmente con respecto a los dan\u0303os no econo\u0301micos o intangibles por muerte injusta. La cantidad de dan\u0303os recae u\u0301nicamente en la discrecio\u0301n del jurado, y la decisio\u0301n del jurado se le da un gran cre\u0301dito. Adema\u0301s, no hay li\u0301mite en la cantidad de dan\u0303os no econo\u0301micos que un nin\u0303o adulto financieramente independiente puede ser otorgado por la muerte injusta de su padre.<\/p>\n<h3>\u00bfCo\u0301mo funcionan los dan\u0303os derivados en casos de lesiones personales?<\/h3>\n<p>Cuando la lesio\u0301n personal sea de un miembro de una familia, los miembros no heridos de dicha familia pueden solicitar dan\u0303os derivados contra la parte causante de la lesio\u0301n.Por lo tanto,un padre puede buscar dan\u0303os por la lesio\u0301n a un nin\u0303o, y un esposo puede buscar dan\u0303os por la lesio\u0301n a su esposa.Antes de que un padre pueda recuperar la pe\u0301rdida de servicios de un nin\u0303o gravemente herido, el padre primero debe demostrar que el nin\u0303o teni\u0301a habilidades extraordinarias de produccio\u0301n de ingresos antes del accidente. En una accio\u0301n de dan\u0303o personal, un co\u0301nyuge tiene derecho a recibir por lo menos dan\u0303os nominales en una reclamacio\u0301n por pe\u0301rdida de consorcio, donde hay testimonios de cambios dra\u0301sticos en el estilo de vida de la pareja.<\/p>\n<h3>\u00bfCo\u0301mo funciona el estatuto de supervivencia en Florida?<\/h3>\n<p>Bajo el estatuto de supervivencia, ninguna causa de accio\u0301n muere con la persona y todas las causas de accio\u0301n sobreviven y pueden ser iniciados, procesados y defendidos en el nombre de la persona prescrita por la ley.Los dan\u0303os recuperables por el representante personal en un recurso interpuesto bajo el estatuto de supervivencia son los quepodri\u0301a haber sido recuperado por la persona lesionada habi\u0301a vivido la persona.En virtud del estatuto de supervivencia, el representante personal del patrimonio de una persona fallecida recupera u\u0301nicamente los dan\u0303os sufridos por elpersona fallecida.En otras palabras, el estatuto de supervivencia preserva las acciones por lesiones que no resultan en la muerte que el difunto podri\u0301a haber trai\u0301do o estaba trayendo antes de la muerte.Cuando la muerte es el resultado de unlesiones personales, la ley sustituye esencialmente una accio\u0301n de muerte por negligencia legal por la lesio\u0301n personalaccio\u0301n que de otro modo sobreviviri\u0301a bajo estatuto de supervivencia.<\/p>\n<p>La accio\u0301n de supervivencia de un representante personal contra un me\u0301dico por las lesiones personales de un progenitor fallecido, alegando que las acciones del me\u0301dico causaron que el padre sufriera dolor fi\u0301sico y mental y sufrimiento y la pe\u0301rdida del goce de la vida, no es extinguida por el funcionamiento de la ley de muerte injusta, en la que el representante personal no afirma que la lesio\u0301n personal haya provocado la muerte del progenitor.En uncaso de lesiones personalesbajo el estatuto de supervivencia, los dan\u0303os que se pueden recuperar incluyen el costo de los servicios me\u0301dicos, hospitalarios y de enfermeri\u0301a amueblados el difunto entre el momento de la lesio\u0301ny la hora de la muerte.Los dan\u0303os tambie\u0301n pueden recuperarse para el dolor y el sufrimiento del difunto entre el momento de la lesio\u0301n y la muerte.Aunque los dan\u0303os recuperables en una accio\u0301n llevada a la ley de supervivencia son ba\u0301sicamente compensatorios,dan\u0303os punitivos, cuando sea apropiado,tambie\u0301n pueden recuperarse en tal accio\u0301n.<\/p>\n<p>Las oficinas legales de Suarez &amp; Montero abogados de accidentes automovili\u0301sticos representa vi\u0301ctimas de accidentes lesionados en varios tipos de accidentes, incluyendo:<\/p>\n<ul>\n<li>Abogados de accidentes de conduccio\u0301n distrai\u0301dos<\/li>\n<li>Accidentes de conduccio\u0301n borrachos<\/li>\n<li>Accidentes automovili\u0301sticos de rabia de carretera<\/li>\n<li>Colisiones de frente<\/li>\n<li>Accidentes de rollover<\/li>\n<li>Accidentes automovili\u0301sticos traseros<\/li>\n<li>Accidentes de giro a la izquierda<\/li>\n<li>Accidentes automovili\u0301sticos de T-Bone<\/li>\n<li>Incapacidad para producir accidentes automovili\u0301sticos<\/li>\n<li>Accidentes de Sideswipe<\/li>\n<li>Fusio\u0301n de accidentes<\/li>\n<li>Accidentes de cambio de carril<\/li>\n<li>Accidentes de vehi\u0301culos de la zona de construccio\u0301n<\/li>\n<li>Uber accidentes<\/li>\n<li>Accidentes de camiones<\/li>\n<li>Accidentes de semi-camio\u0301n<\/li>\n<li>Accidentes de bicicleta<\/li>\n<li>Accidentes de tren<\/li>\n<li>Accidentes peatonales<\/li>\n<li>Accidentes de navegacio\u0301n<\/li>\n<\/ul>\n<h2>Atendemos a clientes en toda Florida incluyendo aquellos en las siguientes \u00e1reas:<\/h2>\n<p><strong>Miami-Dade<\/strong>: Aventura, Coral Gables, Doral, Fontainebleau, Hialeah, Homestead, Kendall, Miami, Miami Beach, Miami Lakes, North Miami, Tamiami, y Westchester.<\/p>\n<p><strong>Broward<\/strong>: Fort Lauderdale, Hallandale Beach, Hollywood, Pembroke Pines, y Weston; y el Condado de Palm Beach, incluyendo Boca Raton, Lake Worth, y West Palm Beach.<\/p>\n","protected":false},"excerpt":{"rendered":"<p>Contact Us Adem\u00e1s de la confusi\u00f3n emocional y el estr\u00e9s, tambi\u00e9n podr\u00eda estar lidiando con la complicaci\u00f3n de lesiones f\u00edsicas, da\u00f1os a la propiedad (por ejemplo, autom\u00f3vil u hogar) y el hecho de que la compa\u00f1\u00eda de seguros no acepte la responsabilidad. Nuestros abogados de accidentes en Suarez &amp; Montero pueden ayudarlo en todas estas [&hellip;]<\/p>\n","protected":false},"author":2,"featured_media":0,"parent":626,"menu_order":0,"comment_status":"closed","ping_status":"closed","template":"","meta":{"footnotes":""},"class_list":["post-35232","page","type-page","status-publish","hentry"],"yoast_head":"<!-- This site is optimized with the Yoast SEO plugin v27.1.1 - https:\/\/yoast.com\/product\/yoast-seo-wordpress\/ -->\n<title>Evaluar Todos Los Da\u00f1os y Resolver Su Caso - Jaime Suarez<\/title>\n<meta name=\"robots\" content=\"index, follow, max-snippet:-1, max-image-preview:large, max-video-preview:-1\" \/>\n<link rel=\"canonical\" href=\"https:\/\/www.jaime-suarez.com\/es\/abogado-de-accidentes-automovilisticos-en-miami\/evaluar-todos-los-danos-y-resolver-su-caso\/\" \/>\n<meta property=\"og:locale\" content=\"es_ES\" \/>\n<meta property=\"og:type\" content=\"article\" \/>\n<meta property=\"og:title\" content=\"Evaluar Todos Los Da\u00f1os y Resolver Su Caso - Jaime Suarez\" \/>\n<meta property=\"og:description\" content=\"Contact Us Adem\u00e1s de la confusi\u00f3n emocional y el estr\u00e9s, tambi\u00e9n podr\u00eda estar lidiando con la complicaci\u00f3n de lesiones f\u00edsicas, da\u00f1os a la propiedad (por ejemplo, autom\u00f3vil u hogar) y el hecho de que la compa\u00f1\u00eda de seguros no acepte la responsabilidad. Nuestros abogados de accidentes en Suarez &amp; Montero pueden ayudarlo en todas estas [&hellip;]\" \/>\n<meta property=\"og:url\" content=\"https:\/\/www.jaime-suarez.com\/es\/abogado-de-accidentes-automovilisticos-en-miami\/evaluar-todos-los-danos-y-resolver-su-caso\/\" \/>\n<meta property=\"og:site_name\" content=\"Jaime Suarez\" \/>\n<meta property=\"article:modified_time\" content=\"2026-01-25T04:14:01+00:00\" \/>\n<meta property=\"og:image\" content=\"https:\/\/jaime-suarez.com\/wp-content\/uploads\/2026\/01\/accidents-car_021.webp\" \/>\n<meta name=\"twitter:card\" content=\"summary_large_image\" \/>\n<meta name=\"twitter:label1\" content=\"Tiempo de lectura\" \/>\n\t<meta name=\"twitter:data1\" content=\"7 minutos\" \/>\n<!-- \/ Yoast SEO plugin. -->","yoast_head_json":{"title":"Evaluar Todos Los Da\u00f1os y Resolver Su Caso - Jaime Suarez","robots":{"index":"index","follow":"follow","max-snippet":"max-snippet:-1","max-image-preview":"max-image-preview:large","max-video-preview":"max-video-preview:-1"},"canonical":"https:\/\/www.jaime-suarez.com\/es\/abogado-de-accidentes-automovilisticos-en-miami\/evaluar-todos-los-danos-y-resolver-su-caso\/","og_locale":"es_ES","og_type":"article","og_title":"Evaluar Todos Los Da\u00f1os y Resolver Su Caso - Jaime Suarez","og_description":"Contact Us Adem\u00e1s de la confusi\u00f3n emocional y el estr\u00e9s, tambi\u00e9n podr\u00eda estar lidiando con la complicaci\u00f3n de lesiones f\u00edsicas, da\u00f1os a la propiedad (por ejemplo, autom\u00f3vil u hogar) y el hecho de que la compa\u00f1\u00eda de seguros no acepte la responsabilidad. Nuestros abogados de accidentes en Suarez &amp; Montero pueden ayudarlo en todas estas [&hellip;]","og_url":"https:\/\/www.jaime-suarez.com\/es\/abogado-de-accidentes-automovilisticos-en-miami\/evaluar-todos-los-danos-y-resolver-su-caso\/","og_site_name":"Jaime Suarez","article_modified_time":"2026-01-25T04:14:01+00:00","og_image":[{"url":"https:\/\/jaime-suarez.com\/wp-content\/uploads\/2026\/01\/accidents-car_021.webp","type":"","width":"","height":""}],"twitter_card":"summary_large_image","twitter_misc":{"Tiempo de lectura":"7 minutos"},"schema":{"@context":"https:\/\/schema.org","@graph":[{"@type":"WebPage","@id":"https:\/\/www.jaime-suarez.com\/es\/abogado-de-accidentes-automovilisticos-en-miami\/evaluar-todos-los-danos-y-resolver-su-caso\/","url":"https:\/\/www.jaime-suarez.com\/es\/abogado-de-accidentes-automovilisticos-en-miami\/evaluar-todos-los-danos-y-resolver-su-caso\/","name":"Evaluar Todos Los Da\u00f1os y Resolver Su Caso - Jaime Suarez","isPartOf":{"@id":"https:\/\/www.jaime-suarez.com\/es\/#website"},"primaryImageOfPage":{"@id":"https:\/\/www.jaime-suarez.com\/es\/abogado-de-accidentes-automovilisticos-en-miami\/evaluar-todos-los-danos-y-resolver-su-caso\/#primaryimage"},"image":{"@id":"https:\/\/www.jaime-suarez.com\/es\/abogado-de-accidentes-automovilisticos-en-miami\/evaluar-todos-los-danos-y-resolver-su-caso\/#primaryimage"},"thumbnailUrl":"https:\/\/jaime-suarez.com\/wp-content\/uploads\/2026\/01\/accidents-car_021.webp","datePublished":"2026-01-25T04:08:04+00:00","dateModified":"2026-01-25T04:14:01+00:00","breadcrumb":{"@id":"https:\/\/www.jaime-suarez.com\/es\/abogado-de-accidentes-automovilisticos-en-miami\/evaluar-todos-los-danos-y-resolver-su-caso\/#breadcrumb"},"inLanguage":"es","potentialAction":[{"@type":"ReadAction","target":["https:\/\/www.jaime-suarez.com\/es\/abogado-de-accidentes-automovilisticos-en-miami\/evaluar-todos-los-danos-y-resolver-su-caso\/"]}]},{"@type":"ImageObject","inLanguage":"es","@id":"https:\/\/www.jaime-suarez.com\/es\/abogado-de-accidentes-automovilisticos-en-miami\/evaluar-todos-los-danos-y-resolver-su-caso\/#primaryimage","url":"https:\/\/jaime-suarez.com\/wp-content\/uploads\/2026\/01\/accidents-car_021.webp","contentUrl":"https:\/\/jaime-suarez.com\/wp-content\/uploads\/2026\/01\/accidents-car_021.webp"},{"@type":"BreadcrumbList","@id":"https:\/\/www.jaime-suarez.com\/es\/abogado-de-accidentes-automovilisticos-en-miami\/evaluar-todos-los-danos-y-resolver-su-caso\/#breadcrumb","itemListElement":[{"@type":"ListItem","position":1,"name":"Home","item":"https:\/\/www.jaime-suarez.com\/es\/"},{"@type":"ListItem","position":2,"name":"Accidente De Auto","item":"https:\/\/www.jaime-suarez.com\/es\/abogado-de-accidentes-automovilisticos-en-miami\/"},{"@type":"ListItem","position":3,"name":"Evaluar Todos Los Da\u00f1os y Resolver Su Caso"}]},{"@type":"WebSite","@id":"https:\/\/www.jaime-suarez.com\/es\/#website","url":"https:\/\/www.jaime-suarez.com\/es\/","name":"Jaime Suarez","description":"Miami Injury Accident Attorney","publisher":{"@id":"https:\/\/www.jaime-suarez.com\/es\/#organization"},"potentialAction":[{"@type":"SearchAction","target":{"@type":"EntryPoint","urlTemplate":"https:\/\/www.jaime-suarez.com\/es\/?s={search_term_string}"},"query-input":{"@type":"PropertyValueSpecification","valueRequired":true,"valueName":"search_term_string"}}],"inLanguage":"es"},{"@type":"Organization","@id":"https:\/\/www.jaime-suarez.com\/es\/#organization","name":"Jaime Suarez","url":"https:\/\/www.jaime-suarez.com\/es\/","logo":{"@type":"ImageObject","inLanguage":"es","@id":"https:\/\/www.jaime-suarez.com\/es\/#\/schema\/logo\/image\/","url":"https:\/\/www.jaime-suarez.com\/wp-content\/uploads\/2025\/11\/jaime-suarez-logo.webp","contentUrl":"https:\/\/www.jaime-suarez.com\/wp-content\/uploads\/2025\/11\/jaime-suarez-logo.webp","width":900,"height":263,"caption":"Jaime Suarez"},"image":{"@id":"https:\/\/www.jaime-suarez.com\/es\/#\/schema\/logo\/image\/"}}]}},"_links":{"self":[{"href":"https:\/\/www.jaime-suarez.com\/es\/wp-json\/wp\/v2\/pages\/35232","targetHints":{"allow":["GET"]}}],"collection":[{"href":"https:\/\/www.jaime-suarez.com\/es\/wp-json\/wp\/v2\/pages"}],"about":[{"href":"https:\/\/www.jaime-suarez.com\/es\/wp-json\/wp\/v2\/types\/page"}],"author":[{"embeddable":true,"href":"https:\/\/www.jaime-suarez.com\/es\/wp-json\/wp\/v2\/users\/2"}],"replies":[{"embeddable":true,"href":"https:\/\/www.jaime-suarez.com\/es\/wp-json\/wp\/v2\/comments?post=35232"}],"version-history":[{"count":3,"href":"https:\/\/www.jaime-suarez.com\/es\/wp-json\/wp\/v2\/pages\/35232\/revisions"}],"predecessor-version":[{"id":35240,"href":"https:\/\/www.jaime-suarez.com\/es\/wp-json\/wp\/v2\/pages\/35232\/revisions\/35240"}],"up":[{"embeddable":true,"href":"https:\/\/www.jaime-suarez.com\/es\/wp-json\/wp\/v2\/pages\/626"}],"wp:attachment":[{"href":"https:\/\/www.jaime-suarez.com\/es\/wp-json\/wp\/v2\/media?parent=35232"}],"curies":[{"name":"wp","href":"https:\/\/api.w.org\/{rel}","templated":true}]}}