{"id":35254,"date":"2026-01-25T07:35:33","date_gmt":"2026-01-25T07:35:33","guid":{"rendered":"https:\/\/jaime-suarez.com\/?page_id=35254"},"modified":"2026-01-25T07:37:51","modified_gmt":"2026-01-25T07:37:51","slug":"trafico-d-u-i","status":"publish","type":"page","link":"https:\/\/www.jaime-suarez.com\/es\/areas-de-practica\/trafico-d-u-i\/","title":{"rendered":"Trafico D.U.I."},"content":{"rendered":"<p>Es com\u00fan escuchar los t\u00e9rminos \u00abconducir bajo la influencia\u00bb (D.U.I.) o \u00abconducir en estado de ebriedad\u00bb (D.W.I.) en las noticias nocturnas o comerciales televisados. Es m\u00e1s probable que estos t\u00e9rminos est\u00e9n asociados con \u00abarrestos\u00bb o \u00abaccidentes\u00bb, lo que resulta en cargos criminales. Por ley, a una persona que maneja con un nivel de alcohol de .08% o superior se le puede imponer una multa, suspensi\u00f3n de licencia e incluso el tiempo en la c\u00e1rcel. Sin embargo, las sanciones para D.U.I. las detenciones difieren para los delincuentes m\u00faltiples y los delincuentes por primera vez.<\/p>\n<p><img decoding=\"async\" class=\"alignnone size-full wp-image-35253\" src=\"https:\/\/jaime-suarez.com\/wp-content\/uploads\/2026\/01\/traffic-dui.webp\" alt=\"\" width=\"290\" height=\"160\" \/><\/p>\n<p>Delincuentes por primera vez: Las siguientes penas podr\u00edan imputarse a los infractores por primera vez:<\/p>\n<ul>\n<li>Una multa m\u00ednima de $ 250.<\/li>\n<li>Un m\u00ednimo de 6 meses en prisi\u00f3n.<\/li>\n<li>Licencia de conducir suspendida.<\/li>\n<li>Una comunidad de servicio durante 50 horas.<\/li>\n<li>Confiscar el veh\u00edculo por diez d\u00edas.<\/li>\n<li>Mejorando el seguro de autom\u00f3viles tres veces m\u00e1s de lo habitual.<\/li>\n<\/ul>\n<p>Delincuentes Repetitivos: Las siguientes sanciones se aplican a los delincuentes con m\u00e1s de una ofensa:<\/p>\n<ul>\n<li>Una pena de prisi\u00f3n de hasta nueve meses.<\/li>\n<li>Una multa m\u00ednima de $ 1000.<\/li>\n<li>Embargo del veh\u00edculo por hasta 30 d\u00edas.<\/li>\n<li>Suspensi\u00f3n de la licencia por un m\u00ednimo de 5 a\u00f1os.<\/li>\n<\/ul>\n<p>El eficiente equipo de Su\u00e1rez y Montero entregan de acuerdo a las necesidades del cliente. Si desea una consulta con nuestro equipo sobre su caso, comun\u00edquese con nosotros al <a href=\"tel:305-631-1911\">305-631-1911<\/a> (Miami) o al <a href=\"tel:954-704-8123\">954-704-8123<\/a> (Broward) o env\u00edenos un correo electr\u00f3nico. Tenga la seguridad de que Su\u00e1rez y Montero lo entregar\u00e1n por usted.<\/p>\n","protected":false},"excerpt":{"rendered":"<p>Es com\u00fan escuchar los t\u00e9rminos \u00abconducir bajo la influencia\u00bb (D.U.I.) o \u00abconducir en estado de ebriedad\u00bb (D.W.I.) en las noticias nocturnas o comerciales televisados. Es m\u00e1s probable que estos t\u00e9rminos est\u00e9n asociados con \u00abarrestos\u00bb o \u00abaccidentes\u00bb, lo que resulta en cargos criminales. Por ley, a una persona que maneja con un nivel de alcohol de [&hellip;]<\/p>\n","protected":false},"author":2,"featured_media":0,"parent":35246,"menu_order":0,"comment_status":"closed","ping_status":"closed","template":"","meta":{"footnotes":""},"class_list":["post-35254","page","type-page","status-publish","hentry"],"yoast_head":"<!-- This site is optimized with the Yoast SEO plugin v27.1.1 - https:\/\/yoast.com\/product\/yoast-seo-wordpress\/ -->\n<title>Tr\u00e1fico D.U.I. | Jaime Su\u00e1rez<\/title>\n<meta name=\"description\" content=\"No es infrecuente aqu\u00ed los t\u00e9rminos &quot;conducir bajo la influencia&quot; (D.U.I.) o &quot;conducir en estado de ebriedad&quot; (D.W.I.) en las noticias de la noche o en los comerciales televisados. Lo m\u00e1s probable es que estos t\u00e9rminos se hayan asociado con &quot;arrestado&quot; o &quot;accidente&quot;, lo que resulta en cargos criminales. \u2026 Sigue leyendo \u2192\" \/>\n<meta name=\"robots\" content=\"index, follow, max-snippet:-1, max-image-preview:large, max-video-preview:-1\" \/>\n<link rel=\"canonical\" href=\"https:\/\/www.jaime-suarez.com\/es\/areas-de-practica\/trafico-d-u-i\/\" \/>\n<meta property=\"og:locale\" content=\"es_ES\" \/>\n<meta property=\"og:type\" content=\"article\" \/>\n<meta property=\"og:title\" content=\"Tr\u00e1fico D.U.I. | Jaime Su\u00e1rez\" \/>\n<meta property=\"og:description\" content=\"No es infrecuente aqu\u00ed los t\u00e9rminos &quot;conducir bajo la influencia&quot; (D.U.I.) o &quot;conducir en estado de ebriedad&quot; (D.W.I.) en las noticias de la noche o en los comerciales televisados. Lo m\u00e1s probable es que estos t\u00e9rminos se hayan asociado con &quot;arrestado&quot; o &quot;accidente&quot;, lo que resulta en cargos criminales. \u2026 Sigue leyendo \u2192\" \/>\n<meta property=\"og:url\" content=\"https:\/\/www.jaime-suarez.com\/es\/areas-de-practica\/trafico-d-u-i\/\" \/>\n<meta property=\"og:site_name\" content=\"Jaime Suarez\" \/>\n<meta property=\"article:modified_time\" content=\"2026-01-25T07:37:51+00:00\" \/>\n<meta property=\"og:image\" content=\"https:\/\/jaime-suarez.com\/wp-content\/uploads\/2026\/01\/traffic-dui.webp\" \/>\n<meta name=\"twitter:card\" content=\"summary_large_image\" \/>\n<meta name=\"twitter:label1\" content=\"Tiempo de lectura\" \/>\n\t<meta name=\"twitter:data1\" content=\"2 minutos\" \/>\n<!-- \/ Yoast SEO plugin. -->","yoast_head_json":{"title":"Tr\u00e1fico D.U.I. | Jaime Su\u00e1rez","description":"No es infrecuente aqu\u00ed los t\u00e9rminos \"conducir bajo la influencia\" (D.U.I.) o \"conducir en estado de ebriedad\" (D.W.I.) en las noticias de la noche o en los comerciales televisados. Lo m\u00e1s probable es que estos t\u00e9rminos se hayan asociado con \"arrestado\" o \"accidente\", lo que resulta en cargos criminales. \u2026 Sigue leyendo \u2192","robots":{"index":"index","follow":"follow","max-snippet":"max-snippet:-1","max-image-preview":"max-image-preview:large","max-video-preview":"max-video-preview:-1"},"canonical":"https:\/\/www.jaime-suarez.com\/es\/areas-de-practica\/trafico-d-u-i\/","og_locale":"es_ES","og_type":"article","og_title":"Tr\u00e1fico D.U.I. | Jaime Su\u00e1rez","og_description":"No es infrecuente aqu\u00ed los t\u00e9rminos \"conducir bajo la influencia\" (D.U.I.) o \"conducir en estado de ebriedad\" (D.W.I.) en las noticias de la noche o en los comerciales televisados. Lo m\u00e1s probable es que estos t\u00e9rminos se hayan asociado con \"arrestado\" o \"accidente\", lo que resulta en cargos criminales. \u2026 Sigue leyendo \u2192","og_url":"https:\/\/www.jaime-suarez.com\/es\/areas-de-practica\/trafico-d-u-i\/","og_site_name":"Jaime Suarez","article_modified_time":"2026-01-25T07:37:51+00:00","og_image":[{"url":"https:\/\/jaime-suarez.com\/wp-content\/uploads\/2026\/01\/traffic-dui.webp","type":"","width":"","height":""}],"twitter_card":"summary_large_image","twitter_misc":{"Tiempo de lectura":"2 minutos"},"schema":{"@context":"https:\/\/schema.org","@graph":[{"@type":"WebPage","@id":"https:\/\/www.jaime-suarez.com\/es\/areas-de-practica\/trafico-d-u-i\/","url":"https:\/\/www.jaime-suarez.com\/es\/areas-de-practica\/trafico-d-u-i\/","name":"Tr\u00e1fico D.U.I. | Jaime Su\u00e1rez","isPartOf":{"@id":"https:\/\/www.jaime-suarez.com\/es\/#website"},"primaryImageOfPage":{"@id":"https:\/\/www.jaime-suarez.com\/es\/areas-de-practica\/trafico-d-u-i\/#primaryimage"},"image":{"@id":"https:\/\/www.jaime-suarez.com\/es\/areas-de-practica\/trafico-d-u-i\/#primaryimage"},"thumbnailUrl":"https:\/\/jaime-suarez.com\/wp-content\/uploads\/2026\/01\/traffic-dui.webp","datePublished":"2026-01-25T07:35:33+00:00","dateModified":"2026-01-25T07:37:51+00:00","description":"No es infrecuente aqu\u00ed los t\u00e9rminos \"conducir bajo la influencia\" (D.U.I.) o \"conducir en estado de ebriedad\" (D.W.I.) en las noticias de la noche o en los comerciales televisados. Lo m\u00e1s probable es que estos t\u00e9rminos se hayan asociado con \"arrestado\" o \"accidente\", lo que resulta en cargos criminales. \u2026 Sigue leyendo \u2192","breadcrumb":{"@id":"https:\/\/www.jaime-suarez.com\/es\/areas-de-practica\/trafico-d-u-i\/#breadcrumb"},"inLanguage":"es","potentialAction":[{"@type":"ReadAction","target":["https:\/\/www.jaime-suarez.com\/es\/areas-de-practica\/trafico-d-u-i\/"]}]},{"@type":"ImageObject","inLanguage":"es","@id":"https:\/\/www.jaime-suarez.com\/es\/areas-de-practica\/trafico-d-u-i\/#primaryimage","url":"https:\/\/jaime-suarez.com\/wp-content\/uploads\/2026\/01\/traffic-dui.webp","contentUrl":"https:\/\/jaime-suarez.com\/wp-content\/uploads\/2026\/01\/traffic-dui.webp"},{"@type":"BreadcrumbList","@id":"https:\/\/www.jaime-suarez.com\/es\/areas-de-practica\/trafico-d-u-i\/#breadcrumb","itemListElement":[{"@type":"ListItem","position":1,"name":"Home","item":"https:\/\/www.jaime-suarez.com\/es\/"},{"@type":"ListItem","position":2,"name":"Areas de Practica","item":"https:\/\/www.jaime-suarez.com\/es\/areas-de-practica\/"},{"@type":"ListItem","position":3,"name":"Trafico D.U.I."}]},{"@type":"WebSite","@id":"https:\/\/www.jaime-suarez.com\/es\/#website","url":"https:\/\/www.jaime-suarez.com\/es\/","name":"Jaime Suarez","description":"Miami Injury Accident Attorney","publisher":{"@id":"https:\/\/www.jaime-suarez.com\/es\/#organization"},"potentialAction":[{"@type":"SearchAction","target":{"@type":"EntryPoint","urlTemplate":"https:\/\/www.jaime-suarez.com\/es\/?s={search_term_string}"},"query-input":{"@type":"PropertyValueSpecification","valueRequired":true,"valueName":"search_term_string"}}],"inLanguage":"es"},{"@type":"Organization","@id":"https:\/\/www.jaime-suarez.com\/es\/#organization","name":"Jaime Suarez","url":"https:\/\/www.jaime-suarez.com\/es\/","logo":{"@type":"ImageObject","inLanguage":"es","@id":"https:\/\/www.jaime-suarez.com\/es\/#\/schema\/logo\/image\/","url":"https:\/\/www.jaime-suarez.com\/wp-content\/uploads\/2025\/11\/jaime-suarez-logo.webp","contentUrl":"https:\/\/www.jaime-suarez.com\/wp-content\/uploads\/2025\/11\/jaime-suarez-logo.webp","width":900,"height":263,"caption":"Jaime Suarez"},"image":{"@id":"https:\/\/www.jaime-suarez.com\/es\/#\/schema\/logo\/image\/"}}]}},"_links":{"self":[{"href":"https:\/\/www.jaime-suarez.com\/es\/wp-json\/wp\/v2\/pages\/35254","targetHints":{"allow":["GET"]}}],"collection":[{"href":"https:\/\/www.jaime-suarez.com\/es\/wp-json\/wp\/v2\/pages"}],"about":[{"href":"https:\/\/www.jaime-suarez.com\/es\/wp-json\/wp\/v2\/types\/page"}],"author":[{"embeddable":true,"href":"https:\/\/www.jaime-suarez.com\/es\/wp-json\/wp\/v2\/users\/2"}],"replies":[{"embeddable":true,"href":"https:\/\/www.jaime-suarez.com\/es\/wp-json\/wp\/v2\/comments?post=35254"}],"version-history":[{"count":2,"href":"https:\/\/www.jaime-suarez.com\/es\/wp-json\/wp\/v2\/pages\/35254\/revisions"}],"predecessor-version":[{"id":35256,"href":"https:\/\/www.jaime-suarez.com\/es\/wp-json\/wp\/v2\/pages\/35254\/revisions\/35256"}],"up":[{"embeddable":true,"href":"https:\/\/www.jaime-suarez.com\/es\/wp-json\/wp\/v2\/pages\/35246"}],"wp:attachment":[{"href":"https:\/\/www.jaime-suarez.com\/es\/wp-json\/wp\/v2\/media?parent=35254"}],"curies":[{"name":"wp","href":"https:\/\/api.w.org\/{rel}","templated":true}]}}