{"id":35260,"date":"2026-01-25T07:40:08","date_gmt":"2026-01-25T07:40:08","guid":{"rendered":"https:\/\/jaime-suarez.com\/?page_id=35260"},"modified":"2026-01-25T07:41:36","modified_gmt":"2026-01-25T07:41:36","slug":"todas-accidentes","status":"publish","type":"page","link":"https:\/\/www.jaime-suarez.com\/es\/areas-de-practica\/todas-accidentes\/","title":{"rendered":"Accidentes"},"content":{"rendered":"<p>Los accidentes pueden pasarle a cualquiera. Son impredecibles y desafortunados, pero eso no significa que est\u00e9s indefenso. Si usted es v\u00edctima de un accidente en Miami o en el estado de Florida, presentar un reclamo de indemnizaci\u00f3n es el primer paso para recuperar sus p\u00e9rdidas y mitigar sus da\u00f1os. Aunque presentar un reclamo puede ser dif\u00edcil, nuestro equipo en Suarez y Montero estar\u00e1 encantado de ayudarle durante todo el proceso.<\/p>\n<p>Nuestros abogados son altamente calificados, con una amplia gama de conocimientos sobre una variedad de casos, y pueden ayudar a garantizar que obtenga el acuerdo que se merece. Hacemos esto analizando cada caso a fondo para garantizar que nuestros clientes reciban la compensaci\u00f3n que merecen. Tambi\u00e9n priorizamos el bienestar de nuestros clientes, entendiendo que tambi\u00e9n es importante que cierren lo m\u00e1s pronto posible el evento traumatizante.<\/p>\n<p>Atendemos a cualquier v\u00edctima de accidente de autom\u00f3vil cuya reclamaci\u00f3n deba presentarse lo antes posible. Nuestra evaluaci\u00f3n del reclamo comenzar\u00e1 con una consulta gratuita para obtener los hechos del reclamo. Confiamos en la capacidad de nuestro equipo de buscar reclamos por accidentes en una variedad de casos, y nuestro objetivo es realizar nuestro trabajo con la mayor profesionalidad.<\/p>\n<p>Si desea programar una sesi\u00f3n de consulta gratuita con uno de nuestros abogados, llame al <a href=\"tel:305-631-1911\">305-631-1911<\/a> o <a href=\"tel:954-704-8123\">954-704-8123<\/a>. El equipo de Suarez &amp; Montero es h\u00e1bil y experimentado, y tiene d\u00e9cadas de experiencia legal en el campo de la ley de accidentes. Nos complace ayudarlo y garantizarle que tendr\u00e1 acceso a un excelente equipo legal con servicios de alta calidad.<\/p>\n","protected":false},"excerpt":{"rendered":"<p>Los accidentes pueden pasarle a cualquiera. Son impredecibles y desafortunados, pero eso no significa que est\u00e9s indefenso. Si usted es v\u00edctima de un accidente en Miami o en el estado de Florida, presentar un reclamo de indemnizaci\u00f3n es el primer paso para recuperar sus p\u00e9rdidas y mitigar sus da\u00f1os. Aunque presentar un reclamo puede ser [&hellip;]<\/p>\n","protected":false},"author":2,"featured_media":0,"parent":35246,"menu_order":0,"comment_status":"closed","ping_status":"closed","template":"","meta":{"footnotes":""},"class_list":["post-35260","page","type-page","status-publish","hentry"],"yoast_head":"<!-- This site is optimized with the Yoast SEO plugin v27.1.1 - https:\/\/yoast.com\/product\/yoast-seo-wordpress\/ -->\n<title>Accidentes | Jaime Su\u00e1rez<\/title>\n<meta name=\"description\" content=\"\u00bfEs usted v\u00edctima de un accidente automovil\u00edstico en Miami y necesita que alguien presente una reclamaci\u00f3n de compensaci\u00f3n? Las oficinas legales de Su\u00e1rez y Montero son su respuesta con experiencia en d\u00e9cadas de ley de accidentes automovil\u00edsticos.\" \/>\n<meta name=\"robots\" content=\"index, follow, max-snippet:-1, max-image-preview:large, max-video-preview:-1\" \/>\n<link rel=\"canonical\" href=\"https:\/\/www.jaime-suarez.com\/es\/areas-de-practica\/todas-accidentes\/\" \/>\n<meta property=\"og:locale\" content=\"es_ES\" \/>\n<meta property=\"og:type\" content=\"article\" \/>\n<meta property=\"og:title\" content=\"Accidentes | Jaime Su\u00e1rez\" \/>\n<meta property=\"og:description\" content=\"\u00bfEs usted v\u00edctima de un accidente automovil\u00edstico en Miami y necesita que alguien presente una reclamaci\u00f3n de compensaci\u00f3n? Las oficinas legales de Su\u00e1rez y Montero son su respuesta con experiencia en d\u00e9cadas de ley de accidentes automovil\u00edsticos.\" \/>\n<meta property=\"og:url\" content=\"https:\/\/www.jaime-suarez.com\/es\/areas-de-practica\/todas-accidentes\/\" \/>\n<meta property=\"og:site_name\" content=\"Jaime Suarez\" \/>\n<meta property=\"article:modified_time\" content=\"2026-01-25T07:41:36+00:00\" \/>\n<meta name=\"twitter:card\" content=\"summary_large_image\" \/>\n<meta name=\"twitter:label1\" content=\"Tiempo de lectura\" \/>\n\t<meta name=\"twitter:data1\" content=\"2 minutos\" \/>\n<!-- \/ Yoast SEO plugin. -->","yoast_head_json":{"title":"Accidentes | Jaime Su\u00e1rez","description":"\u00bfEs usted v\u00edctima de un accidente automovil\u00edstico en Miami y necesita que alguien presente una reclamaci\u00f3n de compensaci\u00f3n? Las oficinas legales de Su\u00e1rez y Montero son su respuesta con experiencia en d\u00e9cadas de ley de accidentes automovil\u00edsticos.","robots":{"index":"index","follow":"follow","max-snippet":"max-snippet:-1","max-image-preview":"max-image-preview:large","max-video-preview":"max-video-preview:-1"},"canonical":"https:\/\/www.jaime-suarez.com\/es\/areas-de-practica\/todas-accidentes\/","og_locale":"es_ES","og_type":"article","og_title":"Accidentes | Jaime Su\u00e1rez","og_description":"\u00bfEs usted v\u00edctima de un accidente automovil\u00edstico en Miami y necesita que alguien presente una reclamaci\u00f3n de compensaci\u00f3n? Las oficinas legales de Su\u00e1rez y Montero son su respuesta con experiencia en d\u00e9cadas de ley de accidentes automovil\u00edsticos.","og_url":"https:\/\/www.jaime-suarez.com\/es\/areas-de-practica\/todas-accidentes\/","og_site_name":"Jaime Suarez","article_modified_time":"2026-01-25T07:41:36+00:00","twitter_card":"summary_large_image","twitter_misc":{"Tiempo de lectura":"2 minutos"},"schema":{"@context":"https:\/\/schema.org","@graph":[{"@type":"WebPage","@id":"https:\/\/www.jaime-suarez.com\/es\/areas-de-practica\/todas-accidentes\/","url":"https:\/\/www.jaime-suarez.com\/es\/areas-de-practica\/todas-accidentes\/","name":"Accidentes | Jaime Su\u00e1rez","isPartOf":{"@id":"https:\/\/www.jaime-suarez.com\/es\/#website"},"datePublished":"2026-01-25T07:40:08+00:00","dateModified":"2026-01-25T07:41:36+00:00","description":"\u00bfEs usted v\u00edctima de un accidente automovil\u00edstico en Miami y necesita que alguien presente una reclamaci\u00f3n de compensaci\u00f3n? Las oficinas legales de Su\u00e1rez y Montero son su respuesta con experiencia en d\u00e9cadas de ley de accidentes automovil\u00edsticos.","breadcrumb":{"@id":"https:\/\/www.jaime-suarez.com\/es\/areas-de-practica\/todas-accidentes\/#breadcrumb"},"inLanguage":"es","potentialAction":[{"@type":"ReadAction","target":["https:\/\/www.jaime-suarez.com\/es\/areas-de-practica\/todas-accidentes\/"]}]},{"@type":"BreadcrumbList","@id":"https:\/\/www.jaime-suarez.com\/es\/areas-de-practica\/todas-accidentes\/#breadcrumb","itemListElement":[{"@type":"ListItem","position":1,"name":"Home","item":"https:\/\/www.jaime-suarez.com\/es\/"},{"@type":"ListItem","position":2,"name":"Areas de Practica","item":"https:\/\/www.jaime-suarez.com\/es\/areas-de-practica\/"},{"@type":"ListItem","position":3,"name":"Accidentes"}]},{"@type":"WebSite","@id":"https:\/\/www.jaime-suarez.com\/es\/#website","url":"https:\/\/www.jaime-suarez.com\/es\/","name":"Jaime Suarez","description":"Miami Injury Accident Attorney","publisher":{"@id":"https:\/\/www.jaime-suarez.com\/es\/#organization"},"potentialAction":[{"@type":"SearchAction","target":{"@type":"EntryPoint","urlTemplate":"https:\/\/www.jaime-suarez.com\/es\/?s={search_term_string}"},"query-input":{"@type":"PropertyValueSpecification","valueRequired":true,"valueName":"search_term_string"}}],"inLanguage":"es"},{"@type":"Organization","@id":"https:\/\/www.jaime-suarez.com\/es\/#organization","name":"Jaime Suarez","url":"https:\/\/www.jaime-suarez.com\/es\/","logo":{"@type":"ImageObject","inLanguage":"es","@id":"https:\/\/www.jaime-suarez.com\/es\/#\/schema\/logo\/image\/","url":"https:\/\/www.jaime-suarez.com\/wp-content\/uploads\/2025\/11\/jaime-suarez-logo.webp","contentUrl":"https:\/\/www.jaime-suarez.com\/wp-content\/uploads\/2025\/11\/jaime-suarez-logo.webp","width":900,"height":263,"caption":"Jaime Suarez"},"image":{"@id":"https:\/\/www.jaime-suarez.com\/es\/#\/schema\/logo\/image\/"}}]}},"_links":{"self":[{"href":"https:\/\/www.jaime-suarez.com\/es\/wp-json\/wp\/v2\/pages\/35260","targetHints":{"allow":["GET"]}}],"collection":[{"href":"https:\/\/www.jaime-suarez.com\/es\/wp-json\/wp\/v2\/pages"}],"about":[{"href":"https:\/\/www.jaime-suarez.com\/es\/wp-json\/wp\/v2\/types\/page"}],"author":[{"embeddable":true,"href":"https:\/\/www.jaime-suarez.com\/es\/wp-json\/wp\/v2\/users\/2"}],"replies":[{"embeddable":true,"href":"https:\/\/www.jaime-suarez.com\/es\/wp-json\/wp\/v2\/comments?post=35260"}],"version-history":[{"count":1,"href":"https:\/\/www.jaime-suarez.com\/es\/wp-json\/wp\/v2\/pages\/35260\/revisions"}],"predecessor-version":[{"id":35261,"href":"https:\/\/www.jaime-suarez.com\/es\/wp-json\/wp\/v2\/pages\/35260\/revisions\/35261"}],"up":[{"embeddable":true,"href":"https:\/\/www.jaime-suarez.com\/es\/wp-json\/wp\/v2\/pages\/35246"}],"wp:attachment":[{"href":"https:\/\/www.jaime-suarez.com\/es\/wp-json\/wp\/v2\/media?parent=35260"}],"curies":[{"name":"wp","href":"https:\/\/api.w.org\/{rel}","templated":true}]}}