{"id":35265,"date":"2026-01-25T07:52:58","date_gmt":"2026-01-25T07:52:58","guid":{"rendered":"https:\/\/jaime-suarez.com\/?page_id=35265"},"modified":"2026-01-25T07:59:15","modified_gmt":"2026-01-25T07:59:15","slug":"obtenga-los-beneficios-que-merece","status":"publish","type":"page","link":"https:\/\/www.jaime-suarez.com\/es\/abogado-de-accidentes-automovilisticos-en-miami\/obtenga-los-beneficios-que-merece\/","title":{"rendered":"Obtenga los beneficios que merece"},"content":{"rendered":"<p>Todos los conductores, incluso si son cautelosos, siguen siendo vulnerables a la posibilidad de un accidente automovil\u00edstico. Es por eso que seg\u00fan la ley de la Florida, todos los conductores deben tener una cobertura de seguro llamada protecci\u00f3n contra lesiones personales (PIP) y responsabilidad civil por da\u00f1os a la propiedad. Pero hay una advertencia: el PIP solo cubre los tratamientos m\u00e9dicos dentro de los primeros catorce d\u00edas y, por lo tanto, si se presenta un reclamo posteriormente, su abogado debe presentar una demanda para obtener los da\u00f1os m\u00e9dicos de la parte culpable que habr\u00eda sido pagado de PIP para cubrir sus gastos m\u00e9dicos.<\/p>\n<p><img decoding=\"async\" class=\"alignnone size-full wp-image-35238\" src=\"https:\/\/jaime-suarez.com\/wp-content\/uploads\/2026\/01\/accidents-car_021.webp\" alt=\"\" width=\"290\" height=\"160\" \/><\/p>\n<p>Si necesita un abogado para administrar su reclamo, comun\u00edquese con uno de nuestros abogados especialistas en accidentes automovil\u00edsticos llamando al <a href=\"tel:305-631-1911\">305-631-1911<\/a>(Miami) o al <a href=\"tel:954-704-8123\">954-704-8123<\/a> (Broward). Contar con la ayuda de un abogado con experiencia en accidentes automovil\u00edsticos en Miami y Fort Lauderdale puede ayudarlo a obtener el mejor acuerdo disponible.<\/p>\n<h2>Abogados de accidentes automovili\u0301sticos en Florida (Miami &amp; Broward)<\/h2>\n<p>In so\u0301lo unos segundos, una decisio\u0301n equivocada puede cambiar permanentemente la vida mientras se opera un vehi\u0301culo. A distracted driver, Un conductor ebrio, Un conductor temerario, o Un conductor que Desobedece las leyes de tra\u0301fico de Florida puede causar serios dan\u0303os a otros. Florida es un estado de \u00abno-culpa\u00bb que no significa que el Consulta En Quie\u0301n en realidad es responsable del accidente es abandonado. En realidad, determinar la culpa es muy importante para averiguar quie\u0301n va a ser responsable de que sean sus lesiones. Despue\u0301s de recibir tratamiento por cualquier lesio\u0301n, es esencial asegurarse de obtener el asesoramiento de un abogado experimentado en accidentes automovili\u0301sticos de Florida para asegurarse de que siga todas las pautas necesarias para presentar una reclamacio\u0301n de seguro de accidente automovili\u0301stico. Con la asistencia de un Pro\u0301spero Coche Bufete de abogados de accidentes como Suarez &amp; Montero, sus probabilidades de recibir el mejor asentamiento posible aumentara\u0301n debido a nuestra experiencia y dedicacio\u0301n a nuestros clientes. Nuestra Florida los abogados de accidentes automovili\u0301sticos pueden presentar reclamos y luchar por usted contra compan\u0303i\u0301as de seguros.<\/p>\n<h2>Compensacio\u0301n despue\u0301s de un accidente automovili\u0301stico en Florida<\/h2>\n<p>La base para la compensacio\u0301n despue\u0301s de un accidente de auto vari\u0301a en los hechos y circunstancias de su reclamo y accidente en particular. Nuestros abogados hara\u0301n todo lo que podamos para investigar el accidente y cada parte que esta\u0301 involucrado para asegurarse de que obtenemos toda la informacio\u0301n necesaria para compensarle adecuadamente por sus lesiones. A continuacio\u0301n, se proporciona un desglose de algunas de las a\u0301reas potenciales en las que podemos obtener compensacio\u0301n por sus lesiones:<\/p>\n<h2>Su proveedor de seguros de auto:<\/h2>\n<p>Podemos utilizar cualquier cobertura de proteccio\u0301n contra lesiones personales (PIP) disponible para pagar los gastos me\u0301dicos y dan\u0303os a la propiedad. Si hay otro conductor involucrado en el accidente automovili\u0301stico que no tiene cobertura de seguro de auto, existe la opcio\u0301n de ir despue\u0301s de los beneficios bajo una cobertura de motorista no asegurado\/Infrasegurado (UIM) si usted opto\u0301 por comprar la cobertura en el inicio de la poli\u0301tica de auto Peri\u0301odo. So\u0301lo para ofrecer algunas aclaraciones sobre PIP, esta cobertura es obligatoria bajo la ley de Florida y proporciona cobertura para el 80% de todos los gastos me\u0301dicos razonables, relacionados y necesarios, asi\u0301 como el 60% de los salarios perdidos derivados de un accidente automovili\u0301stico que ocurre durante el peri\u0301odo de poli\u0301tica. Los servicios dome\u0301sticos tambie\u0301n se cubren generalmente en 100%. P.I.P. proporciona adema\u0301s un beneficio de muerte de $5.000 (que ahora esta\u0301 por encima y ma\u0301s alla\u0301 del total disponible $10.000 beneficios me\u0301dicos y de pe\u0301rdida salarial). La po\u0301liza es principal por encima de otro seguro y proporciona cobertura a un li\u0301mite de $10.000 ($15.000 en caso de una reclamacio\u0301n de defuncio\u0301n). La idea detra\u0301s de PIP es que antes de presentar una demanda contra la parte responsable de sus lesiones, primero debe buscar a su propia compan\u0303i\u0301a de seguros para pagar los gastos me\u0301dicos como resultado del accidente.<\/p>\n<p><strong>Proveedor de seguros de auto de otra parte<\/strong>: si sus dan\u0303os son ma\u0301s altos de lo esperado o superan los li\u0301mites de PIP, nuestra empresa puede presentar una reclamacio\u0301n por usted con la compan\u0303i\u0301a de seguros de automo\u0301viles del otro conductor para intentar obtener beneficios adicionales para compensarle por su Lesiones.<\/p>\n<p><strong>3rd partes responsables del accidente<\/strong>: si un accidente fue causado parcialmente por la negligencia de un tercero como el gobierno o una empresa, nuestra empresa puede proceder en su contra tambie\u0301n para obtener beneficios adicionales para sus lesiones.<\/p>\n<p><strong>Compensacio\u0301n de trabajadores<\/strong>: si su accidente de auto ocurrio\u0301 mientras trabajaba, puede ser compensado por la compan\u0303i\u0301a de seguros de compensacio\u0301n de trabajadores de su empleador.<\/p>\n<p><strong>Proveedor de seguro me\u0301dico<\/strong>: a veces, las aseguradoras de salud son responsables de algunos de los gastos me\u0301dicos que se acumulan despue\u0301s de sufrir una lesio\u0301n en un accidente automovili\u0301stico. Nuestra empresa puede comunicarse con su compan\u0303i\u0301a de seguros de salud y asegurarse de que contribuyen por su porcio\u0301n de sus dan\u0303os. Por supuesto, todo esto depende de los hechos y circunstancias que se apliquen a su caso en particular.<\/p>\n<h2>\u00bfCo\u0301mo determinar quie\u0301n tiene la culpa en un accidente automovili\u0301stico en Florida?<\/h2>\n<p>En general, los dan\u0303os en los casos de accidentes automovili\u0301sticos se determinan por el grado de culpa que se asigna a cada parte involucrada. Como vi\u0301ctima en un caso de accidente de auto, usted debe ser compensado por su propio proveedor de seguro de auto a trave\u0301s de PIP y luego de la compan\u0303i\u0301a de seguros de la parte de la falla.<\/p>\n<h2>Me lastime\u0301 en un accidente de auto, \u00bfque\u0301 debo hacer?<\/h2>\n<p>No hay Recambio Para asesoramiento legal de calidad despue\u0301s de haber participado en un accidente automovili\u0301stico. A los abogados de los accidentes automovili\u0301sticos de Suarez y Montero les encantari\u0301a tener la oportunidad de explicar la ley en Florida para asistirle en la presentacio\u0301n de una fuerte demanda contra la parte de la falla. Cada Firme Es Distintivo Y Coche Accidente Vi\u0301ctimas tienen necesidades que tambie\u0301n son distintas. necesidades son diferentes. Los abogados de accidentes automovili\u0301sticos de Florida en Suarez &amp; Montero te animan a llegar para que podamos explicar ma\u0301s acerca de las diferentes maneras en que nuestro bufete de abogados y fiscales pueden proporcionar ayuda legal y Gui\u0301a despue\u0301s de un accidente automovili\u0301stico. Muna cita con nosotros en uno de nuestros muchos lugares. Recuerde, trabajamos sobre una base de contingencia por lo que no nos debe nada si no somos capaces de obtener resultados exitosos para su caso.<\/p>\n<p>Las oficinas legales de abogados de accidente automovili\u0301stico Suarez &amp; Montero Representa vi\u0301ctimas de accidentes lesionados en varios tipos de accidente, incluyendo:<\/p>\n<ul>\n<li>Abogados de accidentes de conduccio\u0301n distrai\u0301dos<\/li>\n<li>Accidentes de conduccio\u0301n borrachos<\/li>\n<li>Accidentes automovili\u0301sticos de rabia de carretera<\/li>\n<li>Colisiones de frente<\/li>\n<li>Accidentes de rollover<\/li>\n<li>Accidentes automovili\u0301sticos traseros<\/li>\n<li>Accidentes de giro a la izquierda<\/li>\n<li>Accidentes automovili\u0301sticos de T-Bone<\/li>\n<li>Incapacidad para producir accidentes automovili\u0301sticos<\/li>\n<li>Accidentes de Sideswipe<\/li>\n<li>Fusio\u0301n de accidentes<\/li>\n<li>Accidentes de cambio de carril<\/li>\n<li>Accidentes de vehi\u0301culos de la zona de construccio\u0301n<\/li>\n<li>Uber accidentes<\/li>\n<li>Accidentes de camiones<\/li>\n<li>Accidentes de semi-camio\u0301n<\/li>\n<li>Accidentes de bicicleta<\/li>\n<li>Accidentes de tren<\/li>\n<li>Accidentes peatonales<\/li>\n<li>Accidentes de navegacio\u0301n<\/li>\n<\/ul>\n<p>Atendemos a clientes en toda Florida incluyendo aquellos en las siguientes a\u0301reas:<\/p>\n<p><strong>Miami-Dade<\/strong>: Aventura, Coral Gables, Doral, Fontainebleau, Hialeah, Homestead, Kendall, Miami, Miami Beach, Miami Lakes, North Miami, Tamiami, y Westchester.<br \/>\n<strong>Broward<\/strong>: Fort Lauderdale, Hallandale Beach, Hollywood, Pembroke Pines, y Weston; y el Condado de Palm Beach, incluyendo Boca Raton, Lake Worth, y West Palm Beach.<\/p>\n","protected":false},"excerpt":{"rendered":"<p>Todos los conductores, incluso si son cautelosos, siguen siendo vulnerables a la posibilidad de un accidente automovil\u00edstico. Es por eso que seg\u00fan la ley de la Florida, todos los conductores deben tener una cobertura de seguro llamada protecci\u00f3n contra lesiones personales (PIP) y responsabilidad civil por da\u00f1os a la propiedad. Pero hay una advertencia: el [&hellip;]<\/p>\n","protected":false},"author":2,"featured_media":0,"parent":626,"menu_order":0,"comment_status":"closed","ping_status":"closed","template":"","meta":{"footnotes":""},"class_list":["post-35265","page","type-page","status-publish","hentry"],"yoast_head":"<!-- This site is optimized with the Yoast SEO plugin v27.1.1 - https:\/\/yoast.com\/product\/yoast-seo-wordpress\/ -->\n<title>Obt\u00e9n los beneficios que mereces - Jaime Su\u00e1rez<\/title>\n<meta name=\"description\" content=\"Disfrute de un accidente y busque un acuerdo, contrate a un abogado con experiencia en accidentes automovil\u00edsticos de las Oficinas Legales de Su\u00e1rez y Montero. Contamos con abogados de accidentes de auto calificados y profesionales.\" \/>\n<meta name=\"robots\" content=\"index, follow, max-snippet:-1, max-image-preview:large, max-video-preview:-1\" \/>\n<link rel=\"canonical\" href=\"https:\/\/www.jaime-suarez.com\/es\/abogado-de-accidentes-automovilisticos-en-miami\/obtenga-los-beneficios-que-merece\/\" \/>\n<meta property=\"og:locale\" content=\"es_ES\" \/>\n<meta property=\"og:type\" content=\"article\" \/>\n<meta property=\"og:title\" content=\"Obt\u00e9n los beneficios que mereces - Jaime Su\u00e1rez\" \/>\n<meta property=\"og:description\" content=\"Disfrute de un accidente y busque un acuerdo, contrate a un abogado con experiencia en accidentes automovil\u00edsticos de las Oficinas Legales de Su\u00e1rez y Montero. Contamos con abogados de accidentes de auto calificados y profesionales.\" \/>\n<meta property=\"og:url\" content=\"https:\/\/www.jaime-suarez.com\/es\/abogado-de-accidentes-automovilisticos-en-miami\/obtenga-los-beneficios-que-merece\/\" \/>\n<meta property=\"og:site_name\" content=\"Jaime Suarez\" \/>\n<meta property=\"article:modified_time\" content=\"2026-01-25T07:59:15+00:00\" \/>\n<meta property=\"og:image\" content=\"https:\/\/jaime-suarez.com\/wp-content\/uploads\/2026\/01\/accidents-car_021.webp\" \/>\n<meta name=\"twitter:card\" content=\"summary_large_image\" \/>\n<meta name=\"twitter:label1\" content=\"Tiempo de lectura\" \/>\n\t<meta name=\"twitter:data1\" content=\"6 minutos\" \/>\n<!-- \/ Yoast SEO plugin. -->","yoast_head_json":{"title":"Obt\u00e9n los beneficios que mereces - Jaime Su\u00e1rez","description":"Disfrute de un accidente y busque un acuerdo, contrate a un abogado con experiencia en accidentes automovil\u00edsticos de las Oficinas Legales de Su\u00e1rez y Montero. Contamos con abogados de accidentes de auto calificados y profesionales.","robots":{"index":"index","follow":"follow","max-snippet":"max-snippet:-1","max-image-preview":"max-image-preview:large","max-video-preview":"max-video-preview:-1"},"canonical":"https:\/\/www.jaime-suarez.com\/es\/abogado-de-accidentes-automovilisticos-en-miami\/obtenga-los-beneficios-que-merece\/","og_locale":"es_ES","og_type":"article","og_title":"Obt\u00e9n los beneficios que mereces - Jaime Su\u00e1rez","og_description":"Disfrute de un accidente y busque un acuerdo, contrate a un abogado con experiencia en accidentes automovil\u00edsticos de las Oficinas Legales de Su\u00e1rez y Montero. Contamos con abogados de accidentes de auto calificados y profesionales.","og_url":"https:\/\/www.jaime-suarez.com\/es\/abogado-de-accidentes-automovilisticos-en-miami\/obtenga-los-beneficios-que-merece\/","og_site_name":"Jaime Suarez","article_modified_time":"2026-01-25T07:59:15+00:00","og_image":[{"url":"https:\/\/jaime-suarez.com\/wp-content\/uploads\/2026\/01\/accidents-car_021.webp","type":"","width":"","height":""}],"twitter_card":"summary_large_image","twitter_misc":{"Tiempo de lectura":"6 minutos"},"schema":{"@context":"https:\/\/schema.org","@graph":[{"@type":"WebPage","@id":"https:\/\/www.jaime-suarez.com\/es\/abogado-de-accidentes-automovilisticos-en-miami\/obtenga-los-beneficios-que-merece\/","url":"https:\/\/www.jaime-suarez.com\/es\/abogado-de-accidentes-automovilisticos-en-miami\/obtenga-los-beneficios-que-merece\/","name":"Obt\u00e9n los beneficios que mereces - Jaime Su\u00e1rez","isPartOf":{"@id":"https:\/\/www.jaime-suarez.com\/es\/#website"},"primaryImageOfPage":{"@id":"https:\/\/www.jaime-suarez.com\/es\/abogado-de-accidentes-automovilisticos-en-miami\/obtenga-los-beneficios-que-merece\/#primaryimage"},"image":{"@id":"https:\/\/www.jaime-suarez.com\/es\/abogado-de-accidentes-automovilisticos-en-miami\/obtenga-los-beneficios-que-merece\/#primaryimage"},"thumbnailUrl":"https:\/\/jaime-suarez.com\/wp-content\/uploads\/2026\/01\/accidents-car_021.webp","datePublished":"2026-01-25T07:52:58+00:00","dateModified":"2026-01-25T07:59:15+00:00","description":"Disfrute de un accidente y busque un acuerdo, contrate a un abogado con experiencia en accidentes automovil\u00edsticos de las Oficinas Legales de Su\u00e1rez y Montero. Contamos con abogados de accidentes de auto calificados y profesionales.","breadcrumb":{"@id":"https:\/\/www.jaime-suarez.com\/es\/abogado-de-accidentes-automovilisticos-en-miami\/obtenga-los-beneficios-que-merece\/#breadcrumb"},"inLanguage":"es","potentialAction":[{"@type":"ReadAction","target":["https:\/\/www.jaime-suarez.com\/es\/abogado-de-accidentes-automovilisticos-en-miami\/obtenga-los-beneficios-que-merece\/"]}]},{"@type":"ImageObject","inLanguage":"es","@id":"https:\/\/www.jaime-suarez.com\/es\/abogado-de-accidentes-automovilisticos-en-miami\/obtenga-los-beneficios-que-merece\/#primaryimage","url":"https:\/\/jaime-suarez.com\/wp-content\/uploads\/2026\/01\/accidents-car_021.webp","contentUrl":"https:\/\/jaime-suarez.com\/wp-content\/uploads\/2026\/01\/accidents-car_021.webp"},{"@type":"BreadcrumbList","@id":"https:\/\/www.jaime-suarez.com\/es\/abogado-de-accidentes-automovilisticos-en-miami\/obtenga-los-beneficios-que-merece\/#breadcrumb","itemListElement":[{"@type":"ListItem","position":1,"name":"Home","item":"https:\/\/www.jaime-suarez.com\/es\/"},{"@type":"ListItem","position":2,"name":"Accidente De Auto","item":"https:\/\/www.jaime-suarez.com\/es\/abogado-de-accidentes-automovilisticos-en-miami\/"},{"@type":"ListItem","position":3,"name":"Obtenga los beneficios que merece"}]},{"@type":"WebSite","@id":"https:\/\/www.jaime-suarez.com\/es\/#website","url":"https:\/\/www.jaime-suarez.com\/es\/","name":"Jaime Suarez","description":"Miami Injury Accident Attorney","publisher":{"@id":"https:\/\/www.jaime-suarez.com\/es\/#organization"},"potentialAction":[{"@type":"SearchAction","target":{"@type":"EntryPoint","urlTemplate":"https:\/\/www.jaime-suarez.com\/es\/?s={search_term_string}"},"query-input":{"@type":"PropertyValueSpecification","valueRequired":true,"valueName":"search_term_string"}}],"inLanguage":"es"},{"@type":"Organization","@id":"https:\/\/www.jaime-suarez.com\/es\/#organization","name":"Jaime Suarez","url":"https:\/\/www.jaime-suarez.com\/es\/","logo":{"@type":"ImageObject","inLanguage":"es","@id":"https:\/\/www.jaime-suarez.com\/es\/#\/schema\/logo\/image\/","url":"https:\/\/www.jaime-suarez.com\/wp-content\/uploads\/2025\/11\/jaime-suarez-logo.webp","contentUrl":"https:\/\/www.jaime-suarez.com\/wp-content\/uploads\/2025\/11\/jaime-suarez-logo.webp","width":900,"height":263,"caption":"Jaime Suarez"},"image":{"@id":"https:\/\/www.jaime-suarez.com\/es\/#\/schema\/logo\/image\/"}}]}},"_links":{"self":[{"href":"https:\/\/www.jaime-suarez.com\/es\/wp-json\/wp\/v2\/pages\/35265","targetHints":{"allow":["GET"]}}],"collection":[{"href":"https:\/\/www.jaime-suarez.com\/es\/wp-json\/wp\/v2\/pages"}],"about":[{"href":"https:\/\/www.jaime-suarez.com\/es\/wp-json\/wp\/v2\/types\/page"}],"author":[{"embeddable":true,"href":"https:\/\/www.jaime-suarez.com\/es\/wp-json\/wp\/v2\/users\/2"}],"replies":[{"embeddable":true,"href":"https:\/\/www.jaime-suarez.com\/es\/wp-json\/wp\/v2\/comments?post=35265"}],"version-history":[{"count":3,"href":"https:\/\/www.jaime-suarez.com\/es\/wp-json\/wp\/v2\/pages\/35265\/revisions"}],"predecessor-version":[{"id":35269,"href":"https:\/\/www.jaime-suarez.com\/es\/wp-json\/wp\/v2\/pages\/35265\/revisions\/35269"}],"up":[{"embeddable":true,"href":"https:\/\/www.jaime-suarez.com\/es\/wp-json\/wp\/v2\/pages\/626"}],"wp:attachment":[{"href":"https:\/\/www.jaime-suarez.com\/es\/wp-json\/wp\/v2\/media?parent=35265"}],"curies":[{"name":"wp","href":"https:\/\/api.w.org\/{rel}","templated":true}]}}