{"id":35273,"date":"2026-01-25T08:02:47","date_gmt":"2026-01-25T08:02:47","guid":{"rendered":"https:\/\/jaime-suarez.com\/?page_id=35273"},"modified":"2026-01-25T08:05:41","modified_gmt":"2026-01-25T08:05:41","slug":"abogado-de-accidentes-en-fort-lauderdale","status":"publish","type":"page","link":"https:\/\/www.jaime-suarez.com\/es\/abogado-de-accidentes-automovilisticos-en-miami\/abogado-de-accidentes-en-fort-lauderdale\/","title":{"rendered":"Abogado de Accidentes en Fort Lauderdale"},"content":{"rendered":"<h2>Abogado de accidentes de Fort Lauderdale, ayudando a las v\u00edctimas de accidentes automovil\u00edsticos<\/h2>\n<p>Los accidentes automovil\u00edsticos pueden cambiar instant\u00e1neamente la vida de alguien. Las v\u00edctimas de accidentes automovil\u00edsticos pueden acumular miles de d\u00f3lares en costosas facturas m\u00e9dicas y pueden experimentar semanas, sino meses, de salarios perdidos. Las frustraciones de sufrir una lesi\u00f3n personal se pueden aliviar buscando la ayuda del Bufete de Abogados de Suarez &amp; Montero.<\/p>\n<p>Los abogados de accidentes automovil\u00edsticos de Fort Lauderdale, Suarez y Montero est\u00e1n altamente concentrados en el campo de la ley de accidentes y tienen muchas d\u00e9cadas de conocimiento legal y experiencia para ayudarlo a luchar contra las grandes compa\u00f1\u00edas de seguros.<\/p>\n<p>Como v\u00edctima de un accidente, tiene derecho a solicitar legalmente que la parte culpable pague los da\u00f1os causados por su negligencia. Como tal, es importante contratar el Bufete de <a href=\"https:\/\/jaime-suarez.com\/es\/\">Abogados de Su\u00e1rez y Montero<\/a> que est\u00e1n ubicadas en Fort Lauderdale y en Miami para ayudarlo con las complejidades de presentar un reclamo contra la compa\u00f1\u00eda de seguros.<\/p>\n<h2>Al establecerse fuera de la corte<\/h2>\n<p>Muchas demandas por accidentes se resuelven por medios distintos de los tribunales. Estas demandas se resuelven fuera del tribunal a trav\u00e9s de negociaciones entre el demandante (la v\u00edctima) y el demandado (la parte negligente) cuando acuerdan los t\u00e9rminos del valor del reclamo. Adem\u00e1s, los casos de lesiones por accidentes tambi\u00e9n pueden ser mediados o negociados, ambos son alternativas asequibles a los procedimientos judiciales. La mediaci\u00f3n es un proceso donde las negociaciones se llevan a cabo entre las partes involucradas y un tercero neutral que ayuda a resolver la disputa entre las dos partes involucradas. Por \u00faltimo, el arbitraje es m\u00e1s formal que una mediaci\u00f3n y es cuando un tercero experimentado, normalmente un juez, toma una decisi\u00f3n sobre el resultado del caso.<\/p>\n<p>Los abogados de Suarez &amp; Montero tienen muchos a\u00f1os de experiencia en mediaciones y arbitrajes y han manejado muchos casos en este campo.<\/p>\n","protected":false},"excerpt":{"rendered":"<p>Abogado de accidentes de Fort Lauderdale, ayudando a las v\u00edctimas de accidentes automovil\u00edsticos Los accidentes automovil\u00edsticos pueden cambiar instant\u00e1neamente la vida de alguien. Las v\u00edctimas de accidentes automovil\u00edsticos pueden acumular miles de d\u00f3lares en costosas facturas m\u00e9dicas y pueden experimentar semanas, sino meses, de salarios perdidos. Las frustraciones de sufrir una lesi\u00f3n personal se pueden [&hellip;]<\/p>\n","protected":false},"author":2,"featured_media":0,"parent":626,"menu_order":0,"comment_status":"closed","ping_status":"closed","template":"","meta":{"footnotes":""},"class_list":["post-35273","page","type-page","status-publish","hentry"],"yoast_head":"<!-- This site is optimized with the Yoast SEO plugin v27.1.1 - https:\/\/yoast.com\/product\/yoast-seo-wordpress\/ -->\n<title>Abogado de accidente de coche de Fort Lauderdale | Jaime Su\u00e1rez<\/title>\n<meta name=\"description\" content=\"Tenemos los mejores abogados de accidentes automovil\u00edsticos en Fort Lauderdale. Jaime Su\u00e1rez ayuda a los clientes a recibir la m\u00e1xima indemnizaci\u00f3n por lesiones en el autom\u00f3vil.\" \/>\n<meta name=\"robots\" content=\"index, follow, max-snippet:-1, max-image-preview:large, max-video-preview:-1\" \/>\n<link rel=\"canonical\" href=\"https:\/\/www.jaime-suarez.com\/es\/abogado-de-accidentes-automovilisticos-en-miami\/abogado-de-accidentes-en-fort-lauderdale\/\" \/>\n<meta property=\"og:locale\" content=\"es_ES\" \/>\n<meta property=\"og:type\" content=\"article\" \/>\n<meta property=\"og:title\" content=\"Abogado de accidente de coche de Fort Lauderdale | Jaime Su\u00e1rez\" \/>\n<meta property=\"og:description\" content=\"Tenemos los mejores abogados de accidentes automovil\u00edsticos en Fort Lauderdale. Jaime Su\u00e1rez ayuda a los clientes a recibir la m\u00e1xima indemnizaci\u00f3n por lesiones en el autom\u00f3vil.\" \/>\n<meta property=\"og:url\" content=\"https:\/\/www.jaime-suarez.com\/es\/abogado-de-accidentes-automovilisticos-en-miami\/abogado-de-accidentes-en-fort-lauderdale\/\" \/>\n<meta property=\"og:site_name\" content=\"Jaime Suarez\" \/>\n<meta property=\"article:modified_time\" content=\"2026-01-25T08:05:41+00:00\" \/>\n<meta name=\"twitter:card\" content=\"summary_large_image\" \/>\n<meta name=\"twitter:label1\" content=\"Tiempo de lectura\" \/>\n\t<meta name=\"twitter:data1\" content=\"2 minutos\" \/>\n<!-- \/ Yoast SEO plugin. -->","yoast_head_json":{"title":"Abogado de accidente de coche de Fort Lauderdale | Jaime Su\u00e1rez","description":"Tenemos los mejores abogados de accidentes automovil\u00edsticos en Fort Lauderdale. Jaime Su\u00e1rez ayuda a los clientes a recibir la m\u00e1xima indemnizaci\u00f3n por lesiones en el autom\u00f3vil.","robots":{"index":"index","follow":"follow","max-snippet":"max-snippet:-1","max-image-preview":"max-image-preview:large","max-video-preview":"max-video-preview:-1"},"canonical":"https:\/\/www.jaime-suarez.com\/es\/abogado-de-accidentes-automovilisticos-en-miami\/abogado-de-accidentes-en-fort-lauderdale\/","og_locale":"es_ES","og_type":"article","og_title":"Abogado de accidente de coche de Fort Lauderdale | Jaime Su\u00e1rez","og_description":"Tenemos los mejores abogados de accidentes automovil\u00edsticos en Fort Lauderdale. Jaime Su\u00e1rez ayuda a los clientes a recibir la m\u00e1xima indemnizaci\u00f3n por lesiones en el autom\u00f3vil.","og_url":"https:\/\/www.jaime-suarez.com\/es\/abogado-de-accidentes-automovilisticos-en-miami\/abogado-de-accidentes-en-fort-lauderdale\/","og_site_name":"Jaime Suarez","article_modified_time":"2026-01-25T08:05:41+00:00","twitter_card":"summary_large_image","twitter_misc":{"Tiempo de lectura":"2 minutos"},"schema":{"@context":"https:\/\/schema.org","@graph":[{"@type":"WebPage","@id":"https:\/\/www.jaime-suarez.com\/es\/abogado-de-accidentes-automovilisticos-en-miami\/abogado-de-accidentes-en-fort-lauderdale\/","url":"https:\/\/www.jaime-suarez.com\/es\/abogado-de-accidentes-automovilisticos-en-miami\/abogado-de-accidentes-en-fort-lauderdale\/","name":"Abogado de accidente de coche de Fort Lauderdale | Jaime Su\u00e1rez","isPartOf":{"@id":"https:\/\/www.jaime-suarez.com\/es\/#website"},"datePublished":"2026-01-25T08:02:47+00:00","dateModified":"2026-01-25T08:05:41+00:00","description":"Tenemos los mejores abogados de accidentes automovil\u00edsticos en Fort Lauderdale. Jaime Su\u00e1rez ayuda a los clientes a recibir la m\u00e1xima indemnizaci\u00f3n por lesiones en el autom\u00f3vil.","breadcrumb":{"@id":"https:\/\/www.jaime-suarez.com\/es\/abogado-de-accidentes-automovilisticos-en-miami\/abogado-de-accidentes-en-fort-lauderdale\/#breadcrumb"},"inLanguage":"es","potentialAction":[{"@type":"ReadAction","target":["https:\/\/www.jaime-suarez.com\/es\/abogado-de-accidentes-automovilisticos-en-miami\/abogado-de-accidentes-en-fort-lauderdale\/"]}]},{"@type":"BreadcrumbList","@id":"https:\/\/www.jaime-suarez.com\/es\/abogado-de-accidentes-automovilisticos-en-miami\/abogado-de-accidentes-en-fort-lauderdale\/#breadcrumb","itemListElement":[{"@type":"ListItem","position":1,"name":"Home","item":"https:\/\/www.jaime-suarez.com\/es\/"},{"@type":"ListItem","position":2,"name":"Accidente De Auto","item":"https:\/\/www.jaime-suarez.com\/es\/abogado-de-accidentes-automovilisticos-en-miami\/"},{"@type":"ListItem","position":3,"name":"Abogado de Accidentes en Fort Lauderdale"}]},{"@type":"WebSite","@id":"https:\/\/www.jaime-suarez.com\/es\/#website","url":"https:\/\/www.jaime-suarez.com\/es\/","name":"Jaime Suarez","description":"Miami Injury Accident Attorney","publisher":{"@id":"https:\/\/www.jaime-suarez.com\/es\/#organization"},"potentialAction":[{"@type":"SearchAction","target":{"@type":"EntryPoint","urlTemplate":"https:\/\/www.jaime-suarez.com\/es\/?s={search_term_string}"},"query-input":{"@type":"PropertyValueSpecification","valueRequired":true,"valueName":"search_term_string"}}],"inLanguage":"es"},{"@type":"Organization","@id":"https:\/\/www.jaime-suarez.com\/es\/#organization","name":"Jaime Suarez","url":"https:\/\/www.jaime-suarez.com\/es\/","logo":{"@type":"ImageObject","inLanguage":"es","@id":"https:\/\/www.jaime-suarez.com\/es\/#\/schema\/logo\/image\/","url":"https:\/\/www.jaime-suarez.com\/wp-content\/uploads\/2025\/11\/jaime-suarez-logo.webp","contentUrl":"https:\/\/www.jaime-suarez.com\/wp-content\/uploads\/2025\/11\/jaime-suarez-logo.webp","width":900,"height":263,"caption":"Jaime Suarez"},"image":{"@id":"https:\/\/www.jaime-suarez.com\/es\/#\/schema\/logo\/image\/"}}]}},"_links":{"self":[{"href":"https:\/\/www.jaime-suarez.com\/es\/wp-json\/wp\/v2\/pages\/35273","targetHints":{"allow":["GET"]}}],"collection":[{"href":"https:\/\/www.jaime-suarez.com\/es\/wp-json\/wp\/v2\/pages"}],"about":[{"href":"https:\/\/www.jaime-suarez.com\/es\/wp-json\/wp\/v2\/types\/page"}],"author":[{"embeddable":true,"href":"https:\/\/www.jaime-suarez.com\/es\/wp-json\/wp\/v2\/users\/2"}],"replies":[{"embeddable":true,"href":"https:\/\/www.jaime-suarez.com\/es\/wp-json\/wp\/v2\/comments?post=35273"}],"version-history":[{"count":1,"href":"https:\/\/www.jaime-suarez.com\/es\/wp-json\/wp\/v2\/pages\/35273\/revisions"}],"predecessor-version":[{"id":35274,"href":"https:\/\/www.jaime-suarez.com\/es\/wp-json\/wp\/v2\/pages\/35273\/revisions\/35274"}],"up":[{"embeddable":true,"href":"https:\/\/www.jaime-suarez.com\/es\/wp-json\/wp\/v2\/pages\/626"}],"wp:attachment":[{"href":"https:\/\/www.jaime-suarez.com\/es\/wp-json\/wp\/v2\/media?parent=35273"}],"curies":[{"name":"wp","href":"https:\/\/api.w.org\/{rel}","templated":true}]}}