{"id":35278,"date":"2026-01-25T08:11:48","date_gmt":"2026-01-25T08:11:48","guid":{"rendered":"https:\/\/jaime-suarez.com\/?page_id=35278"},"modified":"2026-01-25T08:13:35","modified_gmt":"2026-01-25T08:13:35","slug":"abogado-de-accidentes-automovilisticos-en-fort-lauderdale","status":"publish","type":"page","link":"https:\/\/www.jaime-suarez.com\/es\/abogado-de-accidentes-automovilisticos-en-miami\/abogado-de-accidentes-automovilisticos-en-fort-lauderdale\/","title":{"rendered":"Abogado de Accidentes Automovil\u00edsticos en Fort Lauderdale"},"content":{"rendered":"<h2>Abogado de accidentes automovil\u00edsticos en Fort Lauderdale: cu\u00e1ndo contratar y c\u00f3mo pueden ayudar<\/h2>\n<p>Uno de los mayores problemas despu\u00e9s de un accidente es el da\u00f1o a la propiedad. Su veh\u00edculo puede estar muy da\u00f1ado y, en algunos casos, se puede considerar una p\u00e9rdida total. Las compa\u00f1\u00edas de seguros son las entidades que evaluar\u00e1n los da\u00f1os sufridos por su veh\u00edculo y decidir\u00e1n si su autom\u00f3vil se considerar\u00e1 una p\u00e9rdida total o si su autom\u00f3vil puede ser reparado.<\/p>\n<p>Por ejemplo, si tiene la culpa, buscar\u00e1 el reembolso de su propia compa\u00f1\u00eda de seguros. Si no tiene la culpa, buscar\u00e1 el pago contra la compa\u00f1\u00eda de seguros en falla. Independientemente de la compa\u00f1\u00eda a la que solicite el pago, es posible que su oferta inicial no sea suficiente para cubrir completamente su p\u00e9rdida.<\/p>\n<p>Por lo tanto, si no tiene la experiencia, la energ\u00eda o el conocimiento para reclamar por los da\u00f1os que usted sufri\u00f3, necesita los servicios de un abogado especialista en accidentes automovil\u00edsticos de Fort Lauderdale, Miami o el Estado de Florida para asegurarse de obtener los da\u00f1os monetarios que usted merece.<\/p>\n<h2>\u00bfPor qu\u00e9 necesita un abogado de accidentes automovil\u00edsticos en Fort Lauderdale, Miami o el estado de Florida?<\/h2>\n<p>Las compa\u00f1\u00edas de seguros tambi\u00e9n tratan de evitar pagar m\u00e1s de lo que necesitan, por lo tanto, el Bufete de Abogados de Suarez y Montero tienen la experiencia de trabajar con compa\u00f1\u00edas de seguros y proteger sus derechos que a veces las compa\u00f1\u00edas de seguro no comprenden.<\/p>\n","protected":false},"excerpt":{"rendered":"<p>Abogado de accidentes automovil\u00edsticos en Fort Lauderdale: cu\u00e1ndo contratar y c\u00f3mo pueden ayudar Uno de los mayores problemas despu\u00e9s de un accidente es el da\u00f1o a la propiedad. Su veh\u00edculo puede estar muy da\u00f1ado y, en algunos casos, se puede considerar una p\u00e9rdida total. Las compa\u00f1\u00edas de seguros son las entidades que evaluar\u00e1n los da\u00f1os [&hellip;]<\/p>\n","protected":false},"author":2,"featured_media":0,"parent":626,"menu_order":0,"comment_status":"closed","ping_status":"closed","template":"","meta":{"footnotes":""},"class_list":["post-35278","page","type-page","status-publish","hentry"],"yoast_head":"<!-- This site is optimized with the Yoast SEO plugin v27.1.1 - https:\/\/yoast.com\/product\/yoast-seo-wordpress\/ -->\n<title>Abogado de Accidente de Autom\u00f3vil Fort Lauderdale | Abogados de Accidentes Automovil\u00edsticos | Jaime Su\u00e1rez<\/title>\n<meta name=\"description\" content=\"\u00bfNecesita un abogado de accidente de coche en Fort Lauderdale? Nuestro abogado experto en accidentes automovil\u00edsticos trabajar\u00e1 para descubrir todos los hechos en su caso. Si se lesion\u00f3 en un accidente automovil\u00edstico, ll\u00e1menos hoy para una consulta gratuita.\" \/>\n<meta name=\"robots\" content=\"index, follow, max-snippet:-1, max-image-preview:large, max-video-preview:-1\" \/>\n<link rel=\"canonical\" href=\"https:\/\/www.jaime-suarez.com\/es\/abogado-de-accidentes-automovilisticos-en-miami\/abogado-de-accidentes-automovilisticos-en-fort-lauderdale\/\" \/>\n<meta property=\"og:locale\" content=\"es_ES\" \/>\n<meta property=\"og:type\" content=\"article\" \/>\n<meta property=\"og:title\" content=\"Abogado de Accidente de Autom\u00f3vil Fort Lauderdale | Abogados de Accidentes Automovil\u00edsticos | Jaime Su\u00e1rez\" \/>\n<meta property=\"og:description\" content=\"\u00bfNecesita un abogado de accidente de coche en Fort Lauderdale? Nuestro abogado experto en accidentes automovil\u00edsticos trabajar\u00e1 para descubrir todos los hechos en su caso. Si se lesion\u00f3 en un accidente automovil\u00edstico, ll\u00e1menos hoy para una consulta gratuita.\" \/>\n<meta property=\"og:url\" content=\"https:\/\/www.jaime-suarez.com\/es\/abogado-de-accidentes-automovilisticos-en-miami\/abogado-de-accidentes-automovilisticos-en-fort-lauderdale\/\" \/>\n<meta property=\"og:site_name\" content=\"Jaime Suarez\" \/>\n<meta property=\"article:modified_time\" content=\"2026-01-25T08:13:35+00:00\" \/>\n<meta name=\"twitter:card\" content=\"summary_large_image\" \/>\n<meta name=\"twitter:label1\" content=\"Tiempo de lectura\" \/>\n\t<meta name=\"twitter:data1\" content=\"2 minutos\" \/>\n<!-- \/ Yoast SEO plugin. -->","yoast_head_json":{"title":"Abogado de Accidente de Autom\u00f3vil Fort Lauderdale | Abogados de Accidentes Automovil\u00edsticos | Jaime Su\u00e1rez","description":"\u00bfNecesita un abogado de accidente de coche en Fort Lauderdale? Nuestro abogado experto en accidentes automovil\u00edsticos trabajar\u00e1 para descubrir todos los hechos en su caso. Si se lesion\u00f3 en un accidente automovil\u00edstico, ll\u00e1menos hoy para una consulta gratuita.","robots":{"index":"index","follow":"follow","max-snippet":"max-snippet:-1","max-image-preview":"max-image-preview:large","max-video-preview":"max-video-preview:-1"},"canonical":"https:\/\/www.jaime-suarez.com\/es\/abogado-de-accidentes-automovilisticos-en-miami\/abogado-de-accidentes-automovilisticos-en-fort-lauderdale\/","og_locale":"es_ES","og_type":"article","og_title":"Abogado de Accidente de Autom\u00f3vil Fort Lauderdale | Abogados de Accidentes Automovil\u00edsticos | Jaime Su\u00e1rez","og_description":"\u00bfNecesita un abogado de accidente de coche en Fort Lauderdale? Nuestro abogado experto en accidentes automovil\u00edsticos trabajar\u00e1 para descubrir todos los hechos en su caso. Si se lesion\u00f3 en un accidente automovil\u00edstico, ll\u00e1menos hoy para una consulta gratuita.","og_url":"https:\/\/www.jaime-suarez.com\/es\/abogado-de-accidentes-automovilisticos-en-miami\/abogado-de-accidentes-automovilisticos-en-fort-lauderdale\/","og_site_name":"Jaime Suarez","article_modified_time":"2026-01-25T08:13:35+00:00","twitter_card":"summary_large_image","twitter_misc":{"Tiempo de lectura":"2 minutos"},"schema":{"@context":"https:\/\/schema.org","@graph":[{"@type":"WebPage","@id":"https:\/\/www.jaime-suarez.com\/es\/abogado-de-accidentes-automovilisticos-en-miami\/abogado-de-accidentes-automovilisticos-en-fort-lauderdale\/","url":"https:\/\/www.jaime-suarez.com\/es\/abogado-de-accidentes-automovilisticos-en-miami\/abogado-de-accidentes-automovilisticos-en-fort-lauderdale\/","name":"Abogado de Accidente de Autom\u00f3vil Fort Lauderdale | Abogados de Accidentes Automovil\u00edsticos | Jaime Su\u00e1rez","isPartOf":{"@id":"https:\/\/www.jaime-suarez.com\/es\/#website"},"datePublished":"2026-01-25T08:11:48+00:00","dateModified":"2026-01-25T08:13:35+00:00","description":"\u00bfNecesita un abogado de accidente de coche en Fort Lauderdale? Nuestro abogado experto en accidentes automovil\u00edsticos trabajar\u00e1 para descubrir todos los hechos en su caso. Si se lesion\u00f3 en un accidente automovil\u00edstico, ll\u00e1menos hoy para una consulta gratuita.","breadcrumb":{"@id":"https:\/\/www.jaime-suarez.com\/es\/abogado-de-accidentes-automovilisticos-en-miami\/abogado-de-accidentes-automovilisticos-en-fort-lauderdale\/#breadcrumb"},"inLanguage":"es","potentialAction":[{"@type":"ReadAction","target":["https:\/\/www.jaime-suarez.com\/es\/abogado-de-accidentes-automovilisticos-en-miami\/abogado-de-accidentes-automovilisticos-en-fort-lauderdale\/"]}]},{"@type":"BreadcrumbList","@id":"https:\/\/www.jaime-suarez.com\/es\/abogado-de-accidentes-automovilisticos-en-miami\/abogado-de-accidentes-automovilisticos-en-fort-lauderdale\/#breadcrumb","itemListElement":[{"@type":"ListItem","position":1,"name":"Home","item":"https:\/\/www.jaime-suarez.com\/es\/"},{"@type":"ListItem","position":2,"name":"Accidente De Auto","item":"https:\/\/www.jaime-suarez.com\/es\/abogado-de-accidentes-automovilisticos-en-miami\/"},{"@type":"ListItem","position":3,"name":"Abogado de Accidentes Automovil\u00edsticos en Fort Lauderdale"}]},{"@type":"WebSite","@id":"https:\/\/www.jaime-suarez.com\/es\/#website","url":"https:\/\/www.jaime-suarez.com\/es\/","name":"Jaime Suarez","description":"Miami Injury Accident Attorney","publisher":{"@id":"https:\/\/www.jaime-suarez.com\/es\/#organization"},"potentialAction":[{"@type":"SearchAction","target":{"@type":"EntryPoint","urlTemplate":"https:\/\/www.jaime-suarez.com\/es\/?s={search_term_string}"},"query-input":{"@type":"PropertyValueSpecification","valueRequired":true,"valueName":"search_term_string"}}],"inLanguage":"es"},{"@type":"Organization","@id":"https:\/\/www.jaime-suarez.com\/es\/#organization","name":"Jaime Suarez","url":"https:\/\/www.jaime-suarez.com\/es\/","logo":{"@type":"ImageObject","inLanguage":"es","@id":"https:\/\/www.jaime-suarez.com\/es\/#\/schema\/logo\/image\/","url":"https:\/\/www.jaime-suarez.com\/wp-content\/uploads\/2025\/11\/jaime-suarez-logo.webp","contentUrl":"https:\/\/www.jaime-suarez.com\/wp-content\/uploads\/2025\/11\/jaime-suarez-logo.webp","width":900,"height":263,"caption":"Jaime Suarez"},"image":{"@id":"https:\/\/www.jaime-suarez.com\/es\/#\/schema\/logo\/image\/"}}]}},"_links":{"self":[{"href":"https:\/\/www.jaime-suarez.com\/es\/wp-json\/wp\/v2\/pages\/35278","targetHints":{"allow":["GET"]}}],"collection":[{"href":"https:\/\/www.jaime-suarez.com\/es\/wp-json\/wp\/v2\/pages"}],"about":[{"href":"https:\/\/www.jaime-suarez.com\/es\/wp-json\/wp\/v2\/types\/page"}],"author":[{"embeddable":true,"href":"https:\/\/www.jaime-suarez.com\/es\/wp-json\/wp\/v2\/users\/2"}],"replies":[{"embeddable":true,"href":"https:\/\/www.jaime-suarez.com\/es\/wp-json\/wp\/v2\/comments?post=35278"}],"version-history":[{"count":2,"href":"https:\/\/www.jaime-suarez.com\/es\/wp-json\/wp\/v2\/pages\/35278\/revisions"}],"predecessor-version":[{"id":35280,"href":"https:\/\/www.jaime-suarez.com\/es\/wp-json\/wp\/v2\/pages\/35278\/revisions\/35280"}],"up":[{"embeddable":true,"href":"https:\/\/www.jaime-suarez.com\/es\/wp-json\/wp\/v2\/pages\/626"}],"wp:attachment":[{"href":"https:\/\/www.jaime-suarez.com\/es\/wp-json\/wp\/v2\/media?parent=35278"}],"curies":[{"name":"wp","href":"https:\/\/api.w.org\/{rel}","templated":true}]}}