{"id":35319,"date":"2026-01-25T10:06:40","date_gmt":"2026-01-25T10:06:40","guid":{"rendered":"https:\/\/jaime-suarez.com\/?page_id=35319"},"modified":"2026-01-25T10:10:19","modified_gmt":"2026-01-25T10:10:19","slug":"lesiones-serias-y-muerte","status":"publish","type":"page","link":"https:\/\/www.jaime-suarez.com\/es\/areas-de-practica\/lesiones-serias-y-muerte\/","title":{"rendered":"Lesiones Serias y Muerte"},"content":{"rendered":"<p><img decoding=\"async\" class=\"alignnone size-full wp-image-35318\" src=\"https:\/\/jaime-suarez.com\/wp-content\/uploads\/2026\/01\/injury.webp\" alt=\"\" width=\"290\" height=\"160\" \/><\/p>\n<p>Es importante considerar una acci\u00f3n cuando se analizan los da\u00f1os devastadores que ocasionan estos eventos. Estos eventos pueden tener un efecto dr\u00e1stico en su vida, por lo que la negligencia de los culpables de estos eventos debe ser un motivo para presentar un reclamo contra los culpables. Es importante consultar con nuestro equipo legal para presentar su reclamo de compensaci\u00f3n y evaluar su verdadero valor y la justicia que se merece. Nuestro objetivo es presentar su reclamo y evaluar su valor financiero y alcanzar la justicia y la expectativa de que usted cree que su reclamo se merece.<br \/>\nNuestro equipo en el Bufete de Abogados de Suarez y Montero tambi\u00e9n lo asistir\u00e1 y representar\u00e1 para lo siguiente:<\/p>\n<ul>\n<li>Lesiones en el cerebro y la m\u00e9dula espinal<\/li>\n<li>Productos defectuosos<\/li>\n<li>Errores de prescripci\u00f3n<\/li>\n<li>Accidentes de resbal\u00f3n y ca\u00edda<\/li>\n<li>Muerte por negligencia<\/li>\n<\/ul>\n<p>Si usted es residente de la Florida y le gustari\u0301a presentar un traje de ley de muerte injusta despue\u0301s de la muerte de un ser querido, puede parecer imposible colocar un valor nume\u0301rico en la vida de su ser querido. Sin embargo, eso es precisamente lo que el Tribunal y, en u\u0301ltima instancia, el jurado puede tener que decidir en un caso de muerte injusta. Hay muchos factores diferentes que gui\u0301an esta determinacio\u0301n. Por ejemplo, es lo\u0301gico entender que el potencial de ganancias potenciales de una persona de edad avanzada es en su mayor parte menos que alguien que es mucho ma\u0301s joven y acaba de entrar en la fuerza laboral. En agudo contraste, cuando un nin\u0303o muere, es particularmente difi\u0301cil averiguar lo que el potencial de ganancia de un nin\u0303o a lo largo de su vida podri\u0301a resultar ser. Como resultado, cuando un caso de muerte injusta involucra a nin\u0303os, los premios por dan\u0303os tienden a ser mucho menos debido a la dificultad de determinar el potencial de ganancias.<\/p>\n<h2>Preguntas frecuentes<\/h2>\n<h3>\u00bfQue\u0301 es una demanda por muerte injusta?<\/h3>\n<p>Un traje de muerte por negligencia es un tipo de demanda presentada a una parte que se cree que causo\u0301 una muerte debido a su negligencia o un acto intencional. En el estado de Florida, hay varios tipos de accidentes que pueden conducir a demandas por muerte injusta, algunos de los ma\u0301s comunes: accidentes de construccio\u0301n, accidentes de motocicleta, accidentes automovili\u0301sticos, accidentes de camiones, responsabilidad local, negligencia me\u0301dica y deslizamiento y lesiones de cai\u0301da. La ley de muerte injusta de Florida crea una causa de accio\u0301n por muerte injusta para ciertos partidos que son designados como beneficiarios. La ley establece que cuando la muerte de una persona es causada por un acto ili\u0301cito de negligencia, incumplimiento de contrato o garanti\u0301a, entonces la persona que habri\u0301a sido responsable si la muerte no hubiera seguido sera\u0301 responsable. En Florida, el propo\u0301sito de la ley es permitir que los sobrevivientes se recuperen por sus pe\u0301rdidas en el caso de que pierdan a un ser querido.<\/p>\n<h3>\u00bfPuede presentar una reclamacio\u0301n por muerte injusta?<\/h3>\n<p>Un sobreviviente bajo la ley de Florida puede incluir el co\u0301nyuge del difunto, hijos menores, padres, y, cuando depende del difunto para el apoyo o los servicios, cualquier pariente de sangre o hermanos adoptivos, incluyendo el hijo ilegi\u0301timo de una madre. Sin embargo, una persona que reclama como dependiente que no esta\u0301 dentro de una de las categori\u0301as anteriores no cuenta como sobreviviente. Para calificar como superviviente, en realidad debe depender del difunto, ya sea total o parcialmente. Incluso un nin\u0303o nacido despue\u0301s de la muerte de un padre todavi\u0301a se considera un sobreviviente bajo la ley de muerte injusta. Pero como se menciono\u0301 anteriormente, los hijos adultos del difunto no son sobrevivientes bajo la ley de muerte injusta de Florida. Por lo tanto, en una accio\u0301n de muerte injusta, el representante personal de la herencia de un padre no tiene derecho a reclamar por la pe\u0301rdida de la compan\u0303i\u0301a parental en nombre de un nin\u0303o adulto donde la madre, lesionada en el mismo accidente, pero que murio\u0301 despue\u0301s del padre, bajo el La muerte injusta fue un co\u0301nyuge sobreviviente. Sin embargo, el patrimonio de un difunto adulto puede recuperar acumulaciones netas perdidas donde el difunto es sobrevivido so\u0301lo por los padres que no dependi\u0301an del difunto para el apoyo o los servicios, y que no tienen derecho de otra manera a recuperar los dan\u0303os por la muerte del difunto en su propio derecho. Un requisito en la ley de muerte injusta de que un difunto adulto no deja sobrevivientes para que el patrimonio recupere acumulaciones netas se refiere u\u0301nicamente a aquellos sobrevivientes a quienes se les proporciona un remedio en otra parte de la ley.<\/p>\n<p>La ley de muerte injusta de Florida permite a los siguientes parientes presentar una reclamacio\u0301n por muerte injusta:<\/p>\n<ul>\n<li>Co\u0301nyuge<\/li>\n<li>Nin\u0303os<\/li>\n<li>Padres<\/li>\n<li>Parientes de sangre dependientes<\/li>\n<li>Hermanos adoptivos dependientes<\/li>\n<li>Los nin\u0303os nacidos fuera del matrimonio a una madre<\/li>\n<li>Nin\u0303os nacidos fuera del matrimonio con un padre (si se puede demostrar que el padre acepto\u0301 la responsabilidad del nin\u0303o)<\/li>\n<\/ul>\n<p>Si usted presentar una Wrongful Dmuerte CLaim, \u00bfque\u0301 tipo de dan\u0303os puedo recuperar?<\/p>\n<ul>\n<li>Arreglos funerarios o de entierro<\/li>\n<li>Atencio\u0301n me\u0301dica y gastos hospitalarios<\/li>\n<li>Pe\u0301rdida de apoyo financiero y subsidios<\/li>\n<li>Pe\u0301rdida de compan\u0303erismo, capacitacio\u0301n y orientacio\u0301n<\/li>\n<li>El dolor y el sufrimiento de los miembros de la familia<\/li>\n<li>El dolor y el sufrimiento del fallecido<\/li>\n<\/ul>\n<h2>\u00bfQue\u0301 pasa con las ganancias perdidas?\u00bfSon recuperables en una demanda por muerte injusta?<\/h2>\n<p>La ley de muerte injusta de Florida otorga dan\u0303o econo\u0301mico por pe\u0301rdidas de ingresos a trave\u0301s de dos componentes: acumulaciones netas perdidas de la finca del difunto y pe\u0301rdida de apoyo a los sobrevivientes del difunto. No se permiten las recuperaciones dobles. So\u0301lo la parte de los ingresos perdidos que podri\u0301a haber sido salvado y mantenido por el patrimonio al final de la expectativa de vida esperada del fallecido es recuperable. Los ingresos pasivos y los intereses sobre las inversiones que continu\u0301an despue\u0301s de la muerte no se incluyen porque continu\u0301an acumula\u0301ndose. Factores que los jurados podri\u0301an considerar al evaluar las pe\u0301rdidas de esos elementos incluyen los siguientes: habilidades del difunto, edad, salud, ganancias y ha\u0301bitos de ahorro y gasto. Si usted es beneficiario de un patrimonio, las acumulaciones netas pueden incluir el co\u0301nyuge del difunto y los descendientes lineales y, si el difunto no era un menor (que es menor de 25 an\u0303os de edad en Florida), los padres del difunto.<\/p>\n<h3>\u00bfNecesito contratar a un experto o economista para probar dan\u0303os en un caso de muerte injusta?<\/h3>\n<p>No hay ningu\u0301n requisito en la Florida de que un demandante debe dar testimonio de un economista para recuperar los dan\u0303os en un caso de muerte injusta. Sin embargo, ha habido algunos casos en que los tribunales en Florida han revocada los premios de dan\u0303os porque no habi\u0301a suficiente evidencia proporcionada por los demandantes para permitir que el jurado calcule con precisio\u0301n los dan\u0303os. Siempre es una buena idea proporcionar tanta evidencia y prueba de su caso como sea posible para tener un mejor resultado en su caso. Con todo, definitivamente ayuda, pero la utilidad dependera\u0301 de los hechos especi\u0301ficos de su caso. Algunos dan\u0303os son bastante simples de calcular. Por ejemplo, para determinar los costos de tratamiento me\u0301dico y servicios funerarios porcio\u0301n de dan\u0303os es bastante sencillo. Si decide retener a un experto o economista, so\u0301lo necesitan obtener documentos que demuestren los gastos a la corte. A menudo, esta porcio\u0301n de los dan\u0303os ni siquiera esta\u0301 incluida en los ca\u0301lculos del experto financiero, ya que el abogado puede optar por tener una direccio\u0301n de experto me\u0301dico y testificar de los costos. El componente de servicios dome\u0301sticos perdidos, aunque no es tan simple, tambie\u0301n es bastante fa\u0301cil de averiguar. Probablemente el componente ma\u0301s discutible de los dan\u0303os se produce en casos de muerte injusta implica el ca\u0301lculo de los ingresos netos perdidos para el difunto.<\/p>\n<p>Es importante tener en cuenta la distincio\u0301n entre casos de muerte por negligencia y casos de lesiones personales en Florida en relacio\u0301n con pe\u0301rdidas de ingresos. Los casos de muerte por negligencia se rigen por la ley de muerte injusta y los estatutos conexos, mientras que no hay estatutos que aborden especi\u0301ficamente los dan\u0303os buscados en casos de lesiones personales. La jurisprudencia es el recurso aplicable para la orientacio\u0301n en casos de lesiones personales. Una distincio\u0301n particularmente significativa entre dan\u0303os y perjuicios en casos de muerte por negligencia y casos de lesiones es la determinacio\u0301n de ingresos.<\/p>\n<h2>Atendemos a clientes en toda Florida incluyendo aquellos en las siguientes a\u0301reas:<\/h2>\n<p><strong>Miami-Dade<\/strong>: aventura, Coral Gables, Doral, Fontainebleau, Hialeah, Homestead, Kendall, Miami, Miami Beach, Miami Lakes, North Miami, Tamiami, y Westchester.<\/p>\n<p><strong>Broward<\/strong>: Fort Lauderdale, Hallandale Beach, Hollywood, Pembroke Pines y Weston; y el Condado de Palm Beach, incluyendo Boca Raton, Lake Worth, y West Palm Beach<\/p>\n","protected":false},"excerpt":{"rendered":"<p>Es importante considerar una acci\u00f3n cuando se analizan los da\u00f1os devastadores que ocasionan estos eventos. Estos eventos pueden tener un efecto dr\u00e1stico en su vida, por lo que la negligencia de los culpables de estos eventos debe ser un motivo para presentar un reclamo contra los culpables. Es importante consultar con nuestro equipo legal para [&hellip;]<\/p>\n","protected":false},"author":2,"featured_media":0,"parent":35246,"menu_order":0,"comment_status":"closed","ping_status":"closed","template":"","meta":{"footnotes":""},"class_list":["post-35319","page","type-page","status-publish","hentry"],"yoast_head":"<!-- This site is optimized with the Yoast SEO plugin v27.1.1 - https:\/\/yoast.com\/product\/yoast-seo-wordpress\/ -->\n<title>Lesiones graves y muerte | Jaime Su\u00e1rez<\/title>\n<meta name=\"description\" content=\"La oficina legal de Su\u00e1rez y Montero ayuda a proporcionar una indemnizaci\u00f3n lo antes posible a las personas con lesiones causadas por resbalones, ca\u00eddas o muertes por negligencia. Perder a alguien realmente puede tener un efecto devastador financieramente. \u00a1Ll\u00e1manos por m\u00e1s!\" \/>\n<meta name=\"robots\" content=\"index, follow, max-snippet:-1, max-image-preview:large, max-video-preview:-1\" \/>\n<link rel=\"canonical\" href=\"https:\/\/www.jaime-suarez.com\/es\/areas-de-practica\/lesiones-serias-y-muerte\/\" \/>\n<meta property=\"og:locale\" content=\"es_ES\" \/>\n<meta property=\"og:type\" content=\"article\" \/>\n<meta property=\"og:title\" content=\"Lesiones graves y muerte | Jaime Su\u00e1rez\" \/>\n<meta property=\"og:description\" content=\"La oficina legal de Su\u00e1rez y Montero ayuda a proporcionar una indemnizaci\u00f3n lo antes posible a las personas con lesiones causadas por resbalones, ca\u00eddas o muertes por negligencia. Perder a alguien realmente puede tener un efecto devastador financieramente. \u00a1Ll\u00e1manos por m\u00e1s!\" \/>\n<meta property=\"og:url\" content=\"https:\/\/www.jaime-suarez.com\/es\/areas-de-practica\/lesiones-serias-y-muerte\/\" \/>\n<meta property=\"og:site_name\" content=\"Jaime Suarez\" \/>\n<meta property=\"article:modified_time\" content=\"2026-01-25T10:10:19+00:00\" \/>\n<meta property=\"og:image\" content=\"https:\/\/jaime-suarez.com\/wp-content\/uploads\/2026\/01\/injury.webp\" \/>\n<meta name=\"twitter:card\" content=\"summary_large_image\" \/>\n<meta name=\"twitter:label1\" content=\"Tiempo de lectura\" \/>\n\t<meta name=\"twitter:data1\" content=\"7 minutos\" \/>\n<!-- \/ Yoast SEO plugin. -->","yoast_head_json":{"title":"Lesiones graves y muerte | Jaime Su\u00e1rez","description":"La oficina legal de Su\u00e1rez y Montero ayuda a proporcionar una indemnizaci\u00f3n lo antes posible a las personas con lesiones causadas por resbalones, ca\u00eddas o muertes por negligencia. Perder a alguien realmente puede tener un efecto devastador financieramente. \u00a1Ll\u00e1manos por m\u00e1s!","robots":{"index":"index","follow":"follow","max-snippet":"max-snippet:-1","max-image-preview":"max-image-preview:large","max-video-preview":"max-video-preview:-1"},"canonical":"https:\/\/www.jaime-suarez.com\/es\/areas-de-practica\/lesiones-serias-y-muerte\/","og_locale":"es_ES","og_type":"article","og_title":"Lesiones graves y muerte | Jaime Su\u00e1rez","og_description":"La oficina legal de Su\u00e1rez y Montero ayuda a proporcionar una indemnizaci\u00f3n lo antes posible a las personas con lesiones causadas por resbalones, ca\u00eddas o muertes por negligencia. Perder a alguien realmente puede tener un efecto devastador financieramente. \u00a1Ll\u00e1manos por m\u00e1s!","og_url":"https:\/\/www.jaime-suarez.com\/es\/areas-de-practica\/lesiones-serias-y-muerte\/","og_site_name":"Jaime Suarez","article_modified_time":"2026-01-25T10:10:19+00:00","og_image":[{"url":"https:\/\/jaime-suarez.com\/wp-content\/uploads\/2026\/01\/injury.webp","type":"","width":"","height":""}],"twitter_card":"summary_large_image","twitter_misc":{"Tiempo de lectura":"7 minutos"},"schema":{"@context":"https:\/\/schema.org","@graph":[{"@type":"WebPage","@id":"https:\/\/www.jaime-suarez.com\/es\/areas-de-practica\/lesiones-serias-y-muerte\/","url":"https:\/\/www.jaime-suarez.com\/es\/areas-de-practica\/lesiones-serias-y-muerte\/","name":"Lesiones graves y muerte | Jaime Su\u00e1rez","isPartOf":{"@id":"https:\/\/www.jaime-suarez.com\/es\/#website"},"primaryImageOfPage":{"@id":"https:\/\/www.jaime-suarez.com\/es\/areas-de-practica\/lesiones-serias-y-muerte\/#primaryimage"},"image":{"@id":"https:\/\/www.jaime-suarez.com\/es\/areas-de-practica\/lesiones-serias-y-muerte\/#primaryimage"},"thumbnailUrl":"https:\/\/jaime-suarez.com\/wp-content\/uploads\/2026\/01\/injury.webp","datePublished":"2026-01-25T10:06:40+00:00","dateModified":"2026-01-25T10:10:19+00:00","description":"La oficina legal de Su\u00e1rez y Montero ayuda a proporcionar una indemnizaci\u00f3n lo antes posible a las personas con lesiones causadas por resbalones, ca\u00eddas o muertes por negligencia. Perder a alguien realmente puede tener un efecto devastador financieramente. \u00a1Ll\u00e1manos por m\u00e1s!","breadcrumb":{"@id":"https:\/\/www.jaime-suarez.com\/es\/areas-de-practica\/lesiones-serias-y-muerte\/#breadcrumb"},"inLanguage":"es","potentialAction":[{"@type":"ReadAction","target":["https:\/\/www.jaime-suarez.com\/es\/areas-de-practica\/lesiones-serias-y-muerte\/"]}]},{"@type":"ImageObject","inLanguage":"es","@id":"https:\/\/www.jaime-suarez.com\/es\/areas-de-practica\/lesiones-serias-y-muerte\/#primaryimage","url":"https:\/\/jaime-suarez.com\/wp-content\/uploads\/2026\/01\/injury.webp","contentUrl":"https:\/\/jaime-suarez.com\/wp-content\/uploads\/2026\/01\/injury.webp"},{"@type":"BreadcrumbList","@id":"https:\/\/www.jaime-suarez.com\/es\/areas-de-practica\/lesiones-serias-y-muerte\/#breadcrumb","itemListElement":[{"@type":"ListItem","position":1,"name":"Home","item":"https:\/\/www.jaime-suarez.com\/es\/"},{"@type":"ListItem","position":2,"name":"Areas de Practica","item":"https:\/\/www.jaime-suarez.com\/es\/areas-de-practica\/"},{"@type":"ListItem","position":3,"name":"Lesiones Serias y Muerte"}]},{"@type":"WebSite","@id":"https:\/\/www.jaime-suarez.com\/es\/#website","url":"https:\/\/www.jaime-suarez.com\/es\/","name":"Jaime Suarez","description":"Miami Injury Accident Attorney","publisher":{"@id":"https:\/\/www.jaime-suarez.com\/es\/#organization"},"potentialAction":[{"@type":"SearchAction","target":{"@type":"EntryPoint","urlTemplate":"https:\/\/www.jaime-suarez.com\/es\/?s={search_term_string}"},"query-input":{"@type":"PropertyValueSpecification","valueRequired":true,"valueName":"search_term_string"}}],"inLanguage":"es"},{"@type":"Organization","@id":"https:\/\/www.jaime-suarez.com\/es\/#organization","name":"Jaime Suarez","url":"https:\/\/www.jaime-suarez.com\/es\/","logo":{"@type":"ImageObject","inLanguage":"es","@id":"https:\/\/www.jaime-suarez.com\/es\/#\/schema\/logo\/image\/","url":"https:\/\/www.jaime-suarez.com\/wp-content\/uploads\/2025\/11\/jaime-suarez-logo.webp","contentUrl":"https:\/\/www.jaime-suarez.com\/wp-content\/uploads\/2025\/11\/jaime-suarez-logo.webp","width":900,"height":263,"caption":"Jaime Suarez"},"image":{"@id":"https:\/\/www.jaime-suarez.com\/es\/#\/schema\/logo\/image\/"}}]}},"_links":{"self":[{"href":"https:\/\/www.jaime-suarez.com\/es\/wp-json\/wp\/v2\/pages\/35319","targetHints":{"allow":["GET"]}}],"collection":[{"href":"https:\/\/www.jaime-suarez.com\/es\/wp-json\/wp\/v2\/pages"}],"about":[{"href":"https:\/\/www.jaime-suarez.com\/es\/wp-json\/wp\/v2\/types\/page"}],"author":[{"embeddable":true,"href":"https:\/\/www.jaime-suarez.com\/es\/wp-json\/wp\/v2\/users\/2"}],"replies":[{"embeddable":true,"href":"https:\/\/www.jaime-suarez.com\/es\/wp-json\/wp\/v2\/comments?post=35319"}],"version-history":[{"count":1,"href":"https:\/\/www.jaime-suarez.com\/es\/wp-json\/wp\/v2\/pages\/35319\/revisions"}],"predecessor-version":[{"id":35320,"href":"https:\/\/www.jaime-suarez.com\/es\/wp-json\/wp\/v2\/pages\/35319\/revisions\/35320"}],"up":[{"embeddable":true,"href":"https:\/\/www.jaime-suarez.com\/es\/wp-json\/wp\/v2\/pages\/35246"}],"wp:attachment":[{"href":"https:\/\/www.jaime-suarez.com\/es\/wp-json\/wp\/v2\/media?parent=35319"}],"curies":[{"name":"wp","href":"https:\/\/api.w.org\/{rel}","templated":true}]}}