{"id":35329,"date":"2026-01-25T10:39:00","date_gmt":"2026-01-25T10:39:00","guid":{"rendered":"https:\/\/jaime-suarez.com\/?page_id=35329"},"modified":"2026-01-25T10:49:26","modified_gmt":"2026-01-25T10:49:26","slug":"abogados-accidentes-vuelco-suv","status":"publish","type":"page","link":"https:\/\/www.jaime-suarez.com\/es\/abogados-accidentes-vuelco-suv\/","title":{"rendered":"Abogados de accidentes de vuelco de SUV"},"content":{"rendered":"\t\t<div data-elementor-type=\"wp-page\" data-elementor-id=\"35329\" class=\"elementor elementor-35329 elementor-35327\" data-elementor-post-type=\"page\">\n\t\t\t\t<div class=\"elementor-element elementor-element-b2f73b4 e-flex e-con-boxed e-con e-parent\" data-id=\"b2f73b4\" data-element_type=\"container\" data-e-type=\"container\">\n\t\t\t\t\t<div class=\"e-con-inner\">\n\t\t\t\t<div class=\"elementor-element elementor-element-e689479 elementor-widget elementor-widget-text-editor\" data-id=\"e689479\" data-element_type=\"widget\" data-e-type=\"widget\" data-widget_type=\"text-editor.default\">\n\t\t\t\t\t\t\t\t\t<h2>Abogados de accidentes de vuelco de SUV<\/h2><p>En los Estados Unidos, los veh\u00edculos utilitarios deportivos (SUV) son extremadamente populares. Esto se debe en parte al hecho de que muchos estadounidenses disfrutan de la mayor sensaci\u00f3n de seguridad de conducir un veh\u00edculo m\u00e1s grande. Desafortunadamente, los SUV no son tan seguros como muchos creen. En algunos casos, los SUV se retiran del mercado debido a defectos de producci\u00f3n. Adem\u00e1s, los SUV tienden a ser m\u00e1s propensos a los accidentes por vuelcos porque sus techos tienden a ser m\u00e1s altos, lo que a su vez eleva el centro de gravedad de los autom\u00f3viles. Otro problema com\u00fan es que los conductores tienden a conducir m\u00e1s r\u00e1pido en los SUV porque se sienten m\u00e1s seguros en un veh\u00edculo m\u00e1s grande. Hay muchas razones por las cuales los accidentes automovil\u00edsticos de SUV pueden ser extremadamente peligrosos. Como resultado, los accidentes de SUV tienden a causar lesiones que son sustancialmente m\u00e1s graves que en otros accidentes automovil\u00edsticos. Por ejemplo, en los accidentes de vuelco de SUV, es com\u00fan ver a las v\u00edctimas sufrir lesiones cerebrales que pueden tener efectos duraderos en las v\u00edctimas y requieren un tratamiento m\u00e9dico extenso.<\/p><h2>Las lesiones Por Vuelco Pueden Ser Brutales<\/h2><p>Si est\u00e1 involucrado en un accidente de vuelco en un SUV, es muy posible que pueda sufrir lesiones graves. La probabilidad de sufrir lesiones catastr\u00f3ficas o lesiones fatales aumenta exponencialmente cuando un pasajero o conductor es arrojado del veh\u00edculo durante el accidente. Algunas de las lesiones m\u00e1s comunes sufridas en accidentes de vuelco de SUV incluyen:<\/p><ul><li>Hemorragia interna<\/li><li>Lesiones de la m\u00e9dula espinal<\/li><li>Lesiones de espalda<\/li><li>Lesiones Cerebrales<\/li><li>Cortes y hematomas<\/li><li>Huesos rotos<\/li><li>Conmociones Cerebrales<\/li><li>Lesiones cerebrales traum\u00e1ticas<\/li><li>Lesiones de Cuello<\/li><\/ul><h2>El Fabricante de Autom\u00f3viles Podr\u00eda Ser Negligente<\/h2><p>Si usted o alguien que ama sufri\u00f3 una lesi\u00f3n en un accidente por vuelco debido a una caracter\u00edstica, dise\u00f1o o parte defectuosa o que no funciona bien en su SUV, tiene derecho a presentar una demanda contra el fabricante, distribuidor o minorista de autom\u00f3viles del SUV en Adem\u00e1s de la empresa que fabric\u00f3 la pieza defectuosa. Esencialmente, puede responsabilizar a muchas partes diferentes por sus lesiones. En el estado de Florida, los fabricantes de autopartes defectuosas son estrictamente responsables de las lesiones causadas por esos productos. Una v\u00edctima lesionada puede demandar por varias teor\u00edas diferentes de responsabilidad, incluida una causa de acci\u00f3n basada en un defecto de fabricaci\u00f3n, un defecto de dise\u00f1o o la falta de advertencia. Si usted o un ser querido se lesion\u00f3 en un accidente de vuelco de SUV debido a un defecto o mal funcionamiento, tiene el derecho legal de recuperar la compensaci\u00f3n por sus lesiones y p\u00e9rdidas.<\/p><h2>Identificaci\u00f3n de Todas Las Partes Responsables<\/h2><p>Para resolver problemas relacionados con la responsabilidad, es importante llevar a cabo una investigaci\u00f3n del accidente, incluidos los problemas relacionados con defectos de autom\u00f3viles, condiciones de la carretera, da\u00f1os al veh\u00edculo, condiciones clim\u00e1ticas, entre muchos otros factores que pueden haber causado el accidente de vuelco. Por ejemplo, muchos SUV en el mercado hoy en d\u00eda tienen una construcci\u00f3n pobre del techo. En el caso de un accidente por vuelco, el techo de algunos SUV puede colapsarse y causar lesiones graves o incluso lesiones fatales a sus ocupantes. Otro problema que puede surgir es que si hay varias partes diferentes que pueden haber contribuido a un accidente, generalmente se recomienda que identifique y luego notifique a cada parte que caus\u00f3 el accidente para asegurarse de tener un registro de avisos de su reclamo o posible demanda.<\/p><h2>Valoraci\u00f3n de Su Reclamo Por Lesiones Personales<\/h2><p>Determinar el valor de cualquier reclamo de accidente automovil\u00edstico es una habilidad. En primer lugar, en la mayor\u00eda de los casos de lesiones personales, no debe entablar conversaciones sobre el acuerdo hasta que haya llegado a un punto en su recuperaci\u00f3n en el que es probable que su afecci\u00f3n no mejore mucho m\u00e1s o donde su lesi\u00f3n o afecci\u00f3n sea permanente. Esto se debe a que el valor de su reclamo puede cambiar dr\u00e1sticamente si a\u00fan se requieren tratamientos m\u00e9dicos adicionales o cirug\u00edas como parte de su tratamiento m\u00e9dico en curso. Sin embargo hay algunas excepciones. Por ejemplo, si la parte culpable no tiene una cobertura de seguro adecuada disponible para cubrir los costos de todo su tratamiento m\u00e9dico, puede optar por resolver el reclamo con la compa\u00f1\u00eda de seguros de la persona para conocer los l\u00edmites completos de la p\u00f3liza y luego proceder a presentar una demanda por lesiones personales contra el individuo para cubrir la diferencia. Una vez que haya terminado con este paso, es importante obtener toda la documentaci\u00f3n pertinente, incluidas facturas m\u00e9dicas, informaci\u00f3n relacionada con salarios o ingresos perdidos, y cualquier evaluaci\u00f3n o registro m\u00e9dico. Los abogados m\u00e1s h\u00e1biles pueden usar estos datos para presentar un caso convincente a una compa\u00f1\u00eda de seguros o un abogado de la parte culpable para negociar un acuerdo de su reclamo. En general, aqu\u00ed hay una lista de algunos de los factores m\u00e1s importantes que pueden considerarse o factorizarse en el valor de su reclamo por lesiones personales:<\/p><ul><li>Edad y esperanza de vida de la parte lesionada<\/li><li>La inclinaci\u00f3n de la parte lesionada a llevar el caso a juicio<\/li><li>Costo de defender el caso de lesiones personales.<\/li><li>Costo de enjuiciar el caso de lesiones personales.<\/li><li>Velocidad con la que es probable que el caso de lesiones personales llegue a juicio<\/li><li>L\u00edmites de seguro disponibles<\/li><li>Falla y responsabilidad de m\u00faltiples conductores.<\/li><li>Los activos del conductor culpable<\/li><li>Evaluaci\u00f3n m\u00e9dica de los m\u00e9dicos tratantes de la v\u00edctima lesionada.<\/li><li>Evaluaciones de testigos expertos<\/li><li>La gravedad de las lesiones y la naturaleza y extensi\u00f3n de cualquier cicatriz o deformidad.<\/li><li>Las leyes aplicables que se aplican al caso en Florida<\/li><\/ul>\t\t\t\t\t\t\t\t<\/div>\n\t\t\t\t<div class=\"elementor-element elementor-element-f4f06b8 elementor-widget elementor-widget-shortcode\" data-id=\"f4f06b8\" data-element_type=\"widget\" data-e-type=\"widget\" data-widget_type=\"shortcode.default\">\n\t\t\t\t\t\t\t<div class=\"elementor-shortcode\">\t\t<div data-elementor-type=\"section\" data-elementor-id=\"975\" class=\"elementor elementor-975 elementor-306 elementor-306\" data-elementor-post-type=\"elementor_library\">\n\t\t\t<div class=\"elementor-element elementor-element-a25f0aa e-flex e-con-boxed e-con e-parent\" data-id=\"a25f0aa\" data-element_type=\"container\" data-e-type=\"container\">\n\t\t\t\t\t<div class=\"e-con-inner\">\n\t\t<div class=\"elementor-element elementor-element-0a0bfeb e-con-full e-flex e-con e-child\" data-id=\"0a0bfeb\" data-element_type=\"container\" data-e-type=\"container\" data-settings=\"{&quot;background_background&quot;:&quot;classic&quot;}\">\n\t\t\t\t<div class=\"elementor-element elementor-element-09b7519 elementor-widget elementor-widget-text-editor\" data-id=\"09b7519\" data-element_type=\"widget\" data-e-type=\"widget\" data-widget_type=\"text-editor.default\">\n\t\t\t\t\t\t\t\t\t<p>\u00a1Programe una consulta GRATUITA! Llame al <a href=\"tel:305-631-1911\">305-631-1911<\/a><\/p>\t\t\t\t\t\t\t\t<\/div>\n\t\t\t\t<\/div>\n\t\t\t\t\t<\/div>\n\t\t\t\t<\/div>\n\t\t<div class=\"elementor-element elementor-element-4ca01ed e-flex e-con-boxed e-con e-parent\" data-id=\"4ca01ed\" data-element_type=\"container\" data-e-type=\"container\">\n\t\t\t\t\t<div class=\"e-con-inner\">\n\t\t<div class=\"elementor-element elementor-element-e707b4a e-con-full e-flex e-con e-child\" data-id=\"e707b4a\" data-element_type=\"container\" data-e-type=\"container\" data-settings=\"{&quot;background_background&quot;:&quot;classic&quot;}\">\n\t\t\t\t<div class=\"elementor-element elementor-element-81ef673 elementor-widget elementor-widget-text-editor\" data-id=\"81ef673\" data-element_type=\"widget\" data-e-type=\"widget\" data-widget_type=\"text-editor.default\">\n\t\t\t\t\t\t\t\t\t<h2>Atendemos a clientes en toda Florida, incluyendo las siguientes \u00e1reas:<\/h2><p><strong>Miami-Dade<\/strong>: Aventura, Coral Gables, Doral, Fontainebleau, Hialeah, Homestead, Kendall, Miami, Miami Beach, Miami Lakes, North Miami, Tamiami y Westchester.<\/p><p><strong>Broward<\/strong>: Fort Lauderdale, Hallandale Beach, Hollywood, Pembroke Pines y Weston; y el condado de Palm Beach, incluyendo Boca Rat\u00f3n, Lake Worth y West Palm Beach.<\/p>\t\t\t\t\t\t\t\t<\/div>\n\t\t\t\t<\/div>\n\t\t\t\t\t<\/div>\n\t\t\t\t<\/div>\n\t\t\t\t<\/div>\n\t\t<\/div>\n\t\t\t\t\t\t<\/div>\n\t\t\t\t<div class=\"elementor-element elementor-element-0cd0fc8 elementor-widget elementor-widget-heading\" data-id=\"0cd0fc8\" data-element_type=\"widget\" data-e-type=\"widget\" data-widget_type=\"heading.default\">\n\t\t\t\t\t<h2 class=\"elementor-heading-title elementor-size-default\">Preguntas frecuentes<\/h2>\t\t\t\t<\/div>\n\t\t\t\t<div class=\"elementor-element elementor-element-18aa82c elementor-widget elementor-widget-n-accordion\" data-id=\"18aa82c\" data-element_type=\"widget\" data-e-type=\"widget\" data-settings=\"{&quot;default_state&quot;:&quot;expanded&quot;,&quot;max_items_expended&quot;:&quot;one&quot;,&quot;n_accordion_animation_duration&quot;:{&quot;unit&quot;:&quot;ms&quot;,&quot;size&quot;:400,&quot;sizes&quot;:[]}}\" data-widget_type=\"nested-accordion.default\">\n\t\t\t\t\t\t\t<div class=\"e-n-accordion\" aria-label=\"Accordion. Open links with Enter or Space, close with Escape, and navigate with Arrow Keys\">\n\t\t\t\t\t\t<details id=\"e-n-accordion-item-2580\" class=\"e-n-accordion-item\" open>\n\t\t\t\t<summary class=\"e-n-accordion-item-title\" data-accordion-index=\"1\" tabindex=\"0\" aria-expanded=\"true\" aria-controls=\"e-n-accordion-item-2580\" >\n\t\t\t\t\t<span class='e-n-accordion-item-title-header'><div class=\"e-n-accordion-item-title-text\"> \u00bfQu\u00e9 es una carta de demanda de lesiones personales? <\/div><\/span>\n\t\t\t\t\t\t\t<span class='e-n-accordion-item-title-icon'>\n\t\t\t<span class='e-opened' ><svg aria-hidden=\"true\" class=\"e-font-icon-svg e-fas-minus\" viewBox=\"0 0 448 512\" xmlns=\"http:\/\/www.w3.org\/2000\/svg\"><path d=\"M416 208H32c-17.67 0-32 14.33-32 32v32c0 17.67 14.33 32 32 32h384c17.67 0 32-14.33 32-32v-32c0-17.67-14.33-32-32-32z\"><\/path><\/svg><\/span>\n\t\t\t<span class='e-closed'><svg aria-hidden=\"true\" class=\"e-font-icon-svg e-fas-plus\" viewBox=\"0 0 448 512\" xmlns=\"http:\/\/www.w3.org\/2000\/svg\"><path d=\"M416 208H272V64c0-17.67-14.33-32-32-32h-32c-17.67 0-32 14.33-32 32v144H32c-17.67 0-32 14.33-32 32v32c0 17.67 14.33 32 32 32h144v144c0 17.67 14.33 32 32 32h32c17.67 0 32-14.33 32-32V304h144c17.67 0 32-14.33 32-32v-32c0-17.67-14.33-32-32-32z\"><\/path><\/svg><\/span>\n\t\t<\/span>\n\n\t\t\t\t\t\t<\/summary>\n\t\t\t\t<div role=\"region\" aria-labelledby=\"e-n-accordion-item-2580\" class=\"elementor-element elementor-element-4012e4b e-con-full e-flex e-con e-child\" data-id=\"4012e4b\" data-element_type=\"container\" data-e-type=\"container\">\n\t\t\t\t<div class=\"elementor-element elementor-element-d99b999 elementor-widget elementor-widget-text-editor\" data-id=\"d99b999\" data-element_type=\"widget\" data-e-type=\"widget\" data-widget_type=\"text-editor.default\">\n\t\t\t\t\t\t\t\t\t<p>En lo que respecta a los casos de lesiones personales, el abogado de la v\u00edctima lesion\u00f3 una carta de demanda y proporciona una breve descripci\u00f3n de c\u00f3mo ocurri\u00f3 el accidente junto con un resumen de las facturas m\u00e9dicas, los gastos y los salarios perdidos reclamados hasta el momento Se env\u00eda carta de demanda. Los abogados que se toman el tiempo para crear cartas de demanda bien organizadas tienen una ventaja considerable sobre los abogados que env\u00edan cartas de demanda de placa de caldera que carecen de detalles. Esta es la mejor manera de informar al ajustador sobre el caso de un cliente y, a menudo, puede persuadir a un ajustador para que se resuelva para evitar una posible demanda.<\/p>\t\t\t\t\t\t\t\t<\/div>\n\t\t\t\t<\/div>\n\t\t\t\t\t<\/details>\n\t\t\t\t\t\t<details id=\"e-n-accordion-item-2581\" class=\"e-n-accordion-item\" >\n\t\t\t\t<summary class=\"e-n-accordion-item-title\" data-accordion-index=\"2\" tabindex=\"-1\" aria-expanded=\"false\" aria-controls=\"e-n-accordion-item-2581\" >\n\t\t\t\t\t<span class='e-n-accordion-item-title-header'><div class=\"e-n-accordion-item-title-text\"> \u00bfQu\u00e9 se considera una lesi\u00f3n grave? <\/div><\/span>\n\t\t\t\t\t\t\t<span class='e-n-accordion-item-title-icon'>\n\t\t\t<span class='e-opened' ><svg aria-hidden=\"true\" class=\"e-font-icon-svg e-fas-minus\" viewBox=\"0 0 448 512\" xmlns=\"http:\/\/www.w3.org\/2000\/svg\"><path d=\"M416 208H32c-17.67 0-32 14.33-32 32v32c0 17.67 14.33 32 32 32h384c17.67 0 32-14.33 32-32v-32c0-17.67-14.33-32-32-32z\"><\/path><\/svg><\/span>\n\t\t\t<span class='e-closed'><svg aria-hidden=\"true\" class=\"e-font-icon-svg e-fas-plus\" viewBox=\"0 0 448 512\" xmlns=\"http:\/\/www.w3.org\/2000\/svg\"><path d=\"M416 208H272V64c0-17.67-14.33-32-32-32h-32c-17.67 0-32 14.33-32 32v144H32c-17.67 0-32 14.33-32 32v32c0 17.67 14.33 32 32 32h144v144c0 17.67 14.33 32 32 32h32c17.67 0 32-14.33 32-32V304h144c17.67 0 32-14.33 32-32v-32c0-17.67-14.33-32-32-32z\"><\/path><\/svg><\/span>\n\t\t<\/span>\n\n\t\t\t\t\t\t<\/summary>\n\t\t\t\t<div role=\"region\" aria-labelledby=\"e-n-accordion-item-2581\" class=\"elementor-element elementor-element-9a603ec e-con-full e-flex e-con e-child\" data-id=\"9a603ec\" data-element_type=\"container\" data-e-type=\"container\">\n\t\t\t\t<div class=\"elementor-element elementor-element-2076ca9 elementor-widget elementor-widget-text-editor\" data-id=\"2076ca9\" data-element_type=\"widget\" data-e-type=\"widget\" data-widget_type=\"text-editor.default\">\n\t\t\t\t\t\t\t\t\t<p>? Si bien no existe una definici\u00f3n espec\u00edfica que lo abarque todo, una lesi\u00f3n grave generalmente es una lesi\u00f3n que causa una interrupci\u00f3n importante en la vida de las v\u00edctimas lesionadas. Algunos tipos de lesiones graves incluyen lesiones cerebrales, lesiones de la m\u00e9dula espinal, amputaciones, desfiguraci\u00f3n, p\u00e9rdida de los sentidos o cualquier otro tipo de lesi\u00f3n que altere la vida.<\/p>\t\t\t\t\t\t\t\t<\/div>\n\t\t\t\t<\/div>\n\t\t\t\t\t<\/details>\n\t\t\t\t\t\t<details id=\"e-n-accordion-item-2582\" class=\"e-n-accordion-item\" >\n\t\t\t\t<summary class=\"e-n-accordion-item-title\" data-accordion-index=\"3\" tabindex=\"-1\" aria-expanded=\"false\" aria-controls=\"e-n-accordion-item-2582\" >\n\t\t\t\t\t<span class='e-n-accordion-item-title-header'><div class=\"e-n-accordion-item-title-text\"> \u00bfQu\u00e9 es una conferencia previa al juicio? <\/div><\/span>\n\t\t\t\t\t\t\t<span class='e-n-accordion-item-title-icon'>\n\t\t\t<span class='e-opened' ><svg aria-hidden=\"true\" class=\"e-font-icon-svg e-fas-minus\" viewBox=\"0 0 448 512\" xmlns=\"http:\/\/www.w3.org\/2000\/svg\"><path d=\"M416 208H32c-17.67 0-32 14.33-32 32v32c0 17.67 14.33 32 32 32h384c17.67 0 32-14.33 32-32v-32c0-17.67-14.33-32-32-32z\"><\/path><\/svg><\/span>\n\t\t\t<span class='e-closed'><svg aria-hidden=\"true\" class=\"e-font-icon-svg e-fas-plus\" viewBox=\"0 0 448 512\" xmlns=\"http:\/\/www.w3.org\/2000\/svg\"><path d=\"M416 208H272V64c0-17.67-14.33-32-32-32h-32c-17.67 0-32 14.33-32 32v144H32c-17.67 0-32 14.33-32 32v32c0 17.67 14.33 32 32 32h144v144c0 17.67 14.33 32 32 32h32c17.67 0 32-14.33 32-32V304h144c17.67 0 32-14.33 32-32v-32c0-17.67-14.33-32-32-32z\"><\/path><\/svg><\/span>\n\t\t<\/span>\n\n\t\t\t\t\t\t<\/summary>\n\t\t\t\t<div role=\"region\" aria-labelledby=\"e-n-accordion-item-2582\" class=\"elementor-element elementor-element-3a56e8f e-con-full e-flex e-con e-child\" data-id=\"3a56e8f\" data-element_type=\"container\" data-e-type=\"container\">\n\t\t\t\t<div class=\"elementor-element elementor-element-7c886c8 elementor-widget elementor-widget-text-editor\" data-id=\"7c886c8\" data-element_type=\"widget\" data-e-type=\"widget\" data-widget_type=\"text-editor.default\">\n\t\t\t\t\t\t\t\t\t<p>Una conferencia previa al juicio generalmente se programa a discreci\u00f3n del juez del tribunal de primera instancia y solo ocurre despu\u00e9s de que se haya presentado una demanda por lesiones personales. El prop\u00f3sito de una conferencia previa al juicio generalmente es reducir los problemas que se discutir\u00e1n en el juicio, intentar ver si existe la posibilidad de que el caso se resuelva antes del juicio y establecer fechas y plazos para proponer solicitudes de descubrimiento, entre otras cosas.<\/p>\t\t\t\t\t\t\t\t<\/div>\n\t\t\t\t<\/div>\n\t\t\t\t\t<\/details>\n\t\t\t\t\t\t<details id=\"e-n-accordion-item-2583\" class=\"e-n-accordion-item\" >\n\t\t\t\t<summary class=\"e-n-accordion-item-title\" data-accordion-index=\"4\" tabindex=\"-1\" aria-expanded=\"false\" aria-controls=\"e-n-accordion-item-2583\" >\n\t\t\t\t\t<span class='e-n-accordion-item-title-header'><div class=\"e-n-accordion-item-title-text\"> \u00bfQu\u00e9 es el seguro de auto sin culpa? <\/div><\/span>\n\t\t\t\t\t\t\t<span class='e-n-accordion-item-title-icon'>\n\t\t\t<span class='e-opened' ><svg aria-hidden=\"true\" class=\"e-font-icon-svg e-fas-minus\" viewBox=\"0 0 448 512\" xmlns=\"http:\/\/www.w3.org\/2000\/svg\"><path d=\"M416 208H32c-17.67 0-32 14.33-32 32v32c0 17.67 14.33 32 32 32h384c17.67 0 32-14.33 32-32v-32c0-17.67-14.33-32-32-32z\"><\/path><\/svg><\/span>\n\t\t\t<span class='e-closed'><svg aria-hidden=\"true\" class=\"e-font-icon-svg e-fas-plus\" viewBox=\"0 0 448 512\" xmlns=\"http:\/\/www.w3.org\/2000\/svg\"><path d=\"M416 208H272V64c0-17.67-14.33-32-32-32h-32c-17.67 0-32 14.33-32 32v144H32c-17.67 0-32 14.33-32 32v32c0 17.67 14.33 32 32 32h144v144c0 17.67 14.33 32 32 32h32c17.67 0 32-14.33 32-32V304h144c17.67 0 32-14.33 32-32v-32c0-17.67-14.33-32-32-32z\"><\/path><\/svg><\/span>\n\t\t<\/span>\n\n\t\t\t\t\t\t<\/summary>\n\t\t\t\t<div role=\"region\" aria-labelledby=\"e-n-accordion-item-2583\" class=\"elementor-element elementor-element-0b8dba3 e-con-full e-flex e-con e-child\" data-id=\"0b8dba3\" data-element_type=\"container\" data-e-type=\"container\">\n\t\t\t\t<div class=\"elementor-element elementor-element-3f7f699 elementor-widget elementor-widget-text-editor\" data-id=\"3f7f699\" data-element_type=\"widget\" data-e-type=\"widget\" data-widget_type=\"text-editor.default\">\n\t\t\t\t\t\t\t\t\t<p>El seguro de autom\u00f3vil sin culpa significa que despu\u00e9s de un accidente, la compa\u00f1\u00eda de seguros de cada conductor pagar\u00e1 el tratamiento m\u00e9dico, las facturas y los salarios perdidos hasta cierto umbral sin tener en cuenta la culpa o la responsabilidad.<\/p>\t\t\t\t\t\t\t\t<\/div>\n\t\t\t\t<\/div>\n\t\t\t\t\t<\/details>\n\t\t\t\t\t<\/div>\n\t\t\t\t\t\t<\/div>\n\t\t\t\t\t<\/div>\n\t\t\t\t<\/div>\n\t\t\t\t<\/div>\n\t\t","protected":false},"excerpt":{"rendered":"<p>Abogados de accidentes de vuelco de SUV En los Estados Unidos, los veh\u00edculos utilitarios deportivos (SUV) son extremadamente populares. Esto se debe en parte al hecho de que muchos estadounidenses disfrutan de la mayor sensaci\u00f3n de seguridad de conducir un veh\u00edculo m\u00e1s grande. Desafortunadamente, los SUV no son tan seguros como muchos creen. En algunos [&hellip;]<\/p>\n","protected":false},"author":2,"featured_media":0,"parent":0,"menu_order":0,"comment_status":"closed","ping_status":"closed","template":"","meta":{"footnotes":""},"class_list":["post-35329","page","type-page","status-publish","hentry"],"yoast_head":"<!-- This site is optimized with the Yoast SEO plugin v27.1.1 - https:\/\/yoast.com\/product\/yoast-seo-wordpress\/ -->\n<title>Abogados de accidentes de vuelco de SUV - Jaime Suarez<\/title>\n<meta name=\"robots\" content=\"index, follow, max-snippet:-1, max-image-preview:large, max-video-preview:-1\" \/>\n<link rel=\"canonical\" href=\"https:\/\/www.jaime-suarez.com\/es\/abogados-accidentes-vuelco-suv\/\" \/>\n<meta property=\"og:locale\" content=\"es_ES\" \/>\n<meta property=\"og:type\" content=\"article\" \/>\n<meta property=\"og:title\" content=\"Abogados de accidentes de vuelco de SUV - Jaime Suarez\" \/>\n<meta property=\"og:description\" content=\"Abogados de accidentes de vuelco de SUV En los Estados Unidos, los veh\u00edculos utilitarios deportivos (SUV) son extremadamente populares. Esto se debe en parte al hecho de que muchos estadounidenses disfrutan de la mayor sensaci\u00f3n de seguridad de conducir un veh\u00edculo m\u00e1s grande. Desafortunadamente, los SUV no son tan seguros como muchos creen. En algunos [&hellip;]\" \/>\n<meta property=\"og:url\" content=\"https:\/\/www.jaime-suarez.com\/es\/abogados-accidentes-vuelco-suv\/\" \/>\n<meta property=\"og:site_name\" content=\"Jaime Suarez\" \/>\n<meta property=\"article:modified_time\" content=\"2026-01-25T10:49:26+00:00\" \/>\n<meta name=\"twitter:card\" content=\"summary_large_image\" \/>\n<meta name=\"twitter:label1\" content=\"Tiempo de lectura\" \/>\n\t<meta name=\"twitter:data1\" content=\"7 minutos\" \/>\n<!-- \/ Yoast SEO plugin. -->","yoast_head_json":{"title":"Abogados de accidentes de vuelco de SUV - Jaime Suarez","robots":{"index":"index","follow":"follow","max-snippet":"max-snippet:-1","max-image-preview":"max-image-preview:large","max-video-preview":"max-video-preview:-1"},"canonical":"https:\/\/www.jaime-suarez.com\/es\/abogados-accidentes-vuelco-suv\/","og_locale":"es_ES","og_type":"article","og_title":"Abogados de accidentes de vuelco de SUV - Jaime Suarez","og_description":"Abogados de accidentes de vuelco de SUV En los Estados Unidos, los veh\u00edculos utilitarios deportivos (SUV) son extremadamente populares. Esto se debe en parte al hecho de que muchos estadounidenses disfrutan de la mayor sensaci\u00f3n de seguridad de conducir un veh\u00edculo m\u00e1s grande. Desafortunadamente, los SUV no son tan seguros como muchos creen. En algunos [&hellip;]","og_url":"https:\/\/www.jaime-suarez.com\/es\/abogados-accidentes-vuelco-suv\/","og_site_name":"Jaime Suarez","article_modified_time":"2026-01-25T10:49:26+00:00","twitter_card":"summary_large_image","twitter_misc":{"Tiempo de lectura":"7 minutos"},"schema":{"@context":"https:\/\/schema.org","@graph":[{"@type":"WebPage","@id":"https:\/\/www.jaime-suarez.com\/es\/abogados-accidentes-vuelco-suv\/","url":"https:\/\/www.jaime-suarez.com\/es\/abogados-accidentes-vuelco-suv\/","name":"Abogados de accidentes de vuelco de SUV - Jaime Suarez","isPartOf":{"@id":"https:\/\/www.jaime-suarez.com\/es\/#website"},"datePublished":"2026-01-25T10:39:00+00:00","dateModified":"2026-01-25T10:49:26+00:00","breadcrumb":{"@id":"https:\/\/www.jaime-suarez.com\/es\/abogados-accidentes-vuelco-suv\/#breadcrumb"},"inLanguage":"es","potentialAction":[{"@type":"ReadAction","target":["https:\/\/www.jaime-suarez.com\/es\/abogados-accidentes-vuelco-suv\/"]}]},{"@type":"BreadcrumbList","@id":"https:\/\/www.jaime-suarez.com\/es\/abogados-accidentes-vuelco-suv\/#breadcrumb","itemListElement":[{"@type":"ListItem","position":1,"name":"Home","item":"https:\/\/www.jaime-suarez.com\/es\/"},{"@type":"ListItem","position":2,"name":"Abogados de accidentes de vuelco de SUV"}]},{"@type":"WebSite","@id":"https:\/\/www.jaime-suarez.com\/es\/#website","url":"https:\/\/www.jaime-suarez.com\/es\/","name":"Jaime Suarez","description":"Miami Injury Accident Attorney","publisher":{"@id":"https:\/\/www.jaime-suarez.com\/es\/#organization"},"potentialAction":[{"@type":"SearchAction","target":{"@type":"EntryPoint","urlTemplate":"https:\/\/www.jaime-suarez.com\/es\/?s={search_term_string}"},"query-input":{"@type":"PropertyValueSpecification","valueRequired":true,"valueName":"search_term_string"}}],"inLanguage":"es"},{"@type":"Organization","@id":"https:\/\/www.jaime-suarez.com\/es\/#organization","name":"Jaime Suarez","url":"https:\/\/www.jaime-suarez.com\/es\/","logo":{"@type":"ImageObject","inLanguage":"es","@id":"https:\/\/www.jaime-suarez.com\/es\/#\/schema\/logo\/image\/","url":"https:\/\/www.jaime-suarez.com\/wp-content\/uploads\/2025\/11\/jaime-suarez-logo.webp","contentUrl":"https:\/\/www.jaime-suarez.com\/wp-content\/uploads\/2025\/11\/jaime-suarez-logo.webp","width":900,"height":263,"caption":"Jaime Suarez"},"image":{"@id":"https:\/\/www.jaime-suarez.com\/es\/#\/schema\/logo\/image\/"}}]}},"_links":{"self":[{"href":"https:\/\/www.jaime-suarez.com\/es\/wp-json\/wp\/v2\/pages\/35329","targetHints":{"allow":["GET"]}}],"collection":[{"href":"https:\/\/www.jaime-suarez.com\/es\/wp-json\/wp\/v2\/pages"}],"about":[{"href":"https:\/\/www.jaime-suarez.com\/es\/wp-json\/wp\/v2\/types\/page"}],"author":[{"embeddable":true,"href":"https:\/\/www.jaime-suarez.com\/es\/wp-json\/wp\/v2\/users\/2"}],"replies":[{"embeddable":true,"href":"https:\/\/www.jaime-suarez.com\/es\/wp-json\/wp\/v2\/comments?post=35329"}],"version-history":[{"count":6,"href":"https:\/\/www.jaime-suarez.com\/es\/wp-json\/wp\/v2\/pages\/35329\/revisions"}],"predecessor-version":[{"id":35339,"href":"https:\/\/www.jaime-suarez.com\/es\/wp-json\/wp\/v2\/pages\/35329\/revisions\/35339"}],"wp:attachment":[{"href":"https:\/\/www.jaime-suarez.com\/es\/wp-json\/wp\/v2\/media?parent=35329"}],"curies":[{"name":"wp","href":"https:\/\/api.w.org\/{rel}","templated":true}]}}