{"id":35541,"date":"2026-02-01T06:17:38","date_gmt":"2026-02-01T06:17:38","guid":{"rendered":"https:\/\/jaime-suarez.com\/?page_id=35541"},"modified":"2026-02-01T06:19:29","modified_gmt":"2026-02-01T06:19:29","slug":"cargos-federales","status":"publish","type":"page","link":"https:\/\/www.jaime-suarez.com\/es\/areas-de-practica\/cargos-federales\/","title":{"rendered":"Cargos Federales"},"content":{"rendered":"<p>Los delitos federales son los cargos m\u00e1s altos en la Legislatura Federal de EE. UU., Superando los delitos menores e incluso los delitos graves. Si alguien es acusado de un delito federal, el caso solo se puede llevar a cabo en un tribunal federal y puede condenarse a un m\u00ednimo de seis meses de c\u00e1rcel y \/ o una multa de hasta $ 1000.<\/p>\n<p><img decoding=\"async\" class=\"alignnone size-full wp-image-35540\" src=\"https:\/\/jaime-suarez.com\/wp-content\/uploads\/2026\/02\/federal-charges.webp\" alt=\"\" width=\"287\" height=\"160\" \/><\/p>\n<p>Es por eso que es importante comprender su defensa y sus derechos como ciudadano de los EE. UU. Aunque un caso se clasifica seg\u00fan la ley federal, con el equipo de defensa correcto, el acusado a\u00fan puede obtener una sentencia m\u00ednima o ninguna. Como parte del proceso de casos federales, los acusados deben conocer las leyes federales y los delitos y los derechos relacionados con el juicio.<\/p>\n<p>Estos son algunos ejemplos de casos que se clasificar\u00edan como delitos federales:<\/p>\n<ul>\n<li>Delitos de fraude bancario<\/li>\n<li>Cr\u00edmenes de extorsi\u00f3n<\/li>\n<li>Delitos de lavado de dinero<\/li>\n<li>Cr\u00edmenes contra ni\u00f1os<\/li>\n<li>Violaciones de los derechos civiles federales<\/li>\n<\/ul>\n","protected":false},"excerpt":{"rendered":"<p>Los delitos federales son los cargos m\u00e1s altos en la Legislatura Federal de EE. UU., Superando los delitos menores e incluso los delitos graves. Si alguien es acusado de un delito federal, el caso solo se puede llevar a cabo en un tribunal federal y puede condenarse a un m\u00ednimo de seis meses de c\u00e1rcel [&hellip;]<\/p>\n","protected":false},"author":2,"featured_media":0,"parent":35246,"menu_order":0,"comment_status":"closed","ping_status":"closed","template":"","meta":{"footnotes":""},"class_list":["post-35541","page","type-page","status-publish","hentry"],"yoast_head":"<!-- This site is optimized with the Yoast SEO plugin v27.1.1 - https:\/\/yoast.com\/product\/yoast-seo-wordpress\/ -->\n<title>Cargos Federales | Jaime Su\u00e1rez<\/title>\n<meta name=\"description\" content=\"\u00bfTe quedaste atascado en cargos federales? No busque m\u00e1s all\u00e1 de las Oficinas Legales de Su\u00e1rez y Montero, ya que tenemos algunos de los mejores equipos de defensa para delitos relacionados con el gobierno federal, ya sean delitos de fraude bancario, delitos de extorsi\u00f3n o delitos de lavado de dinero, etc.\" \/>\n<meta name=\"robots\" content=\"index, follow, max-snippet:-1, max-image-preview:large, max-video-preview:-1\" \/>\n<link rel=\"canonical\" href=\"https:\/\/www.jaime-suarez.com\/es\/areas-de-practica\/cargos-federales\/\" \/>\n<meta property=\"og:locale\" content=\"es_ES\" \/>\n<meta property=\"og:type\" content=\"article\" \/>\n<meta property=\"og:title\" content=\"Cargos Federales | Jaime Su\u00e1rez\" \/>\n<meta property=\"og:description\" content=\"\u00bfTe quedaste atascado en cargos federales? No busque m\u00e1s all\u00e1 de las Oficinas Legales de Su\u00e1rez y Montero, ya que tenemos algunos de los mejores equipos de defensa para delitos relacionados con el gobierno federal, ya sean delitos de fraude bancario, delitos de extorsi\u00f3n o delitos de lavado de dinero, etc.\" \/>\n<meta property=\"og:url\" content=\"https:\/\/www.jaime-suarez.com\/es\/areas-de-practica\/cargos-federales\/\" \/>\n<meta property=\"og:site_name\" content=\"Jaime Suarez\" \/>\n<meta property=\"article:modified_time\" content=\"2026-02-01T06:19:29+00:00\" \/>\n<meta property=\"og:image\" content=\"https:\/\/jaime-suarez.com\/wp-content\/uploads\/2026\/02\/federal-charges.webp\" \/>\n<meta name=\"twitter:card\" content=\"summary_large_image\" \/>\n<meta name=\"twitter:label1\" content=\"Tiempo de lectura\" \/>\n\t<meta name=\"twitter:data1\" content=\"1 minuto\" \/>\n<!-- \/ Yoast SEO plugin. -->","yoast_head_json":{"title":"Cargos Federales | Jaime Su\u00e1rez","description":"\u00bfTe quedaste atascado en cargos federales? No busque m\u00e1s all\u00e1 de las Oficinas Legales de Su\u00e1rez y Montero, ya que tenemos algunos de los mejores equipos de defensa para delitos relacionados con el gobierno federal, ya sean delitos de fraude bancario, delitos de extorsi\u00f3n o delitos de lavado de dinero, etc.","robots":{"index":"index","follow":"follow","max-snippet":"max-snippet:-1","max-image-preview":"max-image-preview:large","max-video-preview":"max-video-preview:-1"},"canonical":"https:\/\/www.jaime-suarez.com\/es\/areas-de-practica\/cargos-federales\/","og_locale":"es_ES","og_type":"article","og_title":"Cargos Federales | Jaime Su\u00e1rez","og_description":"\u00bfTe quedaste atascado en cargos federales? No busque m\u00e1s all\u00e1 de las Oficinas Legales de Su\u00e1rez y Montero, ya que tenemos algunos de los mejores equipos de defensa para delitos relacionados con el gobierno federal, ya sean delitos de fraude bancario, delitos de extorsi\u00f3n o delitos de lavado de dinero, etc.","og_url":"https:\/\/www.jaime-suarez.com\/es\/areas-de-practica\/cargos-federales\/","og_site_name":"Jaime Suarez","article_modified_time":"2026-02-01T06:19:29+00:00","og_image":[{"url":"https:\/\/jaime-suarez.com\/wp-content\/uploads\/2026\/02\/federal-charges.webp","type":"","width":"","height":""}],"twitter_card":"summary_large_image","twitter_misc":{"Tiempo de lectura":"1 minuto"},"schema":{"@context":"https:\/\/schema.org","@graph":[{"@type":"WebPage","@id":"https:\/\/www.jaime-suarez.com\/es\/areas-de-practica\/cargos-federales\/","url":"https:\/\/www.jaime-suarez.com\/es\/areas-de-practica\/cargos-federales\/","name":"Cargos Federales | Jaime Su\u00e1rez","isPartOf":{"@id":"https:\/\/www.jaime-suarez.com\/es\/#website"},"primaryImageOfPage":{"@id":"https:\/\/www.jaime-suarez.com\/es\/areas-de-practica\/cargos-federales\/#primaryimage"},"image":{"@id":"https:\/\/www.jaime-suarez.com\/es\/areas-de-practica\/cargos-federales\/#primaryimage"},"thumbnailUrl":"https:\/\/jaime-suarez.com\/wp-content\/uploads\/2026\/02\/federal-charges.webp","datePublished":"2026-02-01T06:17:38+00:00","dateModified":"2026-02-01T06:19:29+00:00","description":"\u00bfTe quedaste atascado en cargos federales? No busque m\u00e1s all\u00e1 de las Oficinas Legales de Su\u00e1rez y Montero, ya que tenemos algunos de los mejores equipos de defensa para delitos relacionados con el gobierno federal, ya sean delitos de fraude bancario, delitos de extorsi\u00f3n o delitos de lavado de dinero, etc.","breadcrumb":{"@id":"https:\/\/www.jaime-suarez.com\/es\/areas-de-practica\/cargos-federales\/#breadcrumb"},"inLanguage":"es","potentialAction":[{"@type":"ReadAction","target":["https:\/\/www.jaime-suarez.com\/es\/areas-de-practica\/cargos-federales\/"]}]},{"@type":"ImageObject","inLanguage":"es","@id":"https:\/\/www.jaime-suarez.com\/es\/areas-de-practica\/cargos-federales\/#primaryimage","url":"https:\/\/jaime-suarez.com\/wp-content\/uploads\/2026\/02\/federal-charges.webp","contentUrl":"https:\/\/jaime-suarez.com\/wp-content\/uploads\/2026\/02\/federal-charges.webp"},{"@type":"BreadcrumbList","@id":"https:\/\/www.jaime-suarez.com\/es\/areas-de-practica\/cargos-federales\/#breadcrumb","itemListElement":[{"@type":"ListItem","position":1,"name":"Home","item":"https:\/\/www.jaime-suarez.com\/es\/"},{"@type":"ListItem","position":2,"name":"Areas de Practica","item":"https:\/\/www.jaime-suarez.com\/es\/areas-de-practica\/"},{"@type":"ListItem","position":3,"name":"Cargos Federales"}]},{"@type":"WebSite","@id":"https:\/\/www.jaime-suarez.com\/es\/#website","url":"https:\/\/www.jaime-suarez.com\/es\/","name":"Jaime Suarez","description":"Miami Injury Accident Attorney","publisher":{"@id":"https:\/\/www.jaime-suarez.com\/es\/#organization"},"potentialAction":[{"@type":"SearchAction","target":{"@type":"EntryPoint","urlTemplate":"https:\/\/www.jaime-suarez.com\/es\/?s={search_term_string}"},"query-input":{"@type":"PropertyValueSpecification","valueRequired":true,"valueName":"search_term_string"}}],"inLanguage":"es"},{"@type":"Organization","@id":"https:\/\/www.jaime-suarez.com\/es\/#organization","name":"Jaime Suarez","url":"https:\/\/www.jaime-suarez.com\/es\/","logo":{"@type":"ImageObject","inLanguage":"es","@id":"https:\/\/www.jaime-suarez.com\/es\/#\/schema\/logo\/image\/","url":"https:\/\/www.jaime-suarez.com\/wp-content\/uploads\/2025\/11\/jaime-suarez-logo.webp","contentUrl":"https:\/\/www.jaime-suarez.com\/wp-content\/uploads\/2025\/11\/jaime-suarez-logo.webp","width":900,"height":263,"caption":"Jaime Suarez"},"image":{"@id":"https:\/\/www.jaime-suarez.com\/es\/#\/schema\/logo\/image\/"}}]}},"_links":{"self":[{"href":"https:\/\/www.jaime-suarez.com\/es\/wp-json\/wp\/v2\/pages\/35541","targetHints":{"allow":["GET"]}}],"collection":[{"href":"https:\/\/www.jaime-suarez.com\/es\/wp-json\/wp\/v2\/pages"}],"about":[{"href":"https:\/\/www.jaime-suarez.com\/es\/wp-json\/wp\/v2\/types\/page"}],"author":[{"embeddable":true,"href":"https:\/\/www.jaime-suarez.com\/es\/wp-json\/wp\/v2\/users\/2"}],"replies":[{"embeddable":true,"href":"https:\/\/www.jaime-suarez.com\/es\/wp-json\/wp\/v2\/comments?post=35541"}],"version-history":[{"count":2,"href":"https:\/\/www.jaime-suarez.com\/es\/wp-json\/wp\/v2\/pages\/35541\/revisions"}],"predecessor-version":[{"id":35543,"href":"https:\/\/www.jaime-suarez.com\/es\/wp-json\/wp\/v2\/pages\/35541\/revisions\/35543"}],"up":[{"embeddable":true,"href":"https:\/\/www.jaime-suarez.com\/es\/wp-json\/wp\/v2\/pages\/35246"}],"wp:attachment":[{"href":"https:\/\/www.jaime-suarez.com\/es\/wp-json\/wp\/v2\/media?parent=35541"}],"curies":[{"name":"wp","href":"https:\/\/api.w.org\/{rel}","templated":true}]}}