{"id":597,"date":"2025-11-25T16:22:32","date_gmt":"2025-11-25T16:22:32","guid":{"rendered":"https:\/\/jaime-suarez.com\/acerca-de\/"},"modified":"2025-12-31T04:33:41","modified_gmt":"2025-12-31T04:33:41","slug":"quienes-somos","status":"publish","type":"page","link":"https:\/\/www.jaime-suarez.com\/es\/quienes-somos\/","title":{"rendered":"Quienes somos"},"content":{"rendered":"\t\t<div data-elementor-type=\"wp-page\" data-elementor-id=\"597\" class=\"elementor elementor-597 elementor-40\" data-elementor-post-type=\"page\">\n\t\t\t\t<div class=\"elementor-element elementor-element-3a281fe0 e-flex e-con-boxed e-con e-parent\" data-id=\"3a281fe0\" data-element_type=\"container\" data-e-type=\"container\">\n\t\t\t\t\t<div class=\"e-con-inner\">\n\t\t\t\t<div class=\"elementor-element elementor-element-5b47f10c elementor-widget elementor-widget-text-editor\" data-id=\"5b47f10c\" data-element_type=\"widget\" data-e-type=\"widget\" data-widget_type=\"text-editor.default\">\n\t\t\t\t\t\t\t\t\t\n<p>Bufete de Abogados Su\u00e1rez y Montero<\/p>\n<p>El abogado Jaime Suarez se gradu\u00f3 con los m\u00e1ximos honores de la Facultad de Derecho de la Universidad de Miami. Ha ayudado a v\u00edctimas de accidentes en el sur de Florida durante m\u00e1s de 24 a\u00f1os.<\/p>\n<p><strong>Suarez &amp; Montero Car Accident Attorneys<\/strong> es un bufete de abogados de lesiones personales con oficinas en <strong>Miami <\/strong>y <strong>Broward<\/strong>.<\/p>\n<h2>\u00bfQu\u00e9 es un abogado de lesiones personales?<\/h2>\n<p>Un abogado de lesiones personales seguramente puede ayudarle a navegar por el complejo proceso de reclamaci\u00f3n y liquidaci\u00f3n de seguros. Los <a href=\"https:\/\/jaime-suarez.com\/es\/abogado-de-accidentes-automovilisticos-en-miami\/\">abogados de accidentes automovil\u00edsticos<\/a> de Suarez &amp; Montero pueden guiarle a trav\u00e9s del proceso porque tenemos experiencia y estamos muy dedicados a nuestros clientes. Nuestra misi\u00f3n es proteger los derechos de nuestros clientes y obtener la m\u00e1xima indemnizaci\u00f3n y atenci\u00f3n m\u00e9dica para ellos.<\/p>\n<p><strong>Estos son algunos de los tipos de casos de accidentes que manejamos:<\/strong>\u00a0<\/p>\t\t\t\t\t\t\t\t<\/div>\n\t\t<div class=\"elementor-element elementor-element-5f4fcf6 e-con-full e-flex e-con e-child\" data-id=\"5f4fcf6\" data-element_type=\"container\" data-e-type=\"container\">\n\t\t\t\t<div class=\"elementor-element elementor-element-6a955f6 elementor-widget elementor-widget-text-editor\" data-id=\"6a955f6\" data-element_type=\"widget\" data-e-type=\"widget\" data-widget_type=\"text-editor.default\">\n\t\t\t\t\t\t\t\t\t\n<ul>\n<li><a href=\"https:\/\/jaime-suarez.com\/es\/abogado-de-accidentes-de-conduccion-distraido-miami\/\">Abogados de Accidentes de Conducci\u00f3n Distra\u00eddos<\/a><\/li>\n<li><a href=\"https:\/\/jaime-suarez.com\/es\/abogado-de-accidente-de-conducir-ebrio-miami\/\">Accidentes de Conducci\u00f3n Borrachos<\/a><\/li>\n<li><a href=\"https:\/\/jaime-suarez.com\/es\/abogados-de-accidentes-de-violencia-vial-miami\/\">Accidentes Automovil\u00edsticos de rabia de Carretera<\/a><\/li>\n<li><a href=\"https:\/\/jaime-suarez.com\/es\/abogado-en-colisiones-frontales-miami\/\">Colisiones de Frente<\/a><\/li>\n<li>Accidentes de rollover<\/li>\n<li><a href=\"https:\/\/jaime-suarez.com\/es\/abogados-de-accidentes-con-colision-trasera-en-miami\/\">Accidentes Automovil\u00edsticos Traseros<\/a><\/li>\n<li><a href=\"https:\/\/jaime-suarez.com\/es\/abogado-de-accidentes-de-giro-a-la-izquierda-en-miami\/\">Accidentes de giro a la izquierda<\/a><\/li>\n<li><a href=\"https:\/\/jaime-suarez.com\/es\/abogado-de-accidente-de-t-bone-en-miami\/\">Accidentes Automovil\u00edsticos de T-Bone<\/a><\/li>\n<\/ul>\t\t\t\t\t\t\t\t<\/div>\n\t\t\t\t<div class=\"elementor-element elementor-element-aff4fd9 elementor-widget elementor-widget-text-editor\" data-id=\"aff4fd9\" data-element_type=\"widget\" data-e-type=\"widget\" data-widget_type=\"text-editor.default\">\n\t\t\t\t\t\t\t\t\t\n<ul>\n<li><a href=\"https:\/\/jaime-suarez.com\/es\/abogados-de-accidentes-de-transito-en-miami\/\">Incapacidad para Producir Accidentes Automovil\u00edsticos<\/a><\/li>\n<li><a href=\"https:\/\/jaime-suarez.com\/es\/abogados-de-accidentes-de-impacto-lateral-en-miami\/\">Accidentes de Sideswipe<\/a><\/li>\n<li><a href=\"https:\/\/jaime-suarez.com\/es\/abogado-de-accidentes-de-atv-en-miami\/\">Accidentes de ATV<\/a><\/li>\n<li><a href=\"https:\/\/jaime-suarez.com\/es\/abogados-de-accidentes-causados-por-cambio-de-carril-en-miami\/\">Accidentes de Cambio de Carril<\/a><\/li>\n<li><a href=\"https:\/\/jaime-suarez.com\/es\/abogados-de-accidentes-en-zonas-de-construccion-en-miami\/\">Accidentes de Veh\u00edculos de la Zona de Construcci\u00f3n<\/a><\/li>\n<li><a href=\"https:\/\/jaime-suarez.com\/es\/abogado-miami-accidentes-uber\/\">Uber Accidentes<\/a><\/li>\n<li><a href=\"https:\/\/jaime-suarez.com\/es\/abogado-de-accidentes-de-camion-en-miami\/\">Accidentes de Camiones<\/a><\/li>\n<li><a href=\"https:\/\/jaime-suarez.com\/es\/abogado-de-accidentes-de-semi-camiones-en-miami\/\">Accidentes de Semi-Cami\u00f3n<\/a><\/li>\n<li><a href=\"https:\/\/jaime-suarez.com\/es\/abogado-de-accidentes-de-bicicletas-en-miami\/\">Accidentes de Bicicleta<\/a><\/li>\n<li><a href=\"https:\/\/jaime-suarez.com\/es\/abogados-de-accidentes-de-tren-en-miami\/\">Accidentes de Tren<\/a><\/li>\n<li><a href=\"https:\/\/jaime-suarez.com\/es\/abogado-de-accidentes-de-peatones-en-miami\/\">Accidentes Peatonales<\/a><\/li>\n<li><a href=\"https:\/\/jaime-suarez.com\/es\/abogado-de-accidentes-de-navegacion-en-miami\/\">Accidentes de Navegaci\u00f3n<\/a><\/li>\n<\/ul>\t\t\t\t\t\t\t\t<\/div>\n\t\t\t\t<\/div>\n\t\t\t\t<div class=\"elementor-element elementor-element-82279f1 elementor-widget elementor-widget-text-editor\" data-id=\"82279f1\" data-element_type=\"widget\" data-e-type=\"widget\" data-widget_type=\"text-editor.default\">\n\t\t\t\t\t\t\t\t\t\n<h2>Contrate a los abogados de accidentes automovil\u00edsticos de Su\u00e1rez y Montero<\/h2>\n<p>Contacte a uno de nuestros abogados de accidentes de auto con a\u00f1os de experiencia en casos de lesiones personales. Evaluamos cada caso con un enfoque estrat\u00e9gico para determinar las posibilidades de \u00e9xito. Podemos determinar si puede presentar una demanda por lesiones personales y la indemnizaci\u00f3n que podr\u00eda obtener. La mayor\u00eda de los abogados que atienden casos de lesiones personales lo hacen con honorarios de contingencia. Esto significa que no cobramos por hora, sino que cobramos un porcentaje de su indemnizaci\u00f3n en caso de sentencia o acuerdo. Si no se obtiene una indemnizaci\u00f3n, no nos debe nada.<\/p>\n<p>Nuestro equipo se toma el tiempo necesario para comprender su accidente desde su perspectiva y revisa cuidadosamente toda la informaci\u00f3n recopilada. Posteriormente, elaboramos un plan de acci\u00f3n adecuado para su caso espec\u00edfico y le guiamos con comodidad al siguiente paso: el proceso de reclamaci\u00f3n. En este punto, comenzamos a tratar con la compa\u00f1\u00eda de seguros de la parte responsable.<\/p>\n<h3>How We Build Your Case:<\/h3>\n<p>Una vez que contrate a nuestro bufete, nuestro equipo legal comenzar\u00e1 a revisar cada aspecto de su caso, incluyendo: sus lesiones y las circunstancias que las causaron, las pruebas, su historial laboral y salarial, las circunstancias de su hogar y cualquier otro elemento que respalde su reclamaci\u00f3n. Independientemente del tipo de veh\u00edculo en el que se encontraba cuando ocurri\u00f3 el accidente, los abogados especializados en accidentes automovil\u00edsticos de nuestro bufete pueden ayudarle a obtener la compensaci\u00f3n que desea y la mejor indemnizaci\u00f3n posible. Nuestros abogados trabajan con una red de especialistas para investigar a fondo los accidentes automovil\u00edsticos y determinar todos los factores contribuyentes. Utilizamos esta informaci\u00f3n para construir casos s\u00f3lidos y basados \u200b\u200ben evidencia que aumentan la probabilidad de un resultado exitoso.<\/p>\n<p><strong>Negociaciones de Acuerdo y Fase de Demanda:<\/strong> Enviamos una solicitud de demanda a la aseguradora o a la otra parte, exponiendo su caso de da\u00f1os y perjuicios con todo detalle. Este paso implica la necesidad de un acuerdo, como una carta de requerimiento que describa su caso, incluyendo la responsabilidad y la indemnizaci\u00f3n. La carta es revisada por el abogado de la parte contraria. En respuesta a la carta, la parte contraria normalmente rechazar\u00e1 la solicitud, presentar\u00e1 una contraoferta o la aceptar\u00e1. La carta de demanda suele ser la impresi\u00f3n m\u00e1s importante que tendr\u00e1 en la parte contraria. Redactar una carta excelente es crucial.<\/p>\n<p><strong>Presentando su demanda:<\/strong> cuando usted tiene un <a href=\"https:\/\/jaime-suarez.com\/es\/lesion-personal\/\">abogado de lesiones personales<\/a> trabajando en su caso, ellos le aconsejar\u00e1n of todas sus opciones legales. Es importante tener en cuenta que sin un abogado especializado en accidentes automovil\u00edsticos de su lado, se enfrentar\u00e1 a compa\u00f1\u00edas de seguros que, francamente, est\u00e1n m\u00e1s preocupadas por aumentar sus ganancias que por ayudarle a recuperarse de sus lesiones. Con nuestro equipo de abogados especializados en accidentes automovil\u00edsticos de su lado, estar\u00e1 protegido contra las t\u00e1cticas predatorias que utilizan muchas compa\u00f1\u00edas de seguros.<\/p>\n<h3>Communication is Key<\/h3>\n<p>A veces recibimos llamadas de clientes que recientemente despidieron a su abogado anterior. \u00bfQuiere saber cu\u00e1l es la raz\u00f3n m\u00e1s com\u00fan por la que los clientes despiden a sus abogados? La falta de comunicaci\u00f3n. Casi nada es m\u00e1s irritante para un cliente que confiar su caso a un abogado y darse cuenta, semanas o meses despu\u00e9s, de que no se ha hecho nada. Necesita un abogado que pueda trabajar arduamente en su nombre y cumplir con todas las tareas asignadas. Considere las dimensiones del bufete al <a href=\"https:\/\/jaime-suarez.com\/es\/lesion-personal\/tips-para-contratar-un-abogado-de-lesiones-personales\/\">elegir un abogado<\/a>. A menudo, un gran bufete asigna el caso a un abogado sin experiencia, y no al abogado con el que se reuni\u00f3. Poder comunicarse eficazmente con su abogado es un aspecto vital de cualquier caso. Al final, el abogado deber\u00eda trabajar para usted y responderle. Al contratar a nuestro bufete, puede estar seguro de contar con un defensor que luchar\u00e1 apasionadamente por usted y sus derechos.<\/p>\n<p>Perm\u00edtanos revisar su caso y hablar sobre sus opciones legales. Nuestros abogados est\u00e1n listos para brindarle una representaci\u00f3n legal comprobada en su reclamo y proteger sus derechos.<\/p>\n<h3>Contact us today at 786-LAWYERS for a FREE Consultation!<\/h3>\n<p>Atendemos a clientes en toda Florida, incluidos aquellos en las siguientes \u00e1reas:<\/p>\n<p><strong>Miami-Dade<\/strong>: Aventura, Coral Gables, Doral, Hialeah, Homestead, Kendall, Miami, Miami Beach, Miami Lakes, North Miami, Tamiami y Westchester.<\/p>\n<p><strong>Broward<\/strong>: Fort Lauderdale, Hallandale Beach, Hollywood, Pembroke Pines y Weston; y el condado de Palm Beach, incluidos Boca Raton, Lake Worth y West Palm Beach.<\/p>\n\n<p><script type=\"application\/ld+json\">{\"@context\":\"https:\\\/\\\/schema.org\\\/\",\"@type\":\"Article\",\"mainEntityOfPage\":{\"@type\":\"WebPage\",\"@id\":\"https:\\\/\\\/www.jaime-suarez.com\\\/es\\\/quienes-somos\\\/\"},\"url\":\"https:\\\/\\\/www.jaime-suarez.com\\\/es\\\/quienes-somos\\\/\",\"headline\":\"\u00bfQUIENES SOMOS?\",\"datePublished\":\"2017-12-05T07:57:43-05:00\",\"dateModified\":\"2020-03-03T15:42:58-05:00\",\"publisher\":{\"@type\":\"Organization\",\"@id\":\"https:\\\/\\\/www.jaime-suarez.com\\\/es\\\/#organization\",\"name\":\"Law Offices of Suarez &amp; Montero\",\"logo\":{\"@type\":\"ImageObject\",\"url\":\"https:\\\/\\\/www.jaime-suarez.com\\\/wp-content\\\/uploads\\\/2019\\\/05\\\/Jaime-Suarez-jan-2019.png\",\"width\":600,\"height\":60}},\"description\":\"coming soon\",\"author\":{\"@type\":\"Person\",\"name\":\"patondev\",\"url\":\"https:\\\/\\\/www.jaime-suarez.com\\\/es\\\/author\\\/patondev\\\/\",\"image\":{\"@type\":\"ImageObject\",\"url\":\"https:\\\/\\\/secure.gravatar.com\\\/avatar\\\/1407cab7332aa30ab4454f293475a6d592863d9f50d322480cdc611c9d57d2cb?s=96&d=mm&r=g\",\"height\":96,\"width\":96}}}<\/script><\/p>\t\t\t\t\t\t\t\t<\/div>\n\t\t\t\t\t<\/div>\n\t\t\t\t<\/div>\n\t\t\t\t<\/div>\n\t\t","protected":false},"excerpt":{"rendered":"<p>Bufete de Abogados Su\u00e1rez y Montero El abogado Jaime Suarez se gradu\u00f3 con los m\u00e1ximos honores de la Facultad de Derecho de la Universidad de Miami. Ha ayudado a v\u00edctimas de accidentes en el sur de Florida durante m\u00e1s de 24 a\u00f1os. Suarez &amp; Montero Car Accident Attorneys es un bufete de abogados de lesiones [&hellip;]<\/p>\n","protected":false},"author":2,"featured_media":0,"parent":0,"menu_order":0,"comment_status":"closed","ping_status":"closed","template":"","meta":{"footnotes":""},"class_list":["post-597","page","type-page","status-publish","hentry"],"yoast_head":"<!-- This site is optimized with the Yoast SEO plugin v27.1.1 - https:\/\/yoast.com\/product\/yoast-seo-wordpress\/ -->\n<title>Acerca de Oficinas Legales de Su\u00e1rez y Montero - Jaime Su\u00e1rez<\/title>\n<meta name=\"description\" content=\"Manejamos todo tipo de casos relacionados con accidentes, ya sean accidentes automovil\u00edsticos, accidentes de camiones o accidentes peatonales. Conozca m\u00e1s sobre los mejores asentamientos o la compensaci\u00f3n por accidente de autom\u00f3vil de nuestro abogado de lesiones personales con experiencia de m\u00e1s de 17 a\u00f1os.\" \/>\n<meta name=\"robots\" content=\"index, follow, max-snippet:-1, max-image-preview:large, max-video-preview:-1\" \/>\n<link rel=\"canonical\" href=\"https:\/\/www.jaime-suarez.com\/es\/quienes-somos\/\" \/>\n<meta property=\"og:locale\" content=\"es_ES\" \/>\n<meta property=\"og:type\" content=\"article\" \/>\n<meta property=\"og:title\" content=\"Acerca de Oficinas Legales de Su\u00e1rez y Montero - Jaime Su\u00e1rez\" \/>\n<meta property=\"og:description\" content=\"Manejamos todo tipo de casos relacionados con accidentes, ya sean accidentes automovil\u00edsticos, accidentes de camiones o accidentes peatonales. Conozca m\u00e1s sobre los mejores asentamientos o la compensaci\u00f3n por accidente de autom\u00f3vil de nuestro abogado de lesiones personales con experiencia de m\u00e1s de 17 a\u00f1os.\" \/>\n<meta property=\"og:url\" content=\"https:\/\/www.jaime-suarez.com\/es\/quienes-somos\/\" \/>\n<meta property=\"og:site_name\" content=\"Jaime Suarez\" \/>\n<meta property=\"article:modified_time\" content=\"2025-12-31T04:33:41+00:00\" \/>\n<meta name=\"twitter:card\" content=\"summary_large_image\" \/>\n<meta name=\"twitter:label1\" content=\"Tiempo de lectura\" \/>\n\t<meta name=\"twitter:data1\" content=\"5 minutos\" \/>\n<!-- \/ Yoast SEO plugin. -->","yoast_head_json":{"title":"Acerca de Oficinas Legales de Su\u00e1rez y Montero - Jaime Su\u00e1rez","description":"Manejamos todo tipo de casos relacionados con accidentes, ya sean accidentes automovil\u00edsticos, accidentes de camiones o accidentes peatonales. Conozca m\u00e1s sobre los mejores asentamientos o la compensaci\u00f3n por accidente de autom\u00f3vil de nuestro abogado de lesiones personales con experiencia de m\u00e1s de 17 a\u00f1os.","robots":{"index":"index","follow":"follow","max-snippet":"max-snippet:-1","max-image-preview":"max-image-preview:large","max-video-preview":"max-video-preview:-1"},"canonical":"https:\/\/www.jaime-suarez.com\/es\/quienes-somos\/","og_locale":"es_ES","og_type":"article","og_title":"Acerca de Oficinas Legales de Su\u00e1rez y Montero - Jaime Su\u00e1rez","og_description":"Manejamos todo tipo de casos relacionados con accidentes, ya sean accidentes automovil\u00edsticos, accidentes de camiones o accidentes peatonales. Conozca m\u00e1s sobre los mejores asentamientos o la compensaci\u00f3n por accidente de autom\u00f3vil de nuestro abogado de lesiones personales con experiencia de m\u00e1s de 17 a\u00f1os.","og_url":"https:\/\/www.jaime-suarez.com\/es\/quienes-somos\/","og_site_name":"Jaime Suarez","article_modified_time":"2025-12-31T04:33:41+00:00","twitter_card":"summary_large_image","twitter_misc":{"Tiempo de lectura":"5 minutos"},"schema":{"@context":"https:\/\/schema.org","@graph":[{"@type":"WebPage","@id":"https:\/\/www.jaime-suarez.com\/es\/quienes-somos\/","url":"https:\/\/www.jaime-suarez.com\/es\/quienes-somos\/","name":"Acerca de Oficinas Legales de Su\u00e1rez y Montero - Jaime Su\u00e1rez","isPartOf":{"@id":"https:\/\/www.jaime-suarez.com\/es\/#website"},"datePublished":"2025-11-25T16:22:32+00:00","dateModified":"2025-12-31T04:33:41+00:00","description":"Manejamos todo tipo de casos relacionados con accidentes, ya sean accidentes automovil\u00edsticos, accidentes de camiones o accidentes peatonales. Conozca m\u00e1s sobre los mejores asentamientos o la compensaci\u00f3n por accidente de autom\u00f3vil de nuestro abogado de lesiones personales con experiencia de m\u00e1s de 17 a\u00f1os.","breadcrumb":{"@id":"https:\/\/www.jaime-suarez.com\/es\/quienes-somos\/#breadcrumb"},"inLanguage":"es","potentialAction":[{"@type":"ReadAction","target":["https:\/\/www.jaime-suarez.com\/es\/quienes-somos\/"]}]},{"@type":"BreadcrumbList","@id":"https:\/\/www.jaime-suarez.com\/es\/quienes-somos\/#breadcrumb","itemListElement":[{"@type":"ListItem","position":1,"name":"Home","item":"https:\/\/www.jaime-suarez.com\/es\/"},{"@type":"ListItem","position":2,"name":"Quienes somos"}]},{"@type":"WebSite","@id":"https:\/\/www.jaime-suarez.com\/es\/#website","url":"https:\/\/www.jaime-suarez.com\/es\/","name":"Jaime Suarez","description":"Miami Injury Accident Attorney","publisher":{"@id":"https:\/\/www.jaime-suarez.com\/es\/#organization"},"potentialAction":[{"@type":"SearchAction","target":{"@type":"EntryPoint","urlTemplate":"https:\/\/www.jaime-suarez.com\/es\/?s={search_term_string}"},"query-input":{"@type":"PropertyValueSpecification","valueRequired":true,"valueName":"search_term_string"}}],"inLanguage":"es"},{"@type":"Organization","@id":"https:\/\/www.jaime-suarez.com\/es\/#organization","name":"Jaime Suarez","url":"https:\/\/www.jaime-suarez.com\/es\/","logo":{"@type":"ImageObject","inLanguage":"es","@id":"https:\/\/www.jaime-suarez.com\/es\/#\/schema\/logo\/image\/","url":"https:\/\/www.jaime-suarez.com\/wp-content\/uploads\/2025\/11\/jaime-suarez-logo.webp","contentUrl":"https:\/\/www.jaime-suarez.com\/wp-content\/uploads\/2025\/11\/jaime-suarez-logo.webp","width":900,"height":263,"caption":"Jaime Suarez"},"image":{"@id":"https:\/\/www.jaime-suarez.com\/es\/#\/schema\/logo\/image\/"}}]}},"_links":{"self":[{"href":"https:\/\/www.jaime-suarez.com\/es\/wp-json\/wp\/v2\/pages\/597","targetHints":{"allow":["GET"]}}],"collection":[{"href":"https:\/\/www.jaime-suarez.com\/es\/wp-json\/wp\/v2\/pages"}],"about":[{"href":"https:\/\/www.jaime-suarez.com\/es\/wp-json\/wp\/v2\/types\/page"}],"author":[{"embeddable":true,"href":"https:\/\/www.jaime-suarez.com\/es\/wp-json\/wp\/v2\/users\/2"}],"replies":[{"embeddable":true,"href":"https:\/\/www.jaime-suarez.com\/es\/wp-json\/wp\/v2\/comments?post=597"}],"version-history":[{"count":11,"href":"https:\/\/www.jaime-suarez.com\/es\/wp-json\/wp\/v2\/pages\/597\/revisions"}],"predecessor-version":[{"id":34862,"href":"https:\/\/www.jaime-suarez.com\/es\/wp-json\/wp\/v2\/pages\/597\/revisions\/34862"}],"wp:attachment":[{"href":"https:\/\/www.jaime-suarez.com\/es\/wp-json\/wp\/v2\/media?parent=597"}],"curies":[{"name":"wp","href":"https:\/\/api.w.org\/{rel}","templated":true}]}}