{"id":601,"date":"2025-11-25T16:23:41","date_gmt":"2025-11-25T16:23:41","guid":{"rendered":"https:\/\/jaime-suarez.com\/acerca-de\/andres-montero\/"},"modified":"2025-12-18T06:29:42","modified_gmt":"2025-12-18T06:29:42","slug":"andres-montero","status":"publish","type":"page","link":"https:\/\/www.jaime-suarez.com\/es\/quienes-somos\/andres-montero\/","title":{"rendered":"Andres Montero"},"content":{"rendered":"\t\t<div data-elementor-type=\"wp-page\" data-elementor-id=\"601\" class=\"elementor elementor-601 elementor-44\" data-elementor-post-type=\"page\">\n\t\t\t\t<div class=\"elementor-element elementor-element-d059258 e-flex e-con-boxed e-con e-parent\" data-id=\"d059258\" data-element_type=\"container\" data-e-type=\"container\">\n\t\t\t\t\t<div class=\"e-con-inner\">\n\t\t<div class=\"elementor-element elementor-element-f90f08a e-con-full e-flex e-con e-child\" data-id=\"f90f08a\" data-element_type=\"container\" data-e-type=\"container\">\n\t\t\t\t<div class=\"elementor-element elementor-element-8369275 elementor-widget elementor-widget-text-editor\" data-id=\"8369275\" data-element_type=\"widget\" data-e-type=\"widget\" data-widget_type=\"text-editor.default\">\n\t\t\t\t\t\t\t\t\t<p>Andr\u00e9s Montero, \u00abAndy\u00bb, comenz\u00f3 su carrera en la oficina del Defensor P\u00fablico del Condado de Miami-Dade, donde adquiri\u00f3 las habilidades necesarias para defender los derechos de los lesionados frente a las poderosas compa\u00f1\u00edas de seguros. En tan solo sus primeros 2 a\u00f1os y medio como Defensor P\u00fablico Asistente, Andy llev\u00f3 a juicio a m\u00e1s de 40 casos con jurado, que iban desde el Gran Robo hasta Delitos Graves que conllevan cadena perpetua. <\/p><p>Cabe destacar que, al defender su primer caso de asesinato, Andy pudo demostrar al jurado que la fiscal\u00eda hab\u00eda acusado al hombre equivocado de asesinato en primer grado. Despu\u00e9s de solo un juicio de cinco d\u00edas, Andy obtuvo un veredicto del jurado de \u00abNo Culpable\u00bb para su cliente inocente. Andy abri\u00f3 su propio bufete privado en 1995 y ha estado defendiendo en\u00e9rgicamente los derechos de otros en casos tanto estatales como federales. En 2004, Andy se uni\u00f3 a su colega de mucho tiempo, Jaime Su\u00e1rez.   <\/p>\t\t\t\t\t\t\t\t<\/div>\n\t\t\t\t<\/div>\n\t\t<div class=\"elementor-element elementor-element-cdd9dd6 e-con-full e-flex e-con e-child\" data-id=\"cdd9dd6\" data-element_type=\"container\" data-e-type=\"container\">\n\t\t\t\t<div class=\"elementor-element elementor-element-87aca39 elementor-widget elementor-widget-image\" data-id=\"87aca39\" data-element_type=\"widget\" data-e-type=\"widget\" data-widget_type=\"image.default\">\n\t\t\t\t\t\t\t\t\t\t\t\t\t\t\t<img fetchpriority=\"high\" decoding=\"async\" width=\"768\" height=\"744\" src=\"https:\/\/www.jaime-suarez.com\/wp-content\/uploads\/2025\/12\/DSC0274_small-768x744-1-1.webp\" class=\"attachment-large size-large wp-image-34029\" alt=\"\" srcset=\"https:\/\/www.jaime-suarez.com\/wp-content\/uploads\/2025\/12\/DSC0274_small-768x744-1-1.webp 768w, https:\/\/www.jaime-suarez.com\/wp-content\/uploads\/2025\/12\/DSC0274_small-768x744-1-1-300x291.webp 300w\" sizes=\"(max-width: 768px) 100vw, 768px\" \/>\t\t\t\t\t\t\t\t\t\t\t\t\t\t\t<\/div>\n\t\t\t\t<\/div>\n\t\t\t\t\t<\/div>\n\t\t\t\t<\/div>\n\t\t<div class=\"elementor-element elementor-element-50e92cc e-flex e-con-boxed e-con e-parent\" data-id=\"50e92cc\" data-element_type=\"container\" data-e-type=\"container\">\n\t\t\t\t\t<div class=\"e-con-inner\">\n\t\t\t\t<div class=\"elementor-element elementor-element-68a5874 elementor-widget elementor-widget-text-editor\" data-id=\"68a5874\" data-element_type=\"widget\" data-e-type=\"widget\" data-widget_type=\"text-editor.default\">\n\t\t\t\t\t\t\t\t\t<p>Juntos formaron <a href=\"https:\/\/jaime-suarez.com\/es\/\">el Bufete de Abogados Su\u00e1rez &amp; Montero<\/a> y crearon una fuerza formidable que lucha contra las compa\u00f1\u00edas de seguros. El Sr. Montero se ha convertido en uno de los principales abogados de demandantes civiles, ayudando a aquellos que han sufrido lesiones graves por la negligencia de corporaciones y otros. Durante m\u00e1s de 25 a\u00f1os, Andy ha defendido los derechos de los lesionados y puede ayudarle. Solo este a\u00f1o, Andy pudo obtener un acuerdo de 4,2 millones de d\u00f3lares en tan solo 5 meses para un turista canadiense que hab\u00eda estado visitando el sur de Florida. Hasta la fecha, el Sr. Montero ha recibido m\u00e1s de 20 millones de d\u00f3lares en veredictos y acuerdos para sus clientes y continuar\u00e1 luchando por sus derechos.<\/p>\t\t\t\t\t\t\t\t<\/div>\n\t\t\t\t\t<\/div>\n\t\t\t\t<\/div>\n\t\t\t\t<\/div>\n\t\t","protected":false},"excerpt":{"rendered":"<p>Andr\u00e9s Montero, \u00abAndy\u00bb, comenz\u00f3 su carrera en la oficina del Defensor P\u00fablico del Condado de Miami-Dade, donde adquiri\u00f3 las habilidades necesarias para defender los derechos de los lesionados frente a las poderosas compa\u00f1\u00edas de seguros. En tan solo sus primeros 2 a\u00f1os y medio como Defensor P\u00fablico Asistente, Andy llev\u00f3 a juicio a m\u00e1s de [&hellip;]<\/p>\n","protected":false},"author":2,"featured_media":0,"parent":597,"menu_order":0,"comment_status":"closed","ping_status":"closed","template":"","meta":{"footnotes":""},"class_list":["post-601","page","type-page","status-publish","hentry"],"yoast_head":"<!-- This site is optimized with the Yoast SEO plugin v27.1.1 - https:\/\/yoast.com\/product\/yoast-seo-wordpress\/ -->\n<title>Andr\u00e9s Montero [Andy Montero] | Oficinas Legales de Su\u00e1rez y Montero<\/title>\n<meta name=\"description\" content=\"Andr\u00e9s \u201cAndy\u201d Montero comenz\u00f3 su carrera en la oficina del Defensor P\u00fablico del Condado de Miami-Dade donde obtuvo las habilidades de prueba necesarias para defender los derechos de los heridos contra las poderosas compa\u00f1\u00edas de seguros.\" \/>\n<meta name=\"robots\" content=\"index, follow, max-snippet:-1, max-image-preview:large, max-video-preview:-1\" \/>\n<link rel=\"canonical\" href=\"https:\/\/www.jaime-suarez.com\/es\/quienes-somos\/andres-montero\/\" \/>\n<meta property=\"og:locale\" content=\"es_ES\" \/>\n<meta property=\"og:type\" content=\"article\" \/>\n<meta property=\"og:title\" content=\"Andr\u00e9s Montero [Andy Montero] | Oficinas Legales de Su\u00e1rez y Montero\" \/>\n<meta property=\"og:description\" content=\"Andr\u00e9s \u201cAndy\u201d Montero comenz\u00f3 su carrera en la oficina del Defensor P\u00fablico del Condado de Miami-Dade donde obtuvo las habilidades de prueba necesarias para defender los derechos de los heridos contra las poderosas compa\u00f1\u00edas de seguros.\" \/>\n<meta property=\"og:url\" content=\"https:\/\/www.jaime-suarez.com\/es\/quienes-somos\/andres-montero\/\" \/>\n<meta property=\"og:site_name\" content=\"Jaime Suarez\" \/>\n<meta property=\"article:modified_time\" content=\"2025-12-18T06:29:42+00:00\" \/>\n<meta property=\"og:image\" content=\"https:\/\/jaime-suarez.com\/wp-content\/uploads\/2025\/12\/DSC0274_small-768x744-1-1.webp\" \/>\n<meta name=\"twitter:card\" content=\"summary_large_image\" \/>\n<meta name=\"twitter:label1\" content=\"Tiempo de lectura\" \/>\n\t<meta name=\"twitter:data1\" content=\"2 minutos\" \/>\n<!-- \/ Yoast SEO plugin. -->","yoast_head_json":{"title":"Andr\u00e9s Montero [Andy Montero] | Oficinas Legales de Su\u00e1rez y Montero","description":"Andr\u00e9s \u201cAndy\u201d Montero comenz\u00f3 su carrera en la oficina del Defensor P\u00fablico del Condado de Miami-Dade donde obtuvo las habilidades de prueba necesarias para defender los derechos de los heridos contra las poderosas compa\u00f1\u00edas de seguros.","robots":{"index":"index","follow":"follow","max-snippet":"max-snippet:-1","max-image-preview":"max-image-preview:large","max-video-preview":"max-video-preview:-1"},"canonical":"https:\/\/www.jaime-suarez.com\/es\/quienes-somos\/andres-montero\/","og_locale":"es_ES","og_type":"article","og_title":"Andr\u00e9s Montero [Andy Montero] | Oficinas Legales de Su\u00e1rez y Montero","og_description":"Andr\u00e9s \u201cAndy\u201d Montero comenz\u00f3 su carrera en la oficina del Defensor P\u00fablico del Condado de Miami-Dade donde obtuvo las habilidades de prueba necesarias para defender los derechos de los heridos contra las poderosas compa\u00f1\u00edas de seguros.","og_url":"https:\/\/www.jaime-suarez.com\/es\/quienes-somos\/andres-montero\/","og_site_name":"Jaime Suarez","article_modified_time":"2025-12-18T06:29:42+00:00","og_image":[{"url":"https:\/\/jaime-suarez.com\/wp-content\/uploads\/2025\/12\/DSC0274_small-768x744-1-1.webp","type":"","width":"","height":""}],"twitter_card":"summary_large_image","twitter_misc":{"Tiempo de lectura":"2 minutos"},"schema":{"@context":"https:\/\/schema.org","@graph":[{"@type":"WebPage","@id":"https:\/\/www.jaime-suarez.com\/es\/quienes-somos\/andres-montero\/","url":"https:\/\/www.jaime-suarez.com\/es\/quienes-somos\/andres-montero\/","name":"Andr\u00e9s Montero [Andy Montero] | Oficinas Legales de Su\u00e1rez y Montero","isPartOf":{"@id":"https:\/\/www.jaime-suarez.com\/es\/#website"},"primaryImageOfPage":{"@id":"https:\/\/www.jaime-suarez.com\/es\/quienes-somos\/andres-montero\/#primaryimage"},"image":{"@id":"https:\/\/www.jaime-suarez.com\/es\/quienes-somos\/andres-montero\/#primaryimage"},"thumbnailUrl":"https:\/\/jaime-suarez.com\/wp-content\/uploads\/2025\/12\/DSC0274_small-768x744-1-1.webp","datePublished":"2025-11-25T16:23:41+00:00","dateModified":"2025-12-18T06:29:42+00:00","description":"Andr\u00e9s \u201cAndy\u201d Montero comenz\u00f3 su carrera en la oficina del Defensor P\u00fablico del Condado de Miami-Dade donde obtuvo las habilidades de prueba necesarias para defender los derechos de los heridos contra las poderosas compa\u00f1\u00edas de seguros.","breadcrumb":{"@id":"https:\/\/www.jaime-suarez.com\/es\/quienes-somos\/andres-montero\/#breadcrumb"},"inLanguage":"es","potentialAction":[{"@type":"ReadAction","target":["https:\/\/www.jaime-suarez.com\/es\/quienes-somos\/andres-montero\/"]}]},{"@type":"ImageObject","inLanguage":"es","@id":"https:\/\/www.jaime-suarez.com\/es\/quienes-somos\/andres-montero\/#primaryimage","url":"https:\/\/jaime-suarez.com\/wp-content\/uploads\/2025\/12\/DSC0274_small-768x744-1-1.webp","contentUrl":"https:\/\/jaime-suarez.com\/wp-content\/uploads\/2025\/12\/DSC0274_small-768x744-1-1.webp"},{"@type":"BreadcrumbList","@id":"https:\/\/www.jaime-suarez.com\/es\/quienes-somos\/andres-montero\/#breadcrumb","itemListElement":[{"@type":"ListItem","position":1,"name":"Home","item":"https:\/\/www.jaime-suarez.com\/es\/"},{"@type":"ListItem","position":2,"name":"Quienes somos","item":"https:\/\/www.jaime-suarez.com\/es\/quienes-somos\/"},{"@type":"ListItem","position":3,"name":"Andres Montero"}]},{"@type":"WebSite","@id":"https:\/\/www.jaime-suarez.com\/es\/#website","url":"https:\/\/www.jaime-suarez.com\/es\/","name":"Jaime Suarez","description":"Miami Injury Accident Attorney","publisher":{"@id":"https:\/\/www.jaime-suarez.com\/es\/#organization"},"potentialAction":[{"@type":"SearchAction","target":{"@type":"EntryPoint","urlTemplate":"https:\/\/www.jaime-suarez.com\/es\/?s={search_term_string}"},"query-input":{"@type":"PropertyValueSpecification","valueRequired":true,"valueName":"search_term_string"}}],"inLanguage":"es"},{"@type":"Organization","@id":"https:\/\/www.jaime-suarez.com\/es\/#organization","name":"Jaime Suarez","url":"https:\/\/www.jaime-suarez.com\/es\/","logo":{"@type":"ImageObject","inLanguage":"es","@id":"https:\/\/www.jaime-suarez.com\/es\/#\/schema\/logo\/image\/","url":"https:\/\/www.jaime-suarez.com\/wp-content\/uploads\/2025\/11\/jaime-suarez-logo.webp","contentUrl":"https:\/\/www.jaime-suarez.com\/wp-content\/uploads\/2025\/11\/jaime-suarez-logo.webp","width":900,"height":263,"caption":"Jaime Suarez"},"image":{"@id":"https:\/\/www.jaime-suarez.com\/es\/#\/schema\/logo\/image\/"}}]}},"_links":{"self":[{"href":"https:\/\/www.jaime-suarez.com\/es\/wp-json\/wp\/v2\/pages\/601","targetHints":{"allow":["GET"]}}],"collection":[{"href":"https:\/\/www.jaime-suarez.com\/es\/wp-json\/wp\/v2\/pages"}],"about":[{"href":"https:\/\/www.jaime-suarez.com\/es\/wp-json\/wp\/v2\/types\/page"}],"author":[{"embeddable":true,"href":"https:\/\/www.jaime-suarez.com\/es\/wp-json\/wp\/v2\/users\/2"}],"replies":[{"embeddable":true,"href":"https:\/\/www.jaime-suarez.com\/es\/wp-json\/wp\/v2\/comments?post=601"}],"version-history":[{"count":7,"href":"https:\/\/www.jaime-suarez.com\/es\/wp-json\/wp\/v2\/pages\/601\/revisions"}],"predecessor-version":[{"id":34457,"href":"https:\/\/www.jaime-suarez.com\/es\/wp-json\/wp\/v2\/pages\/601\/revisions\/34457"}],"up":[{"embeddable":true,"href":"https:\/\/www.jaime-suarez.com\/es\/wp-json\/wp\/v2\/pages\/597"}],"wp:attachment":[{"href":"https:\/\/www.jaime-suarez.com\/es\/wp-json\/wp\/v2\/media?parent=601"}],"curies":[{"name":"wp","href":"https:\/\/api.w.org\/{rel}","templated":true}]}}