{"id":886,"date":"2025-11-25T16:41:05","date_gmt":"2025-11-25T16:41:05","guid":{"rendered":"https:\/\/jaime-suarez.com\/personal-injury-lawyer\/"},"modified":"2026-01-01T16:02:44","modified_gmt":"2026-01-01T16:02:44","slug":"lesion-personal","status":"publish","type":"page","link":"https:\/\/www.jaime-suarez.com\/es\/lesion-personal\/","title":{"rendered":"Abogado de lesiones personales"},"content":{"rendered":"\t\t<div data-elementor-type=\"wp-page\" data-elementor-id=\"886\" class=\"elementor elementor-886 elementor-118\" data-elementor-post-type=\"page\">\n\t\t\t\t<div class=\"elementor-element elementor-element-3dc4a8c e-flex e-con-boxed e-con e-parent\" data-id=\"3dc4a8c\" data-element_type=\"container\" data-e-type=\"container\">\n\t\t\t\t\t<div class=\"e-con-inner\">\n\t\t\t\t<div class=\"elementor-element elementor-element-fadec8f elementor-widget elementor-widget-text-editor\" data-id=\"fadec8f\" data-element_type=\"widget\" data-e-type=\"widget\" data-widget_type=\"text-editor.default\">\n\t\t\t\t\t\t\t\t\t<p><img fetchpriority=\"high\" decoding=\"async\" class=\"alignnone size-medium wp-image-34166\" src=\"https:\/\/jaime-suarez.com\/wp-content\/uploads\/2025\/12\/personalinjury-300x237.jpeg\" alt=\"\" width=\"300\" height=\"237\" srcset=\"https:\/\/www.jaime-suarez.com\/wp-content\/uploads\/2025\/12\/personalinjury-300x237.jpeg 300w, https:\/\/www.jaime-suarez.com\/wp-content\/uploads\/2025\/12\/personalinjury.jpeg 600w\" sizes=\"(max-width: 300px) 100vw, 300px\" \/><\/p><p>En cualquier accidente, las lesiones son inevitables; sin embargo, es importante contar con un abogado con experiencia que eval\u00fae su caso y proteja sus derechos ante las compa\u00f1\u00edas de seguros. Un abogado especializado en lesiones personales puede brindarle servicios que le ayudar\u00e1n a recibir una compensaci\u00f3n que cubra los gastos m\u00e9dicos, la p\u00e9rdida de salario y el dolor y sufrimiento causados \u200b\u200bpor un accidente. Nuestro equipo se especializa en casos de lesiones personales y es considerado uno de los m\u00e1s distinguidos de Florida. Ha ayudado a innumerables v\u00edctimas a recibir una compensaci\u00f3n por las lesiones sufridas en accidentes.<\/p><ul><li><a href=\"https:\/\/jaime-suarez.com\/es\/lesion-personal\/beneficios-de-un-abogado-de-lesiones\/\">Abogado de Lesiones Personales en Florida<\/a><\/li><li><a href=\"https:\/\/jaime-suarez.com\/es\/lesion-personal\/abogado-de-lesiones-personales-en-florida\/\">Beneficios de un Abogado de Lesiones<\/a><\/li><li><a href=\"https:\/\/jaime-suarez.com\/es\/lesion-personal\/tips-para-contratar-un-abogado-de-lesiones-personales\/\">Tips Para Contratar un Abogado de Lesiones Personales<\/a><\/li><li><a href=\"https:\/\/jaime-suarez.com\/es\/lesion-personal\/los-efectos-secundarios-de-la-distraccion\/\">Los Efectos secundarios de la Distracci\u00f3n<\/a><\/li><\/ul><p>Si tiene alguna pregunta sobre nuestros servicios o desea programar una consulta sobre su situaci\u00f3n particular, no dude en enviarnos un correo electr\u00f3nico o llamarnos al <a href=\"tel:+13056311911\">305-631-1911<\/a> (Miami) o al <a href=\"tel:+19547048123\">954-704-8123<\/a> (Broward).<\/p><p>Despu\u00e9s de un accidente en el que haya resultado lesionado, debe buscar asesoramiento legal lo antes posible. Un abogado con experiencia sabr\u00e1 c\u00f3mo manejar su caso adecuadamente y proteger sus derechos. Lo invitamos a contactar a Su\u00e1rez Montero hoy mismo y programar una consulta con uno de nuestros abogados expertos en lesiones personales. Hemos representado a clientes en toda Florida en una amplia gama de casos y estamos preparados para hacer lo mismo por usted.<\/p><h2>Tipos de accidentes comunes en Florida:<\/h2>\t\t\t\t\t\t\t\t<\/div>\n\t\t<div class=\"elementor-element elementor-element-f2f453f e-con-full e-flex e-con e-child\" data-id=\"f2f453f\" data-element_type=\"container\" data-e-type=\"container\">\n\t\t\t\t<div class=\"elementor-element elementor-element-ca3d060 elementor-widget elementor-widget-text-editor\" data-id=\"ca3d060\" data-element_type=\"widget\" data-e-type=\"widget\" data-widget_type=\"text-editor.default\">\n\t\t\t\t\t\t\t\t\t\n<ul>\n<li><a href=\"https:\/\/jaime-suarez.com\/es\/abogado-de-accidentes-de-conduccion-distraido-miami\/\">Abogados de Accidentes de Conducci\u00f3n Distra\u00eddos<\/a><\/li>\n<li><a href=\"https:\/\/jaime-suarez.com\/es\/abogado-de-accidente-de-conducir-ebrio-miami\/\">Accidentes de Conducci\u00f3n Borrachos<\/a><\/li>\n<li><a href=\"https:\/\/jaime-suarez.com\/es\/abogados-de-accidentes-de-violencia-vial-miami\/\">Accidentes Automovil\u00edsticos de rabia de Carretera<\/a><\/li>\n<li><a href=\"https:\/\/jaime-suarez.com\/es\/abogado-en-colisiones-frontales-miami\/\">Colisiones de Frente<\/a><\/li>\n<li>Accidentes de rollover<\/li>\n<li><a href=\"https:\/\/jaime-suarez.com\/es\/abogados-de-accidentes-con-colision-trasera-en-miami\/\">Accidentes Automovil\u00edsticos Traseros<\/a><\/li>\n<li><a href=\"https:\/\/jaime-suarez.com\/es\/abogado-de-accidentes-de-giro-a-la-izquierda-en-miami\/\">Accidentes de giro a la izquierda<\/a><\/li>\n<li><a href=\"https:\/\/jaime-suarez.com\/es\/abogado-de-accidente-de-t-bone-en-miami\/\">Accidentes Automovil\u00edsticos de T-Bone<\/a><\/li>\n<\/ul>\t\t\t\t\t\t\t\t<\/div>\n\t\t\t\t<div class=\"elementor-element elementor-element-1632f05 elementor-widget elementor-widget-text-editor\" data-id=\"1632f05\" data-element_type=\"widget\" data-e-type=\"widget\" data-widget_type=\"text-editor.default\">\n\t\t\t\t\t\t\t\t\t\n<ul>\n<li><a href=\"https:\/\/jaime-suarez.com\/es\/abogados-de-accidentes-de-transito-en-miami\/\">Incapacidad para Producir Accidentes Automovil\u00edsticos<\/a><\/li>\n<li><a href=\"https:\/\/jaime-suarez.com\/es\/abogados-de-accidentes-de-impacto-lateral-en-miami\/\">Accidentes de Sideswipe<\/a><\/li>\n<li><a href=\"https:\/\/jaime-suarez.com\/es\/abogado-de-accidentes-de-atv-en-miami\/\">Accidentes de ATV<\/a><\/li>\n<li><a href=\"https:\/\/jaime-suarez.com\/es\/abogados-de-accidentes-causados-por-cambio-de-carril-en-miami\/\">Accidentes de Cambio de Carril<\/a><\/li>\n<li><a href=\"https:\/\/jaime-suarez.com\/es\/abogados-de-accidentes-en-zonas-de-construccion-en-miami\/\">Accidentes de Veh\u00edculos de la Zona de Construcci\u00f3n<\/a><\/li>\n<li><a href=\"https:\/\/jaime-suarez.com\/es\/abogado-miami-accidentes-uber\/\">Uber Accidentes<\/a><\/li>\n<li><a href=\"https:\/\/jaime-suarez.com\/es\/abogado-de-accidentes-de-camion-en-miami\/\">Accidentes de Camiones<\/a><\/li>\n<li><a href=\"https:\/\/jaime-suarez.com\/es\/abogado-de-accidentes-de-semi-camiones-en-miami\/\">Accidentes de Semi-Cami\u00f3n<\/a><\/li>\n<li><a href=\"https:\/\/jaime-suarez.com\/es\/abogado-de-accidentes-de-bicicletas-en-miami\/\">Accidentes de Bicicleta<\/a><\/li>\n<li><a href=\"https:\/\/jaime-suarez.com\/es\/abogados-de-accidentes-de-tren-en-miami\/\">Accidentes de Tren<\/a><\/li>\n<li><a href=\"https:\/\/jaime-suarez.com\/es\/abogado-de-accidentes-de-peatones-en-miami\/\">Accidentes Peatonales<\/a><\/li>\n<li><a href=\"https:\/\/jaime-suarez.com\/es\/abogado-de-accidentes-de-navegacion-en-miami\/\">Accidentes de Navegaci\u00f3n<\/a><\/li>\n<\/ul>\t\t\t\t\t\t\t\t<\/div>\n\t\t\t\t<\/div>\n\t\t\t\t<div class=\"elementor-element elementor-element-4b05fd3 elementor-widget elementor-widget-text-editor\" data-id=\"4b05fd3\" data-element_type=\"widget\" data-e-type=\"widget\" data-widget_type=\"text-editor.default\">\n\t\t\t\t\t\t\t\t\t<h2>Preguntas frecuentes (FAQ)<\/h2><h3>\u00bfCu\u00e1l es el prop\u00f3sito de la entrevista inicial con el cliente?<\/h3><p>En Suarez &amp; Montero, nuestros abogados especializados en accidentes de auto conocen las maneras m\u00e1s efectivas de manejar cualquier caso de lesiones personales derivado de un accidente automovil\u00edstico. Consideramos la consulta inicial como un proceso de recopilaci\u00f3n de datos donde averiguamos todos los detalles importantes de su caso para facilitar la investigaci\u00f3n y el proceso de reclamaci\u00f3n.<\/p><h3>\u00bfQu\u00e9 es una carta de demanda previa a la demanda?<\/h3><p>En casos de accidentes automovil\u00edsticos, es com\u00fan enviar una oferta de acuerdo previa a la demanda, a menudo llamada carta de demanda, a la compa\u00f1\u00eda de seguros de responsabilidad civil de la parte culpable o, si corresponde, a la compa\u00f1\u00eda de seguros de conductores no asegurados de nuestro cliente. Una carta de demanda u oferta de acuerdo t\u00edpica describe la responsabilidad y los da\u00f1os del caso y establece las razones por las que la aseguradora querr\u00eda resolver la reclamaci\u00f3n sin m\u00e1s litigios. Los anexos t\u00edpicos, que permiten a una aseguradora evaluar su exposici\u00f3n y la de sus asegurados, incluyen el informe del accidente, los presupuestos de reparaci\u00f3n, los historiales m\u00e9dicos, las facturas m\u00e9dicas, los avisos de gravamen, las fotograf\u00edas de los veh\u00edculos da\u00f1ados y las lesiones del cliente, las declaraciones de testigos, las cartas o los registros de n\u00f3mina de los empleadores sobre la p\u00e9rdida de salarios, los registros de pagos de PIP\/sin culpa y las cartas de opini\u00f3n m\u00e9dica. Muchos casos de accidentes automovil\u00edsticos, especialmente los menores, se resuelven mediante el inicio de negociaciones tras una carta de demanda cuidadosamente preparada. Si el valor de la reclamaci\u00f3n o reclamaciones objeto de la oferta de acuerdo supera el valor de los l\u00edmites disponibles de la p\u00f3liza, la oportunidad de resolver las reclamaciones es importante para las compa\u00f1\u00edas de seguros y, por lo general, se tomar\u00e1 muy en serio.<\/p><p>En Suarez &amp; Montero, nuestras cartas de demanda incluyen todos los t\u00e9rminos espec\u00edficos que la aseguradora debe cumplir para llegar a un acuerdo en el caso. Los t\u00e9rminos de cada oferta dependen de los hechos y circunstancias de cada reclamaci\u00f3n; sin embargo, algunos t\u00e9rminos t\u00edpicos incluyen una fecha l\u00edmite de aceptaci\u00f3n. La inclusi\u00f3n de una fecha l\u00edmite de aceptaci\u00f3n en la carta de demanda permite determinar, en un plazo definido, si la oferta ser\u00e1 aceptada o si ser\u00e1 necesario presentar una demanda. El plazo de aceptaci\u00f3n debe ser lo suficientemente amplio como para que la aseguradora tenga una oportunidad razonable de evaluar la demanda y cumplir con sus t\u00e9rminos. Si la aseguradora ya tuvo tiempo suficiente para investigar el accidente antes del env\u00edo de la carta de demanda, un plazo m\u00e1s corto podr\u00eda ser razonable.<\/p><h3>\u00bfQu\u00e9 es una Exoneraci\u00f3n? \u00bfDebo firmarla?<\/h3><p>La liquidaci\u00f3n de una reclamaci\u00f3n implica m\u00e1s que un simple intercambio de dinero. Un documento de exoneraci\u00f3n generalmente identifica el monto a pagar por la exoneraci\u00f3n, todas las partes exoneradas y la reclamaci\u00f3n o reclamaciones exoneradas (por ejemplo, reclamaciones por lesiones corporales o da\u00f1os a la propiedad). Si una aseguradora proporciona un documento de exoneraci\u00f3n para su ejecuci\u00f3n, revisamos cuidadosamente cada t\u00e9rmino para asegurarnos de que refleje con precisi\u00f3n el acuerdo alcanzado en su caso. Aunque a menudo se denomina gen\u00e9ricamente \u00abexoneraci\u00f3n\u00bb, el documento a veces incluye t\u00e9rminos que cumplen m\u00e1s que simplemente exonerar a una parte de responsabilidad ante la otra. Otros t\u00e9rminos que se incluyen frecuentemente en un documento de liberaci\u00f3n, y que pueden ser necesarios o convenientes seg\u00fan los hechos del caso, son: una cl\u00e1usula que preserva expresamente la capacidad del reclamante de presentar otras reclamaciones por beneficios m\u00e9dicos de primera persona o coberturas para conductores sin seguro para evitar la renuncia a dichos beneficios; un t\u00e9rmino que identifica expresamente cualquier reclamaci\u00f3n que no se libera, como una acci\u00f3n por responsabilidad del producto por separado; una cl\u00e1usula de exenci\u00f3n de responsabilidad, en la que el liberador se compromete a eximir de responsabilidad al liberado de cualquier reclamaci\u00f3n interpuesta contra \u00e9l que surja de la reclamaci\u00f3n objeto de la liberaci\u00f3n; una cl\u00e1usula de indemnizaci\u00f3n, con o sin disposiciones de defensa, que puede exigir al liberador que pague y proporcione una defensa al liberado si se presentan reclamaciones posteriores en su contra.<\/p><h3>\u00bfC\u00f3mo funciona la mediaci\u00f3n prejudicial?<\/h3><p>La mediaci\u00f3n es una forma popular de resoluci\u00f3n de disputas en Florida. Su uso ha aumentado con el respaldo de la legislatura y la Corte Suprema de Florida. Puede utilizarse como una herramienta de acuerdo prelitigio. Sin embargo, una vez interpuesta una demanda, la mediaci\u00f3n suele ser obligatoria. Cuando la mediaci\u00f3n es ordenada por un tribunal, cualquier comunicaci\u00f3n realizada en el contexto de la misma est\u00e1 protegida contra divulgaci\u00f3n y es inadmisible como prueba. Debido a la naturaleza informal del proceso de mediaci\u00f3n, es recomendable proporcionar toda la informaci\u00f3n pertinente al mediador con antelaci\u00f3n, ya sea mediante copias de documentos o en un resumen elaborado espec\u00edficamente para la ocasi\u00f3n que describa todos los asuntos relevantes. Antes de la mediaci\u00f3n, es probable que el \u00fanico contacto del ajustador con el caso sea mediante la recepci\u00f3n de historiales m\u00e9dicos, res\u00famenes de declaraciones y cartas de opini\u00f3n del abogado defensor.<\/p><p>Una conferencia de mediaci\u00f3n es m\u00e1s efectiva cuando todas las partes involucradas est\u00e1n presentes. Si existen m\u00faltiples niveles de cobertura de seguros, un representante de todas las aseguradoras debe estar presente o disponible por tel\u00e9fono. En casos con grandes grav\u00e1menes por compensaci\u00f3n laboral, la asistencia del acreedor prendario puede facilitar un acuerdo de conciliaci\u00f3n general m\u00e1s ventajoso, al permitir la negociaci\u00f3n del gravamen como parte del proceso de mediaci\u00f3n. Muchos casos se resuelven entre el abogado y el ajustador en una mediaci\u00f3n previa al litigio. Si el caso involucra lesiones personales por un monto inferior a $10,000 o da\u00f1os a la propiedad por cualquier monto, cualquiera de las partes puede solicitar la mediaci\u00f3n seg\u00fan la ley de Florida. Si el caso involucra a m\u00faltiples demandantes y los l\u00edmites de seguro de responsabilidad civil disponibles para el incidente son insuficientes para cubrir todas las demandas realizadas sobre la suma limitada, muchas aseguradoras pueden intentar realizar una \u00abmediaci\u00f3n global\u00bb en la que todas las reclamaciones se resuelvan de inmediato. La mediaci\u00f3n global previa al litigio puede ser una herramienta \u00fatil si todos los demandantes o sus representantes est\u00e1n presentes y el abogado conoce el alcance total de los da\u00f1os de cada demandante, junto con los montos y tipos de otros seguros disponibles para todos los demandantes. Atendemos a clientes en toda Florida, incluyendo las siguientes \u00e1reas:<\/p><p><strong>Miami-Dade<\/strong>: Aventura, Coral Gables, Doral, Fontainebleau, Hialeah, Homestead, Kendall, Miami, Miami Beach, Miami Lakes, North Miami, Tamiami y Westchester.<\/p><p><strong>Broward<\/strong>: Fort Lauderdale, Hallandale Beach, Hollywood, Pembroke Pines y Weston; y el condado de Palm Beach, incluyendo Boca Rat\u00f3n, Lake Worth y West Palm Beach.<\/p>\t\t\t\t\t\t\t\t<\/div>\n\t\t\t\t\t<\/div>\n\t\t\t\t<\/div>\n\t\t\t\t<\/div>\n\t\t","protected":false},"excerpt":{"rendered":"<p>En cualquier accidente, las lesiones son inevitables; sin embargo, es importante contar con un abogado con experiencia que eval\u00fae su caso y proteja sus derechos ante las compa\u00f1\u00edas de seguros. Un abogado especializado en lesiones personales puede brindarle servicios que le ayudar\u00e1n a recibir una compensaci\u00f3n que cubra los gastos m\u00e9dicos, la p\u00e9rdida de salario [&hellip;]<\/p>\n","protected":false},"author":2,"featured_media":0,"parent":0,"menu_order":0,"comment_status":"closed","ping_status":"closed","template":"","meta":{"footnotes":""},"class_list":["post-886","page","type-page","status-publish","hentry"],"yoast_head":"<!-- This site is optimized with the Yoast SEO plugin v27.1.1 - https:\/\/yoast.com\/product\/yoast-seo-wordpress\/ -->\n<title>Abogado de Lesiones Personales en Miami, FL | Jaime Su\u00e1rez<\/title>\n<meta name=\"description\" content=\"Somos uno de los mejores abogados de lesiones personales de la Florida con a\u00f1os de experiencia representando v\u00edctimas heridas en accidentes. Los abogados de lesiones personales de Fort Lauderdale en las oficinas legales de Su\u00e1rez y Montero buscar\u00e1n la compensaci\u00f3n completa que usted merece. \u00a1Ll\u00e1menos hoy!\" \/>\n<meta name=\"robots\" content=\"index, follow, max-snippet:-1, max-image-preview:large, max-video-preview:-1\" \/>\n<link rel=\"canonical\" href=\"https:\/\/www.jaime-suarez.com\/es\/lesion-personal\/\" \/>\n<meta property=\"og:locale\" content=\"es_ES\" \/>\n<meta property=\"og:type\" content=\"article\" \/>\n<meta property=\"og:title\" content=\"Abogado de Lesiones Personales en Miami, FL | Jaime Su\u00e1rez\" \/>\n<meta property=\"og:description\" content=\"Somos uno de los mejores abogados de lesiones personales de la Florida con a\u00f1os de experiencia representando v\u00edctimas heridas en accidentes. Los abogados de lesiones personales de Fort Lauderdale en las oficinas legales de Su\u00e1rez y Montero buscar\u00e1n la compensaci\u00f3n completa que usted merece. \u00a1Ll\u00e1menos hoy!\" \/>\n<meta property=\"og:url\" content=\"https:\/\/www.jaime-suarez.com\/es\/lesion-personal\/\" \/>\n<meta property=\"og:site_name\" content=\"Jaime Suarez\" \/>\n<meta property=\"article:modified_time\" content=\"2026-01-01T16:02:44+00:00\" \/>\n<meta property=\"og:image\" content=\"https:\/\/jaime-suarez.com\/wp-content\/uploads\/2025\/12\/personalinjury-300x237.jpeg\" \/>\n<meta name=\"twitter:card\" content=\"summary_large_image\" \/>\n<meta name=\"twitter:label1\" content=\"Tiempo de lectura\" \/>\n\t<meta name=\"twitter:data1\" content=\"7 minutos\" \/>\n<!-- \/ Yoast SEO plugin. -->","yoast_head_json":{"title":"Abogado de Lesiones Personales en Miami, FL | Jaime Su\u00e1rez","description":"Somos uno de los mejores abogados de lesiones personales de la Florida con a\u00f1os de experiencia representando v\u00edctimas heridas en accidentes. Los abogados de lesiones personales de Fort Lauderdale en las oficinas legales de Su\u00e1rez y Montero buscar\u00e1n la compensaci\u00f3n completa que usted merece. \u00a1Ll\u00e1menos hoy!","robots":{"index":"index","follow":"follow","max-snippet":"max-snippet:-1","max-image-preview":"max-image-preview:large","max-video-preview":"max-video-preview:-1"},"canonical":"https:\/\/www.jaime-suarez.com\/es\/lesion-personal\/","og_locale":"es_ES","og_type":"article","og_title":"Abogado de Lesiones Personales en Miami, FL | Jaime Su\u00e1rez","og_description":"Somos uno de los mejores abogados de lesiones personales de la Florida con a\u00f1os de experiencia representando v\u00edctimas heridas en accidentes. Los abogados de lesiones personales de Fort Lauderdale en las oficinas legales de Su\u00e1rez y Montero buscar\u00e1n la compensaci\u00f3n completa que usted merece. \u00a1Ll\u00e1menos hoy!","og_url":"https:\/\/www.jaime-suarez.com\/es\/lesion-personal\/","og_site_name":"Jaime Suarez","article_modified_time":"2026-01-01T16:02:44+00:00","og_image":[{"url":"https:\/\/jaime-suarez.com\/wp-content\/uploads\/2025\/12\/personalinjury-300x237.jpeg","type":"","width":"","height":""}],"twitter_card":"summary_large_image","twitter_misc":{"Tiempo de lectura":"7 minutos"},"schema":{"@context":"https:\/\/schema.org","@graph":[{"@type":"WebPage","@id":"https:\/\/www.jaime-suarez.com\/es\/lesion-personal\/","url":"https:\/\/www.jaime-suarez.com\/es\/lesion-personal\/","name":"Abogado de Lesiones Personales en Miami, FL | Jaime Su\u00e1rez","isPartOf":{"@id":"https:\/\/www.jaime-suarez.com\/es\/#website"},"primaryImageOfPage":{"@id":"https:\/\/www.jaime-suarez.com\/es\/lesion-personal\/#primaryimage"},"image":{"@id":"https:\/\/www.jaime-suarez.com\/es\/lesion-personal\/#primaryimage"},"thumbnailUrl":"https:\/\/jaime-suarez.com\/wp-content\/uploads\/2025\/12\/personalinjury-300x237.jpeg","datePublished":"2025-11-25T16:41:05+00:00","dateModified":"2026-01-01T16:02:44+00:00","description":"Somos uno de los mejores abogados de lesiones personales de la Florida con a\u00f1os de experiencia representando v\u00edctimas heridas en accidentes. Los abogados de lesiones personales de Fort Lauderdale en las oficinas legales de Su\u00e1rez y Montero buscar\u00e1n la compensaci\u00f3n completa que usted merece. \u00a1Ll\u00e1menos hoy!","breadcrumb":{"@id":"https:\/\/www.jaime-suarez.com\/es\/lesion-personal\/#breadcrumb"},"inLanguage":"es","potentialAction":[{"@type":"ReadAction","target":["https:\/\/www.jaime-suarez.com\/es\/lesion-personal\/"]}]},{"@type":"ImageObject","inLanguage":"es","@id":"https:\/\/www.jaime-suarez.com\/es\/lesion-personal\/#primaryimage","url":"https:\/\/jaime-suarez.com\/wp-content\/uploads\/2025\/12\/personalinjury-300x237.jpeg","contentUrl":"https:\/\/jaime-suarez.com\/wp-content\/uploads\/2025\/12\/personalinjury-300x237.jpeg"},{"@type":"BreadcrumbList","@id":"https:\/\/www.jaime-suarez.com\/es\/lesion-personal\/#breadcrumb","itemListElement":[{"@type":"ListItem","position":1,"name":"Home","item":"https:\/\/www.jaime-suarez.com\/es\/"},{"@type":"ListItem","position":2,"name":"Abogado de lesiones personales"}]},{"@type":"WebSite","@id":"https:\/\/www.jaime-suarez.com\/es\/#website","url":"https:\/\/www.jaime-suarez.com\/es\/","name":"Jaime Suarez","description":"Miami Injury Accident Attorney","publisher":{"@id":"https:\/\/www.jaime-suarez.com\/es\/#organization"},"potentialAction":[{"@type":"SearchAction","target":{"@type":"EntryPoint","urlTemplate":"https:\/\/www.jaime-suarez.com\/es\/?s={search_term_string}"},"query-input":{"@type":"PropertyValueSpecification","valueRequired":true,"valueName":"search_term_string"}}],"inLanguage":"es"},{"@type":"Organization","@id":"https:\/\/www.jaime-suarez.com\/es\/#organization","name":"Jaime Suarez","url":"https:\/\/www.jaime-suarez.com\/es\/","logo":{"@type":"ImageObject","inLanguage":"es","@id":"https:\/\/www.jaime-suarez.com\/es\/#\/schema\/logo\/image\/","url":"https:\/\/www.jaime-suarez.com\/wp-content\/uploads\/2025\/11\/jaime-suarez-logo.webp","contentUrl":"https:\/\/www.jaime-suarez.com\/wp-content\/uploads\/2025\/11\/jaime-suarez-logo.webp","width":900,"height":263,"caption":"Jaime Suarez"},"image":{"@id":"https:\/\/www.jaime-suarez.com\/es\/#\/schema\/logo\/image\/"}}]}},"_links":{"self":[{"href":"https:\/\/www.jaime-suarez.com\/es\/wp-json\/wp\/v2\/pages\/886","targetHints":{"allow":["GET"]}}],"collection":[{"href":"https:\/\/www.jaime-suarez.com\/es\/wp-json\/wp\/v2\/pages"}],"about":[{"href":"https:\/\/www.jaime-suarez.com\/es\/wp-json\/wp\/v2\/types\/page"}],"author":[{"embeddable":true,"href":"https:\/\/www.jaime-suarez.com\/es\/wp-json\/wp\/v2\/users\/2"}],"replies":[{"embeddable":true,"href":"https:\/\/www.jaime-suarez.com\/es\/wp-json\/wp\/v2\/comments?post=886"}],"version-history":[{"count":14,"href":"https:\/\/www.jaime-suarez.com\/es\/wp-json\/wp\/v2\/pages\/886\/revisions"}],"predecessor-version":[{"id":34985,"href":"https:\/\/www.jaime-suarez.com\/es\/wp-json\/wp\/v2\/pages\/886\/revisions\/34985"}],"wp:attachment":[{"href":"https:\/\/www.jaime-suarez.com\/es\/wp-json\/wp\/v2\/media?parent=886"}],"curies":[{"name":"wp","href":"https:\/\/api.w.org\/{rel}","templated":true}]}}