{"id":893,"date":"2025-12-02T15:45:30","date_gmt":"2025-12-02T15:45:30","guid":{"rendered":"https:\/\/jaime-suarez.com\/florida-personal-injury-attorney\/"},"modified":"2025-12-27T11:04:42","modified_gmt":"2025-12-27T11:04:42","slug":"abogado-de-lesiones-personales-en-florida","status":"publish","type":"page","link":"https:\/\/www.jaime-suarez.com\/es\/lesion-personal\/abogado-de-lesiones-personales-en-florida\/","title":{"rendered":"Abogado de lesiones personales de Florida"},"content":{"rendered":"\t\t<div data-elementor-type=\"wp-page\" data-elementor-id=\"893\" class=\"elementor elementor-893 elementor-529\" data-elementor-post-type=\"page\">\n\t\t\t\t<div class=\"elementor-element elementor-element-b5f9a2e e-flex e-con-boxed e-con e-parent\" data-id=\"b5f9a2e\" data-element_type=\"container\" data-e-type=\"container\">\n\t\t\t\t\t<div class=\"e-con-inner\">\n\t\t\t\t<div class=\"elementor-element elementor-element-8764e97 elementor-widget elementor-widget-text-editor\" data-id=\"8764e97\" data-element_type=\"widget\" data-e-type=\"widget\" data-widget_type=\"text-editor.default\">\n\t\t\t\t\t\t\t\t\t<h2>Cont\u00e1ctenos<\/h2><h3>Suarez &amp; Montero son los abogados de referencia en Florida en casos de lesiones personales<\/h3><p>Aunque las lesiones personales pueden causar retos para usted y su familia, la meta de Suarez &amp; Montero es ayudar a mejorar la salud y situaci\u00f3n financiera de sus clientes. Nuestros abogados trabajan en\u00a0<a href=\"https:\/\/jaime-suarez.com\/es\/lesion-personal\/\">todo tipo de casos de lesi\u00f3n personal<\/a>\u2014incluyendo los casos m\u00e1s complicados. Nosotros trabajamos con nuestros clientes para repasar y entender todos los detalles de sus casos.<\/p><h3>Diferentes categor\u00edas de accidentes con lesiones personales<\/h3><p>Los siguientes incidentes son los accidentes de\u00a0<a href=\"https:\/\/jaime-suarez.com\/es\/lesion-personal\/\">lesiones personales<\/a>\u00a0m\u00e1s comunes (pero no limitados a):<\/p><ul><li>Colisiones en carretera<\/li><li>Lesi\u00f3n por negligencia del due\u00f1o de la propiedad o seguridad inadecuada<\/li><li>Negligencia o maltrato en un asilo de ancianos<\/li><li>Veh\u00edculo volcado<\/li><li>Neum\u00e1ticos defectuosos que resultan en accidentes de tr\u00e1nsito<\/li><li><a href=\"https:\/\/jaime-suarez.com\/es\/abogados-de-accidentes-de-motocicleta-en-miami\/\">Accidentes de bicicleta o motocicleta<\/a><\/li><li>Peatones golpeados por autom\u00f3viles<\/li><li><a href=\"https:\/\/jaime-suarez.com\/es\/comprender-la-responsabilidad-en-accidentes-por-resbalones-y-caidas-quien-es-responsable\/\">Lesiones relacionadas con resbalones y ca\u00eddas<\/a><\/li><li>Implantes inadecuados de coraz\u00f3n o hueso (negligencia m\u00e9dica)<\/li><li>Fallas de fabricaci\u00f3n o venta al por menor en el sector farmac\u00e9utico (responsabilidad del fabricante)<\/li><li><a href=\"https:\/\/jaime-suarez.com\/es\/abogado-de-accidentes-de-navegacion-en-miami\/\">Accidentes de bote<\/a><\/li><li>Choques de avi\u00f3n<\/li><li>Lesiones causadas durante el parto de un reci\u00e9n nacido<\/li><li>Lesiones de un sitio de construcci\u00f3n<\/li><\/ul><p>Con m\u00e1s de treinta y cinco a\u00f1os de experiencia legal combinada,\u00a0<a href=\"https:\/\/jaime-suarez.com\/es\/\">Suarez y Montero<\/a>\u00a0han recuperado decenas de millones de d\u00f3lares para las v\u00edctimas de accidentes. Si desea hacer una cita, nuestro equipo est\u00e1 aqu\u00ed para ayudarlo. P\u00f3ngase en contacto con nuestras oficinas: Miami<\/p><p>Comun\u00edquese con nuestras oficinas: Miami <a href=\"tel:(305) 631-1911\">(305) 631-1911<\/a> o Broward <a href=\"tel:(954) 704-8123\">(954) 704-8123<\/a>.<\/p>\t\t\t\t\t\t\t\t<\/div>\n\t\t\t\t\t<\/div>\n\t\t\t\t<\/div>\n\t\t\t\t<\/div>\n\t\t","protected":false},"excerpt":{"rendered":"<p>Cont\u00e1ctenos Suarez &amp; Montero son los abogados de referencia en Florida en casos de lesiones personales Aunque las lesiones personales pueden causar retos para usted y su familia, la meta de Suarez &amp; Montero es ayudar a mejorar la salud y situaci\u00f3n financiera de sus clientes. Nuestros abogados trabajan en\u00a0todo tipo de casos de lesi\u00f3n [&hellip;]<\/p>\n","protected":false},"author":2,"featured_media":0,"parent":886,"menu_order":0,"comment_status":"closed","ping_status":"closed","template":"","meta":{"footnotes":""},"class_list":["post-893","page","type-page","status-publish","hentry"],"yoast_head":"<!-- This site is optimized with the Yoast SEO plugin v27.1.1 - https:\/\/yoast.com\/product\/yoast-seo-wordpress\/ -->\n<title>Abogados de Lesiones Personales en Florida | Jaime Su\u00e1rez<\/title>\n<meta name=\"description\" content=\"Su\u00e1rez y Montero son abogados de lesiones personales bien conocidos en Miami, Florida, que se ocupan de los reclamos por accidentes y lesiones personales. Si ha sido lesionado en un accidente, comun\u00edquese con nuestros abogados de lesiones para una consulta gratuita.\" \/>\n<meta name=\"robots\" content=\"index, follow, max-snippet:-1, max-image-preview:large, max-video-preview:-1\" \/>\n<link rel=\"canonical\" href=\"https:\/\/www.jaime-suarez.com\/es\/lesion-personal\/abogado-de-lesiones-personales-en-florida\/\" \/>\n<meta property=\"og:locale\" content=\"es_ES\" \/>\n<meta property=\"og:type\" content=\"article\" \/>\n<meta property=\"og:title\" content=\"Abogados de Lesiones Personales en Florida | Jaime Su\u00e1rez\" \/>\n<meta property=\"og:description\" content=\"Su\u00e1rez y Montero son abogados de lesiones personales bien conocidos en Miami, Florida, que se ocupan de los reclamos por accidentes y lesiones personales. Si ha sido lesionado en un accidente, comun\u00edquese con nuestros abogados de lesiones para una consulta gratuita.\" \/>\n<meta property=\"og:url\" content=\"https:\/\/www.jaime-suarez.com\/es\/lesion-personal\/abogado-de-lesiones-personales-en-florida\/\" \/>\n<meta property=\"og:site_name\" content=\"Jaime Suarez\" \/>\n<meta property=\"article:modified_time\" content=\"2025-12-27T11:04:42+00:00\" \/>\n<meta name=\"twitter:card\" content=\"summary_large_image\" \/>\n<meta name=\"twitter:label1\" content=\"Tiempo de lectura\" \/>\n\t<meta name=\"twitter:data1\" content=\"2 minutos\" \/>\n<!-- \/ Yoast SEO plugin. -->","yoast_head_json":{"title":"Abogados de Lesiones Personales en Florida | Jaime Su\u00e1rez","description":"Su\u00e1rez y Montero son abogados de lesiones personales bien conocidos en Miami, Florida, que se ocupan de los reclamos por accidentes y lesiones personales. Si ha sido lesionado en un accidente, comun\u00edquese con nuestros abogados de lesiones para una consulta gratuita.","robots":{"index":"index","follow":"follow","max-snippet":"max-snippet:-1","max-image-preview":"max-image-preview:large","max-video-preview":"max-video-preview:-1"},"canonical":"https:\/\/www.jaime-suarez.com\/es\/lesion-personal\/abogado-de-lesiones-personales-en-florida\/","og_locale":"es_ES","og_type":"article","og_title":"Abogados de Lesiones Personales en Florida | Jaime Su\u00e1rez","og_description":"Su\u00e1rez y Montero son abogados de lesiones personales bien conocidos en Miami, Florida, que se ocupan de los reclamos por accidentes y lesiones personales. Si ha sido lesionado en un accidente, comun\u00edquese con nuestros abogados de lesiones para una consulta gratuita.","og_url":"https:\/\/www.jaime-suarez.com\/es\/lesion-personal\/abogado-de-lesiones-personales-en-florida\/","og_site_name":"Jaime Suarez","article_modified_time":"2025-12-27T11:04:42+00:00","twitter_card":"summary_large_image","twitter_misc":{"Tiempo de lectura":"2 minutos"},"schema":{"@context":"https:\/\/schema.org","@graph":[{"@type":"WebPage","@id":"https:\/\/www.jaime-suarez.com\/es\/lesion-personal\/abogado-de-lesiones-personales-en-florida\/","url":"https:\/\/www.jaime-suarez.com\/es\/lesion-personal\/abogado-de-lesiones-personales-en-florida\/","name":"Abogados de Lesiones Personales en Florida | Jaime Su\u00e1rez","isPartOf":{"@id":"https:\/\/www.jaime-suarez.com\/es\/#website"},"datePublished":"2025-12-02T15:45:30+00:00","dateModified":"2025-12-27T11:04:42+00:00","description":"Su\u00e1rez y Montero son abogados de lesiones personales bien conocidos en Miami, Florida, que se ocupan de los reclamos por accidentes y lesiones personales. Si ha sido lesionado en un accidente, comun\u00edquese con nuestros abogados de lesiones para una consulta gratuita.","breadcrumb":{"@id":"https:\/\/www.jaime-suarez.com\/es\/lesion-personal\/abogado-de-lesiones-personales-en-florida\/#breadcrumb"},"inLanguage":"es","potentialAction":[{"@type":"ReadAction","target":["https:\/\/www.jaime-suarez.com\/es\/lesion-personal\/abogado-de-lesiones-personales-en-florida\/"]}]},{"@type":"BreadcrumbList","@id":"https:\/\/www.jaime-suarez.com\/es\/lesion-personal\/abogado-de-lesiones-personales-en-florida\/#breadcrumb","itemListElement":[{"@type":"ListItem","position":1,"name":"Home","item":"https:\/\/www.jaime-suarez.com\/es\/"},{"@type":"ListItem","position":2,"name":"Abogado de lesiones personales","item":"https:\/\/www.jaime-suarez.com\/es\/lesion-personal\/"},{"@type":"ListItem","position":3,"name":"Abogado de lesiones personales de Florida"}]},{"@type":"WebSite","@id":"https:\/\/www.jaime-suarez.com\/es\/#website","url":"https:\/\/www.jaime-suarez.com\/es\/","name":"Jaime Suarez","description":"Miami Injury Accident Attorney","publisher":{"@id":"https:\/\/www.jaime-suarez.com\/es\/#organization"},"potentialAction":[{"@type":"SearchAction","target":{"@type":"EntryPoint","urlTemplate":"https:\/\/www.jaime-suarez.com\/es\/?s={search_term_string}"},"query-input":{"@type":"PropertyValueSpecification","valueRequired":true,"valueName":"search_term_string"}}],"inLanguage":"es"},{"@type":"Organization","@id":"https:\/\/www.jaime-suarez.com\/es\/#organization","name":"Jaime Suarez","url":"https:\/\/www.jaime-suarez.com\/es\/","logo":{"@type":"ImageObject","inLanguage":"es","@id":"https:\/\/www.jaime-suarez.com\/es\/#\/schema\/logo\/image\/","url":"https:\/\/www.jaime-suarez.com\/wp-content\/uploads\/2025\/11\/jaime-suarez-logo.webp","contentUrl":"https:\/\/www.jaime-suarez.com\/wp-content\/uploads\/2025\/11\/jaime-suarez-logo.webp","width":900,"height":263,"caption":"Jaime Suarez"},"image":{"@id":"https:\/\/www.jaime-suarez.com\/es\/#\/schema\/logo\/image\/"}}]}},"_links":{"self":[{"href":"https:\/\/www.jaime-suarez.com\/es\/wp-json\/wp\/v2\/pages\/893","targetHints":{"allow":["GET"]}}],"collection":[{"href":"https:\/\/www.jaime-suarez.com\/es\/wp-json\/wp\/v2\/pages"}],"about":[{"href":"https:\/\/www.jaime-suarez.com\/es\/wp-json\/wp\/v2\/types\/page"}],"author":[{"embeddable":true,"href":"https:\/\/www.jaime-suarez.com\/es\/wp-json\/wp\/v2\/users\/2"}],"replies":[{"embeddable":true,"href":"https:\/\/www.jaime-suarez.com\/es\/wp-json\/wp\/v2\/comments?post=893"}],"version-history":[{"count":8,"href":"https:\/\/www.jaime-suarez.com\/es\/wp-json\/wp\/v2\/pages\/893\/revisions"}],"predecessor-version":[{"id":34820,"href":"https:\/\/www.jaime-suarez.com\/es\/wp-json\/wp\/v2\/pages\/893\/revisions\/34820"}],"up":[{"embeddable":true,"href":"https:\/\/www.jaime-suarez.com\/es\/wp-json\/wp\/v2\/pages\/886"}],"wp:attachment":[{"href":"https:\/\/www.jaime-suarez.com\/es\/wp-json\/wp\/v2\/media?parent=893"}],"curies":[{"name":"wp","href":"https:\/\/api.w.org\/{rel}","templated":true}]}}