{"id":919,"date":"2025-12-02T16:45:47","date_gmt":"2025-12-02T16:45:47","guid":{"rendered":"https:\/\/jaime-suarez.com\/tips-to-hiring-a-personal-injury-attorney\/"},"modified":"2026-01-01T15:27:36","modified_gmt":"2026-01-01T15:27:36","slug":"tips-para-contratar-un-abogado-de-lesiones-personales","status":"publish","type":"page","link":"https:\/\/www.jaime-suarez.com\/es\/lesion-personal\/tips-para-contratar-un-abogado-de-lesiones-personales\/","title":{"rendered":"Tips Para Contratar un Abogado de Lesiones Personales"},"content":{"rendered":"\t\t<div data-elementor-type=\"wp-page\" data-elementor-id=\"919\" class=\"elementor elementor-919 elementor-555\" data-elementor-post-type=\"page\">\n\t\t\t\t<div class=\"elementor-element elementor-element-01518e4 e-flex e-con-boxed e-con e-parent\" data-id=\"01518e4\" data-element_type=\"container\" data-e-type=\"container\">\n\t\t\t\t\t<div class=\"e-con-inner\">\n\t\t\t\t<div class=\"elementor-element elementor-element-0f17d94 elementor-widget elementor-widget-text-editor\" data-id=\"0f17d94\" data-element_type=\"widget\" data-e-type=\"widget\" data-widget_type=\"text-editor.default\">\n\t\t\t\t\t\t\t\t\t<h2>Cont\u00e1ctenos<\/h2><p>Soportar un accidente puede ser un desaf\u00edo, sin duda, pero contar con un\u00a0<a href=\"https:\/\/jaime-suarez.com\/es\/\">bufete de abogados con experiencia<\/a>\u00a0a su lado puede aliviar la carga del accidente. Un abogado puede ayudarlo con cualquier inquietud que tenga con respecto a leyes particulares aplicables a su caso. Del mismo modo, un abogado eficiente debe prepararlo para cualquier conferencia o juicio de conciliaci\u00f3n que pueda ocurrir. De hecho, su abogado debe tener un buen sentido de la l\u00f3gica y la creatividad para dise\u00f1ar una estrategia \u00fanica para\u00a0<a href=\"https:\/\/jaime-suarez.com\/es\/resultados-del-caso\/\">ganar su caso<\/a>. Estos son algunos consejos \u00fatiles al\u00a0<a href=\"https:\/\/jaime-suarez.com\/es\/lesion-personal\/\">buscar un abogado de lesiones personales<\/a>:<\/p><h2>1. Diligencia<\/h2><p>Si constantemente le recuerda a su abogado que redacte documentos o programe audiencias de conciliaci\u00f3n, es posible que no sea la persona m\u00e1s indicada para gestionar su caso. Como en cualquier trabajo, un abogado debe estar dispuesto a responder cualquier pregunta u organizar un plan para el \u00e9xito de su caso. Un aspecto importante para llevar un caso con \u00e9xito es la comunicaci\u00f3n constante con su abogado y asegurarse de que tenga todos los documentos necesarios y los complete dentro del plazo establecido para no perjudicar su caso.<\/p><h2>2. Ingenio<\/h2><p>Un buen abogado investiga el incidente a fondo y toma decisiones razonables basadas en la informaci\u00f3n proporcionada. Adem\u00e1s, un buen abogado es perspicaz y debe ser capaz de investigar cualquier informaci\u00f3n adicional relacionada con su caso y utilizarla en su beneficio. Por consiguiente, un buen abogado debe ser capaz de tomar decisiones creativas basadas en los problemas y las circunstancias \u00fanicas de los asuntos presentados.<\/p><h2>3. Comunicaci\u00f3n<\/h2><p>Durante la consulta con su futuro abogado, formule las preguntas que m\u00e1s le interesen. Un buen abogado debe tener excelentes habilidades interpersonales y ser capaz de hacerle sentir seguro al hacerle estas preguntas sobre su caso. Adem\u00e1s, cualquier buen abogado debe tener buenas habilidades para hablar en p\u00fablico y ser capaz de presentar su caso con facilidad.<\/p><h2>4. Experiencia<\/h2><p>Con todas las habilidades mencionadas anteriormente, la experiencia es clave para un abogado exitoso. A lo largo de los a\u00f1os, un buen abogado ha desarrollado una estrategia especial al manejar diferentes casos o al dirigirse a los tribunales. Un buen abogado aprende a llevar un caso con \u00e9xito mediante ensayo y error.<\/p><div class=\"wpex-vc-columns-wrap clr skrollable skrollable-before\" data-5p-top-bottom=\"opacity:0;\" data-30p-top-bottom=\"opacity:1;\"><div class=\"wpb_column vc_column_container vc_col-sm-12\"><div class=\"vc_column-inner wpex-clr\"><div class=\"wpb_wrapper wpex-vc-column-wrapper wpex-clr \"><div class=\"wpb_text_column wpb_content_element\"><div class=\"wpb_wrapper\"><p>Por estas razones que se han enumerado anteriormente, nuestro equipo en el\u00a0<a href=\"https:\/\/jaime-suarez.com\/es\/quienes-somos\/\">Bufete de Abogados de Su\u00e1rez y Montero<\/a>\u00a0ha sido impulsado a convertirse en una de las mejores firmas de abogados de lesiones personales en todo el sur de la Florida debido a su arduo trabajo. Programe su\u00a0<a href=\"https:\/\/jaime-suarez.com\/es\/contactenos\/\">consulta gratuita<\/a>\u00a0al\u00a0<a href=\"tel:+13056311911\">(305) 631-1911<\/a>\u00a0para Miami-Dade o<a href=\"tel:+19547048123\">\u00a0(954) 704-8123<\/a>\u00a0para el condado de Broward.<\/p><\/div><\/div><\/div><\/div><\/div><\/div>\t\t\t\t\t\t\t\t<\/div>\n\t\t\t\t\t<\/div>\n\t\t\t\t<\/div>\n\t\t\t\t<\/div>\n\t\t","protected":false},"excerpt":{"rendered":"<p>Cont\u00e1ctenos Soportar un accidente puede ser un desaf\u00edo, sin duda, pero contar con un\u00a0bufete de abogados con experiencia\u00a0a su lado puede aliviar la carga del accidente. Un abogado puede ayudarlo con cualquier inquietud que tenga con respecto a leyes particulares aplicables a su caso. Del mismo modo, un abogado eficiente debe prepararlo para cualquier conferencia [&hellip;]<\/p>\n","protected":false},"author":2,"featured_media":0,"parent":886,"menu_order":0,"comment_status":"closed","ping_status":"closed","template":"","meta":{"footnotes":""},"class_list":["post-919","page","type-page","status-publish","hentry"],"yoast_head":"<!-- This site is optimized with the Yoast SEO plugin v27.1.1 - https:\/\/yoast.com\/product\/yoast-seo-wordpress\/ -->\n<title>Tips Para Contratar un Abogado de Lesiones Personales en Miami | Jaime Su\u00e1rez<\/title>\n<meta name=\"description\" content=\"Nuestros mejores abogados de lesiones ayudan a v\u00edctimas de accidentes con lesiones graves. Jaime Su\u00e1rez te ayuda con tus problemas legales relacionados con lesiones personales.\" \/>\n<meta name=\"robots\" content=\"index, follow, max-snippet:-1, max-image-preview:large, max-video-preview:-1\" \/>\n<link rel=\"canonical\" href=\"https:\/\/www.jaime-suarez.com\/es\/lesion-personal\/tips-para-contratar-un-abogado-de-lesiones-personales\/\" \/>\n<meta property=\"og:locale\" content=\"es_ES\" \/>\n<meta property=\"og:type\" content=\"article\" \/>\n<meta property=\"og:title\" content=\"Tips Para Contratar un Abogado de Lesiones Personales en Miami | Jaime Su\u00e1rez\" \/>\n<meta property=\"og:description\" content=\"Nuestros mejores abogados de lesiones ayudan a v\u00edctimas de accidentes con lesiones graves. Jaime Su\u00e1rez te ayuda con tus problemas legales relacionados con lesiones personales.\" \/>\n<meta property=\"og:url\" content=\"https:\/\/www.jaime-suarez.com\/es\/lesion-personal\/tips-para-contratar-un-abogado-de-lesiones-personales\/\" \/>\n<meta property=\"og:site_name\" content=\"Jaime Suarez\" \/>\n<meta property=\"article:modified_time\" content=\"2026-01-01T15:27:36+00:00\" \/>\n<meta name=\"twitter:card\" content=\"summary_large_image\" \/>\n<meta name=\"twitter:label1\" content=\"Tiempo de lectura\" \/>\n\t<meta name=\"twitter:data1\" content=\"2 minutos\" \/>\n<!-- \/ Yoast SEO plugin. -->","yoast_head_json":{"title":"Tips Para Contratar un Abogado de Lesiones Personales en Miami | Jaime Su\u00e1rez","description":"Nuestros mejores abogados de lesiones ayudan a v\u00edctimas de accidentes con lesiones graves. Jaime Su\u00e1rez te ayuda con tus problemas legales relacionados con lesiones personales.","robots":{"index":"index","follow":"follow","max-snippet":"max-snippet:-1","max-image-preview":"max-image-preview:large","max-video-preview":"max-video-preview:-1"},"canonical":"https:\/\/www.jaime-suarez.com\/es\/lesion-personal\/tips-para-contratar-un-abogado-de-lesiones-personales\/","og_locale":"es_ES","og_type":"article","og_title":"Tips Para Contratar un Abogado de Lesiones Personales en Miami | Jaime Su\u00e1rez","og_description":"Nuestros mejores abogados de lesiones ayudan a v\u00edctimas de accidentes con lesiones graves. Jaime Su\u00e1rez te ayuda con tus problemas legales relacionados con lesiones personales.","og_url":"https:\/\/www.jaime-suarez.com\/es\/lesion-personal\/tips-para-contratar-un-abogado-de-lesiones-personales\/","og_site_name":"Jaime Suarez","article_modified_time":"2026-01-01T15:27:36+00:00","twitter_card":"summary_large_image","twitter_misc":{"Tiempo de lectura":"2 minutos"},"schema":{"@context":"https:\/\/schema.org","@graph":[{"@type":"WebPage","@id":"https:\/\/www.jaime-suarez.com\/es\/lesion-personal\/tips-para-contratar-un-abogado-de-lesiones-personales\/","url":"https:\/\/www.jaime-suarez.com\/es\/lesion-personal\/tips-para-contratar-un-abogado-de-lesiones-personales\/","name":"Tips Para Contratar un Abogado de Lesiones Personales en Miami | Jaime Su\u00e1rez","isPartOf":{"@id":"https:\/\/www.jaime-suarez.com\/es\/#website"},"datePublished":"2025-12-02T16:45:47+00:00","dateModified":"2026-01-01T15:27:36+00:00","description":"Nuestros mejores abogados de lesiones ayudan a v\u00edctimas de accidentes con lesiones graves. Jaime Su\u00e1rez te ayuda con tus problemas legales relacionados con lesiones personales.","breadcrumb":{"@id":"https:\/\/www.jaime-suarez.com\/es\/lesion-personal\/tips-para-contratar-un-abogado-de-lesiones-personales\/#breadcrumb"},"inLanguage":"es","potentialAction":[{"@type":"ReadAction","target":["https:\/\/www.jaime-suarez.com\/es\/lesion-personal\/tips-para-contratar-un-abogado-de-lesiones-personales\/"]}]},{"@type":"BreadcrumbList","@id":"https:\/\/www.jaime-suarez.com\/es\/lesion-personal\/tips-para-contratar-un-abogado-de-lesiones-personales\/#breadcrumb","itemListElement":[{"@type":"ListItem","position":1,"name":"Home","item":"https:\/\/www.jaime-suarez.com\/es\/"},{"@type":"ListItem","position":2,"name":"Abogado de lesiones personales","item":"https:\/\/www.jaime-suarez.com\/es\/lesion-personal\/"},{"@type":"ListItem","position":3,"name":"Tips Para Contratar un Abogado de Lesiones Personales"}]},{"@type":"WebSite","@id":"https:\/\/www.jaime-suarez.com\/es\/#website","url":"https:\/\/www.jaime-suarez.com\/es\/","name":"Jaime Suarez","description":"Miami Injury Accident Attorney","publisher":{"@id":"https:\/\/www.jaime-suarez.com\/es\/#organization"},"potentialAction":[{"@type":"SearchAction","target":{"@type":"EntryPoint","urlTemplate":"https:\/\/www.jaime-suarez.com\/es\/?s={search_term_string}"},"query-input":{"@type":"PropertyValueSpecification","valueRequired":true,"valueName":"search_term_string"}}],"inLanguage":"es"},{"@type":"Organization","@id":"https:\/\/www.jaime-suarez.com\/es\/#organization","name":"Jaime Suarez","url":"https:\/\/www.jaime-suarez.com\/es\/","logo":{"@type":"ImageObject","inLanguage":"es","@id":"https:\/\/www.jaime-suarez.com\/es\/#\/schema\/logo\/image\/","url":"https:\/\/www.jaime-suarez.com\/wp-content\/uploads\/2025\/11\/jaime-suarez-logo.webp","contentUrl":"https:\/\/www.jaime-suarez.com\/wp-content\/uploads\/2025\/11\/jaime-suarez-logo.webp","width":900,"height":263,"caption":"Jaime Suarez"},"image":{"@id":"https:\/\/www.jaime-suarez.com\/es\/#\/schema\/logo\/image\/"}}]}},"_links":{"self":[{"href":"https:\/\/www.jaime-suarez.com\/es\/wp-json\/wp\/v2\/pages\/919","targetHints":{"allow":["GET"]}}],"collection":[{"href":"https:\/\/www.jaime-suarez.com\/es\/wp-json\/wp\/v2\/pages"}],"about":[{"href":"https:\/\/www.jaime-suarez.com\/es\/wp-json\/wp\/v2\/types\/page"}],"author":[{"embeddable":true,"href":"https:\/\/www.jaime-suarez.com\/es\/wp-json\/wp\/v2\/users\/2"}],"replies":[{"embeddable":true,"href":"https:\/\/www.jaime-suarez.com\/es\/wp-json\/wp\/v2\/comments?post=919"}],"version-history":[{"count":12,"href":"https:\/\/www.jaime-suarez.com\/es\/wp-json\/wp\/v2\/pages\/919\/revisions"}],"predecessor-version":[{"id":34939,"href":"https:\/\/www.jaime-suarez.com\/es\/wp-json\/wp\/v2\/pages\/919\/revisions\/34939"}],"up":[{"embeddable":true,"href":"https:\/\/www.jaime-suarez.com\/es\/wp-json\/wp\/v2\/pages\/886"}],"wp:attachment":[{"href":"https:\/\/www.jaime-suarez.com\/es\/wp-json\/wp\/v2\/media?parent=919"}],"curies":[{"name":"wp","href":"https:\/\/api.w.org\/{rel}","templated":true}]}}