{"id":962,"date":"2025-11-25T16:42:41","date_gmt":"2025-11-25T16:42:41","guid":{"rendered":"https:\/\/jaime-suarez.com\/?page_id=962"},"modified":"2025-12-14T17:44:13","modified_gmt":"2025-12-14T17:44:13","slug":"resultados-del-caso","status":"publish","type":"page","link":"https:\/\/www.jaime-suarez.com\/es\/resultados-del-caso\/","title":{"rendered":"Resultados del caso"},"content":{"rendered":"<h2>Cont\u00e1ctenos<\/h2>\n<h2>Casos Recientes<\/h2>\n<p>Casos de Accidentes Resueltos, y por supuesto, \u00a1los clientes RECIBIERON SU PAGO!<\/p>\n<p>En el Bufete de Abogados Su\u00e1rez y Montero, Abogados de Accidentes de Auto en Miami.com, lucharemos con u\u00f1as y dientes por nuestros clientes. Nuestro OBJETIVO es que usted reciba el PAGO por sus lesiones. Por ello, a continuaci\u00f3n, presentamos una lista de casos recientes que hemos resuelto en nombre de nuestros clientes. Sin embargo, cada caso presenta circunstancias y hechos diferentes. Por lo tanto, cada caso debe evaluarse seg\u00fan sus propios m\u00e9ritos. Los acuerdos que se enumeran a continuaci\u00f3n son los acuerdos brutos que la parte culpable ofreci\u00f3 a nuestros clientes y que, por lo tanto, estos aceptaron posteriormente. Las ofertas no son acuerdos netos, sino ofertas antes de las deducciones. Las deducciones incluyen honorarios y costos de abogados, proveedores m\u00e9dicos y otras entidades que puedan tener derecho a reclamar un gravamen sobre el producto del acuerdo. Estas entidades pueden incluir: grav\u00e1menes de compa\u00f1\u00edas de seguros m\u00e9dicos, grav\u00e1menes de Medicare, grav\u00e1menes de Medicaid y\/o cualquier otro gravamen que terceros pudieran tener derecho a hacer cumplir. $4 millones: Fallecido atropellado por un veh\u00edculo de la empresa.<\/p>\n<p><strong>$1 mill\u00f3n<\/strong>: Trabajador subcontratado sufri\u00f3 par\u00e1lisis parcial de cintura para abajo tras caerse de un \u00e1rbol.<\/p>\n<p><strong>$100,000.00<\/strong>: Cirug\u00eda de me\u00f1ique tras un accidente automovil\u00edstico.<\/p>\n<p><strong>$120,000.00<\/strong>: Terapia para una lesi\u00f3n de espalda preexistente tras un accidente automovil\u00edstico.<\/p>\n<p><strong>$140,000.00<\/strong>: Rotura del tend\u00f3n de Aquiles tras una ca\u00edda desde un pasillo desnivelado.<\/p>\n<p><strong>$99,000.00<\/strong>: Lesi\u00f3n de rodilla que requiri\u00f3 cirug\u00eda tras caerse de una bicicleta tras golpear una manguera dejada en la acera por una empresa constructora.<\/p>\n<p><strong>$218,000.00<\/strong>: Pasajero se fractur\u00f3 el tobillo y la clav\u00edcula despu\u00e9s de que el conductor, por descuido, pasara sobre un bache y volcara el veh\u00edculo.<\/p>\n<p><strong>$100,000.00<\/strong>: Resbal\u00f3 y cay\u00f3 en un pasillo desnivelado que conduc\u00eda a la entrada de una casa.<\/p>\n<p><strong>$190,000.00<\/strong>: Fractura de tobillo izquierdo con cirug\u00eda tras accidente automovil\u00edstico.<\/p>\n<p><strong>$100,000.00<\/strong>: Terapia por lesi\u00f3n de espalda tras tropezar con una barra de metal en el patio como inquilino de una propiedad alquilada.<\/p>\n<p><strong>$175,000.00<\/strong>: Fractura de rodilla por resbal\u00f3n y ca\u00edda en un bar al salir del ba\u00f1o.<\/p>\n<p><strong>$75,000.00<\/strong>: Accidente automovil\u00edstico. La clienta recibi\u00f3 terapia para la rodilla izquierda, la zona lumbar y el cuello.<\/p>\n<p><strong>$140,000.00<\/strong>: Accidente automovil\u00edstico. La clienta recibi\u00f3 terapia para el cuello y la espalda, y se someti\u00f3 a una cirug\u00eda del hombro derecho.<\/p>\n<p><strong>$125,000.00<\/strong>: La clienta tropez\u00f3 con una baldosa rota dentro de su propiedad alquilada. Se someti\u00f3 a una cirug\u00eda de hombro.<\/p>\n<p><strong>$90,000.00<\/strong>: La clienta recibi\u00f3 terapia para el hombro derecho, la zona lumbar y el cuello tras un accidente automovil\u00edstico.<\/p>\n<p><strong>$99,000.00<\/strong>: El cliente recibi\u00f3 terapia para el cuello y un procedimiento m\u00ednimamente invasivo en la zona lumbar tras un accidente automovil\u00edstico.<\/p>\n<p><strong>$95,000.00<\/strong>: El cliente, tras caerse en un bache, recibi\u00f3 terapia en la rodilla izquierda y posteriormente fue operado.<\/p>\n<p><strong>$125,000.00<\/strong>: El cliente recibi\u00f3 terapia en la rodilla izquierda y posteriormente fue operado tras caerse en una escalera resbaladiza con un pasamanos inestable.<\/p>\n<p><strong>$290,000.00<\/strong>: Tras caerse en una tienda, el cliente recibi\u00f3 terapia para la zona lumbar y se le realiz\u00f3 un procedimiento m\u00ednimamente invasivo.<\/p>\n<p><strong>$701,000.00<\/strong>: Tras un accidente de cami\u00f3n, el cliente recibi\u00f3 terapia para la zona lumbar y se le realiz\u00f3 un procedimiento m\u00ednimamente invasivo.<\/p>\n<p><strong>$176,000.00<\/strong>: Tras un accidente automovil\u00edstico, el cliente recibi\u00f3 terapia y posteriormente fue operado de la rodilla derecha.<\/p>\n<p><strong>$351,000.00<\/strong>: Un cliente mayor diab\u00e9tico se cay\u00f3 en un estacionamiento y sufri\u00f3 una lesi\u00f3n en el me\u00f1ique que se infect\u00f3, lo que le caus\u00f3 la muerte meses despu\u00e9s.<\/p>\n<p><strong>$100,000.00<\/strong>: El cliente recibi\u00f3 terapia en la mano derecha y cirug\u00eda en un dedo despu\u00e9s de un accidente automovil\u00edstico.<\/p>\n<p><strong>$250,000.00<\/strong>: El cliente fue atropellado por un veh\u00edculo mientras era peat\u00f3n y se le oper\u00f3 la rodilla, adem\u00e1s de recibir terapia.<\/p>\n<p><strong>$100,000.00<\/strong>: Despu\u00e9s de un accidente automovil\u00edstico, el cliente sufri\u00f3 raspaduras en la piel, dos dedos fracturados e hinchaz\u00f3n en el pie. Se le realiz\u00f3 terapia.<\/p>\n<p><strong>$130,000.00<\/strong>: Despu\u00e9s de un accidente automovil\u00edstico, el cliente recibi\u00f3 terapia y una cirug\u00eda m\u00ednimamente invasiva en la espalda baja.<\/p>\n<p><strong>$100,000.00<\/strong>: Despu\u00e9s de un accidente automovil\u00edstico, el cliente sufri\u00f3 una lesi\u00f3n en la espalda baja.<\/p>\n","protected":false},"excerpt":{"rendered":"<p>Cont\u00e1ctenos Casos Recientes Casos de Accidentes Resueltos, y por supuesto, \u00a1los clientes RECIBIERON SU PAGO! En el Bufete de Abogados Su\u00e1rez y Montero, Abogados de Accidentes de Auto en Miami.com, lucharemos con u\u00f1as y dientes por nuestros clientes. Nuestro OBJETIVO es que usted reciba el PAGO por sus lesiones. Por ello, a continuaci\u00f3n, presentamos una [&hellip;]<\/p>\n","protected":false},"author":2,"featured_media":0,"parent":0,"menu_order":0,"comment_status":"closed","ping_status":"closed","template":"","meta":{"footnotes":""},"class_list":["post-962","page","type-page","status-publish","hentry"],"yoast_head":"<!-- This site is optimized with the Yoast SEO plugin v27.1.1 - https:\/\/yoast.com\/product\/yoast-seo-wordpress\/ -->\n<title>Resultados del caso - Jaime Su\u00e1rez<\/title>\n<meta name=\"description\" content=\"Nuestra Miami abogados de lesiones est\u00e1n orgullosos de los resultados obtenidos en nombre de nuestro clientela. Nuestros abogados ayudaron a nuestros clientes para obtener la m\u00e1xima compensaci\u00f3n.\" \/>\n<meta name=\"robots\" content=\"index, follow, max-snippet:-1, max-image-preview:large, max-video-preview:-1\" \/>\n<link rel=\"canonical\" href=\"https:\/\/www.jaime-suarez.com\/es\/resultados-del-caso\/\" \/>\n<meta property=\"og:locale\" content=\"es_ES\" \/>\n<meta property=\"og:type\" content=\"article\" \/>\n<meta property=\"og:title\" content=\"Resultados del caso - Jaime Su\u00e1rez\" \/>\n<meta property=\"og:description\" content=\"Nuestra Miami abogados de lesiones est\u00e1n orgullosos de los resultados obtenidos en nombre de nuestro clientela. Nuestros abogados ayudaron a nuestros clientes para obtener la m\u00e1xima compensaci\u00f3n.\" \/>\n<meta property=\"og:url\" content=\"https:\/\/www.jaime-suarez.com\/es\/resultados-del-caso\/\" \/>\n<meta property=\"og:site_name\" content=\"Jaime Suarez\" \/>\n<meta property=\"article:modified_time\" content=\"2025-12-14T17:44:13+00:00\" \/>\n<meta name=\"twitter:card\" content=\"summary_large_image\" \/>\n<meta name=\"twitter:label1\" content=\"Tiempo de lectura\" \/>\n\t<meta name=\"twitter:data1\" content=\"3 minutos\" \/>\n<!-- \/ Yoast SEO plugin. -->","yoast_head_json":{"title":"Resultados del caso - Jaime Su\u00e1rez","description":"Nuestra Miami abogados de lesiones est\u00e1n orgullosos de los resultados obtenidos en nombre de nuestro clientela. Nuestros abogados ayudaron a nuestros clientes para obtener la m\u00e1xima compensaci\u00f3n.","robots":{"index":"index","follow":"follow","max-snippet":"max-snippet:-1","max-image-preview":"max-image-preview:large","max-video-preview":"max-video-preview:-1"},"canonical":"https:\/\/www.jaime-suarez.com\/es\/resultados-del-caso\/","og_locale":"es_ES","og_type":"article","og_title":"Resultados del caso - Jaime Su\u00e1rez","og_description":"Nuestra Miami abogados de lesiones est\u00e1n orgullosos de los resultados obtenidos en nombre de nuestro clientela. Nuestros abogados ayudaron a nuestros clientes para obtener la m\u00e1xima compensaci\u00f3n.","og_url":"https:\/\/www.jaime-suarez.com\/es\/resultados-del-caso\/","og_site_name":"Jaime Suarez","article_modified_time":"2025-12-14T17:44:13+00:00","twitter_card":"summary_large_image","twitter_misc":{"Tiempo de lectura":"3 minutos"},"schema":{"@context":"https:\/\/schema.org","@graph":[{"@type":"WebPage","@id":"https:\/\/www.jaime-suarez.com\/es\/resultados-del-caso\/","url":"https:\/\/www.jaime-suarez.com\/es\/resultados-del-caso\/","name":"Resultados del caso - Jaime Su\u00e1rez","isPartOf":{"@id":"https:\/\/www.jaime-suarez.com\/es\/#website"},"datePublished":"2025-11-25T16:42:41+00:00","dateModified":"2025-12-14T17:44:13+00:00","description":"Nuestra Miami abogados de lesiones est\u00e1n orgullosos de los resultados obtenidos en nombre de nuestro clientela. Nuestros abogados ayudaron a nuestros clientes para obtener la m\u00e1xima compensaci\u00f3n.","breadcrumb":{"@id":"https:\/\/www.jaime-suarez.com\/es\/resultados-del-caso\/#breadcrumb"},"inLanguage":"es","potentialAction":[{"@type":"ReadAction","target":["https:\/\/www.jaime-suarez.com\/es\/resultados-del-caso\/"]}]},{"@type":"BreadcrumbList","@id":"https:\/\/www.jaime-suarez.com\/es\/resultados-del-caso\/#breadcrumb","itemListElement":[{"@type":"ListItem","position":1,"name":"Home","item":"https:\/\/www.jaime-suarez.com\/es\/"},{"@type":"ListItem","position":2,"name":"Resultados del caso"}]},{"@type":"WebSite","@id":"https:\/\/www.jaime-suarez.com\/es\/#website","url":"https:\/\/www.jaime-suarez.com\/es\/","name":"Jaime Suarez","description":"Miami Injury Accident Attorney","publisher":{"@id":"https:\/\/www.jaime-suarez.com\/es\/#organization"},"potentialAction":[{"@type":"SearchAction","target":{"@type":"EntryPoint","urlTemplate":"https:\/\/www.jaime-suarez.com\/es\/?s={search_term_string}"},"query-input":{"@type":"PropertyValueSpecification","valueRequired":true,"valueName":"search_term_string"}}],"inLanguage":"es"},{"@type":"Organization","@id":"https:\/\/www.jaime-suarez.com\/es\/#organization","name":"Jaime Suarez","url":"https:\/\/www.jaime-suarez.com\/es\/","logo":{"@type":"ImageObject","inLanguage":"es","@id":"https:\/\/www.jaime-suarez.com\/es\/#\/schema\/logo\/image\/","url":"https:\/\/www.jaime-suarez.com\/wp-content\/uploads\/2025\/11\/jaime-suarez-logo.webp","contentUrl":"https:\/\/www.jaime-suarez.com\/wp-content\/uploads\/2025\/11\/jaime-suarez-logo.webp","width":900,"height":263,"caption":"Jaime Suarez"},"image":{"@id":"https:\/\/www.jaime-suarez.com\/es\/#\/schema\/logo\/image\/"}}]}},"_links":{"self":[{"href":"https:\/\/www.jaime-suarez.com\/es\/wp-json\/wp\/v2\/pages\/962","targetHints":{"allow":["GET"]}}],"collection":[{"href":"https:\/\/www.jaime-suarez.com\/es\/wp-json\/wp\/v2\/pages"}],"about":[{"href":"https:\/\/www.jaime-suarez.com\/es\/wp-json\/wp\/v2\/types\/page"}],"author":[{"embeddable":true,"href":"https:\/\/www.jaime-suarez.com\/es\/wp-json\/wp\/v2\/users\/2"}],"replies":[{"embeddable":true,"href":"https:\/\/www.jaime-suarez.com\/es\/wp-json\/wp\/v2\/comments?post=962"}],"version-history":[{"count":4,"href":"https:\/\/www.jaime-suarez.com\/es\/wp-json\/wp\/v2\/pages\/962\/revisions"}],"predecessor-version":[{"id":34191,"href":"https:\/\/www.jaime-suarez.com\/es\/wp-json\/wp\/v2\/pages\/962\/revisions\/34191"}],"wp:attachment":[{"href":"https:\/\/www.jaime-suarez.com\/es\/wp-json\/wp\/v2\/media?parent=962"}],"curies":[{"name":"wp","href":"https:\/\/api.w.org\/{rel}","templated":true}]}}